{"id":2,"date":"2020-10-22T07:32:51","date_gmt":"2020-10-22T07:32:51","guid":{"rendered":"http:\/\/89.166.51.80\/~saarijarven\/hameenmaen-osakaskunta\/?page_id=2"},"modified":"2026-04-29T16:58:35","modified_gmt":"2026-04-29T16:58:35","slug":"etusivu","status":"publish","type":"page","link":"https:\/\/saarijarvenreitinkalatalousalue.fi\/hiirola\/","title":{"rendered":"Etusivu"},"content":{"rendered":"\n<h2 class=\"wp-block-heading\">Tervetuloa Hiirolan&nbsp;osakaskuntaan<\/h2>\n\n\n\n<p><strong>Ajankohtaista<\/strong><\/p>\n\n\n\n<p>VUOSIKOKOUS 2026 on pidetty. Aineisto on p\u00e4ivitetty sivustolle.<\/p>\n\n\n\n<p><\/p>\n\n\n\n<p><strong>Ajantasaiset asiat ja p\u00e4\u00e4t\u00f6kset l\u00f6ytyv\u00e4t kohdista<\/strong>: <\/p>\n\n\n\n<div class=\"wp-block-group is-vertical is-layout-flex wp-container-core-group-is-layout-8cf370e7 wp-block-group-is-layout-flex\">\n<p>Hallinto<\/p>\n\n\n\n<p>Luvat<\/p>\n\n\n\n<p>P\u00e4\u00e4t\u00f6kset<\/p>\n<\/div>\n\n\n\n<p><\/p>\n\n\n\n<p><\/p>\n","protected":false},"excerpt":{"rendered":"<p>Tervetuloa Hiirolan&nbsp;osakaskuntaan <strong>Ajankohtaista<\/strong> VUOSIKOKOUS 2026 on pidetty. Aineisto on p\u00e4ivitetty sivustolle. <strong>Ajantasaiset asiat ja p\u00e4\u00e4t\u00f6kset l\u00f6ytyv\u00e4t kohdista<\/strong>: Hallinto Luvat P\u00e4\u00e4t\u00f6kset<\/p>\n","protected":false},"author":1,"featured_media":0,"parent":0,"menu_order":0,"comment_status":"closed","ping_status":"open","template":"","meta":{"_acf_changed":false,"footnotes":""},"class_list":["post-2","page","type-page","status-publish","hentry"],"acf":[],"yoast_head":"<!-- This site is optimized with the Yoast SEO plugin v27.1.1 - https:\/\/yoast.com\/product\/yoast-seo-wordpress\/ -->\n<title>Etusivu - Hiirolan osakaskunta<\/title>\n<meta name=\"robots\" content=\"index, follow, max-snippet:-1, max-image-preview:large, max-video-preview:-1\" \/>\n<link rel=\"canonical\" href=\"https:\/\/saarijarvenreitinkalatalousalue.fi\/hiirola\/\" \/>\n<meta property=\"og:locale\" content=\"fi_FI\" \/>\n<meta property=\"og:type\" content=\"article\" \/>\n<meta property=\"og:title\" content=\"Etusivu - Hiirolan osakaskunta\" \/>\n<meta property=\"og:description\" content=\"Tervetuloa Hiirolan&nbsp;osakaskuntaan Ajankohtaista VUOSIKOKOUS 2026 on pidetty. Aineisto on p\u00e4ivitetty sivustolle. Ajantasaiset asiat ja p\u00e4\u00e4t\u00f6kset l\u00f6ytyv\u00e4t kohdista: Hallinto Luvat P\u00e4\u00e4t\u00f6kset\" \/>\n<meta property=\"og:url\" content=\"https:\/\/saarijarvenreitinkalatalousalue.fi\/hiirola\/\" \/>\n<meta property=\"og:site_name\" content=\"Hiirolan osakaskunta\" \/>\n<meta property=\"article:modified_time\" content=\"2026-04-29T16:58:35+00:00\" \/>\n<meta name=\"twitter:card\" content=\"summary_large_image\" \/>\n<meta name=\"twitter:label1\" content=\"Arvioitu lukuaika\" \/>\n\t<meta name=\"twitter:data1\" content=\"1 minuutti\" \/>\n<script type=\"application\/ld+json\" class=\"yoast-schema-graph\">{\"@context\":\"https:\/\/schema.org\",\"@graph\":[{\"@type\":\"WebPage\",\"@id\":\"https:\/\/saarijarvenreitinkalatalousalue.fi\/hiirola\/\",\"url\":\"https:\/\/saarijarvenreitinkalatalousalue.fi\/hiirola\/\",\"name\":\"Etusivu - Hiirolan osakaskunta\",\"isPartOf\":{\"@id\":\"https:\/\/saarijarvenreitinkalatalousalue.fi\/hiirola\/#website\"},\"datePublished\":\"2020-10-22T07:32:51+00:00\",\"dateModified\":\"2026-04-29T16:58:35+00:00\",\"breadcrumb\":{\"@id\":\"https:\/\/saarijarvenreitinkalatalousalue.fi\/hiirola\/#breadcrumb\"},\"inLanguage\":\"fi\",\"potentialAction\":[{\"@type\":\"ReadAction\",\"target\":[\"https:\/\/saarijarvenreitinkalatalousalue.fi\/hiirola\/\"]}]},{\"@type\":\"BreadcrumbList\",\"@id\":\"https:\/\/saarijarvenreitinkalatalousalue.fi\/hiirola\/#breadcrumb\",\"itemListElement\":[{\"@type\":\"ListItem\",\"position\":1,\"name\":\"Home\",\"item\":\"https:\/\/saarijarvenreitinkalatalousalue.fi\/hiirola\/\"},{\"@type\":\"ListItem\",\"position\":2,\"name\":\"Etusivu\"}]},{\"@type\":\"WebSite\",\"@id\":\"https:\/\/saarijarvenreitinkalatalousalue.fi\/hiirola\/#website\",\"url\":\"https:\/\/saarijarvenreitinkalatalousalue.fi\/hiirola\/\",\"name\":\"Hiirolan osakaskunta\",\"description\":\"\",\"potentialAction\":[{\"@type\":\"SearchAction\",\"target\":{\"@type\":\"EntryPoint\",\"urlTemplate\":\"https:\/\/saarijarvenreitinkalatalousalue.fi\/hiirola\/?s={search_term_string}\"},\"query-input\":{\"@type\":\"PropertyValueSpecification\",\"valueRequired\":true,\"valueName\":\"search_term_string\"}}],\"inLanguage\":\"fi\"}]}<\/script>\n<!-- \/ Yoast SEO plugin. -->","yoast_head_json":{"title":"Etusivu - Hiirolan osakaskunta","robots":{"index":"index","follow":"follow","max-snippet":"max-snippet:-1","max-image-preview":"max-image-preview:large","max-video-preview":"max-video-preview:-1"},"canonical":"https:\/\/saarijarvenreitinkalatalousalue.fi\/hiirola\/","og_locale":"fi_FI","og_type":"article","og_title":"Etusivu - Hiirolan osakaskunta","og_description":"Tervetuloa Hiirolan&nbsp;osakaskuntaan Ajankohtaista VUOSIKOKOUS 2026 on pidetty. Aineisto on p\u00e4ivitetty sivustolle. Ajantasaiset asiat ja p\u00e4\u00e4t\u00f6kset l\u00f6ytyv\u00e4t kohdista: Hallinto Luvat P\u00e4\u00e4t\u00f6kset","og_url":"https:\/\/saarijarvenreitinkalatalousalue.fi\/hiirola\/","og_site_name":"Hiirolan osakaskunta","article_modified_time":"2026-04-29T16:58:35+00:00","twitter_card":"summary_large_image","twitter_misc":{"Arvioitu lukuaika":"1 minuutti"},"schema":{"@context":"https:\/\/schema.org","@graph":[{"@type":"WebPage","@id":"https:\/\/saarijarvenreitinkalatalousalue.fi\/hiirola\/","url":"https:\/\/saarijarvenreitinkalatalousalue.fi\/hiirola\/","name":"Etusivu - Hiirolan osakaskunta","isPartOf":{"@id":"https:\/\/saarijarvenreitinkalatalousalue.fi\/hiirola\/#website"},"datePublished":"2020-10-22T07:32:51+00:00","dateModified":"2026-04-29T16:58:35+00:00","breadcrumb":{"@id":"https:\/\/saarijarvenreitinkalatalousalue.fi\/hiirola\/#breadcrumb"},"inLanguage":"fi","potentialAction":[{"@type":"ReadAction","target":["https:\/\/saarijarvenreitinkalatalousalue.fi\/hiirola\/"]}]},{"@type":"BreadcrumbList","@id":"https:\/\/saarijarvenreitinkalatalousalue.fi\/hiirola\/#breadcrumb","itemListElement":[{"@type":"ListItem","position":1,"name":"Home","item":"https:\/\/saarijarvenreitinkalatalousalue.fi\/hiirola\/"},{"@type":"ListItem","position":2,"name":"Etusivu"}]},{"@type":"WebSite","@id":"https:\/\/saarijarvenreitinkalatalousalue.fi\/hiirola\/#website","url":"https:\/\/saarijarvenreitinkalatalousalue.fi\/hiirola\/","name":"Hiirolan osakaskunta","description":"","potentialAction":[{"@type":"SearchAction","target":{"@type":"EntryPoint","urlTemplate":"https:\/\/saarijarvenreitinkalatalousalue.fi\/hiirola\/?s={search_term_string}"},"query-input":{"@type":"PropertyValueSpecification","valueRequired":true,"valueName":"search_term_string"}}],"inLanguage":"fi"}]}},"_links":{"self":[{"href":"https:\/\/saarijarvenreitinkalatalousalue.fi\/hiirola\/wp-json\/wp\/v2\/pages\/2","targetHints":{"allow":["GET"]}}],"collection":[{"href":"https:\/\/saarijarvenreitinkalatalousalue.fi\/hiirola\/wp-json\/wp\/v2\/pages"}],"about":[{"href":"https:\/\/saarijarvenreitinkalatalousalue.fi\/hiirola\/wp-json\/wp\/v2\/types\/page"}],"author":[{"embeddable":true,"href":"https:\/\/saarijarvenreitinkalatalousalue.fi\/hiirola\/wp-json\/wp\/v2\/users\/1"}],"replies":[{"embeddable":true,"href":"https:\/\/saarijarvenreitinkalatalousalue.fi\/hiirola\/wp-json\/wp\/v2\/comments?post=2"}],"version-history":[{"count":42,"href":"https:\/\/saarijarvenreitinkalatalousalue.fi\/hiirola\/wp-json\/wp\/v2\/pages\/2\/revisions"}],"predecessor-version":[{"id":410,"href":"https:\/\/saarijarvenreitinkalatalousalue.fi\/hiirola\/wp-json\/wp\/v2\/pages\/2\/revisions\/410"}],"wp:attachment":[{"href":"https:\/\/saarijarvenreitinkalatalousalue.fi\/hiirola\/wp-json\/wp\/v2\/media?parent=2"}],"curies":[{"name":"wp","href":"https:\/\/api.w.org\/{rel}","templated":true}]}}