{"id":49,"date":"2020-10-29T09:51:51","date_gmt":"2020-10-29T09:51:51","guid":{"rendered":"http:\/\/89.166.51.80\/~saarijarven\/hameenmaen-osakaskunta\/?page_id=49"},"modified":"2026-04-29T17:12:22","modified_gmt":"2026-04-29T17:12:22","slug":"paatokset","status":"publish","type":"page","link":"https:\/\/saarijarvenreitinkalatalousalue.fi\/hiirola\/paatokset\/","title":{"rendered":"P\u00e4\u00e4t\u00f6kset"},"content":{"rendered":"\n<h2 class=\"wp-block-heading\">P\u00e4\u00e4t\u00f6kset<\/h2>\n\n\n\n<h3 class=\"wp-block-heading\">Rajoitukset 2026-2027<\/h3>\n\n\n\n<h4 class=\"wp-block-heading\">RAJOITUKSET HIIROLANOSAKASKUNNAN ALUEELLA:<\/h4>\n\n\n\n<p>Ravustus on kielletty Hiirolan osakakunnan alueella Simuna- j\u00e4rvess\u00e4, Pieni Niinij\u00e4rvess\u00e4 ja Akkoj\u00e4rvess\u00e4.<br>Vesilinnun mets\u00e4stys kielletty Hiirolan osakakunnan alueella Simuna-j\u00e4rvess\u00e4 ja Akkoj\u00e4rvess\u00e4<\/p>\n\n\n\n<h4 class=\"wp-block-heading\">VERKON SILM\u00c4HARVUUKSIEN RAJOITTAMINEN JA SAALISKALAN ALAMITAT:<\/h4>\n\n\n\n<p>Hiirolan osakaskunta rajoittaa talviverkon solmuv\u00e4lin # min. 45 mm.Kuhan alamitta on 45 cm.<\/p>\n\n\n\n<p><strong>Kilpailutoiminta:<\/strong><\/p>\n\n\n\n<p>Osakaskunnan vesialueella j\u00e4rjestett\u00e4vist\u00e4 kilpailuista tulee saada osakaskunnalta lupa. <\/p>\n\n\n\n<p>Lis\u00e4ksi kilpailua varten tulee suorittaa korvaus vesialueen omistajalle seuraavasti:<\/p>\n\n\n\n<ul class=\"wp-block-list\">\n<li>kilpailutapahtuma osallistujam\u00e4\u00e4r\u00e4 1-20 hl\u00f6 = 20 \u20ac \/ tapahtuma<\/li>\n\n\n\n<li>kilpailutapahtuma osallistujam\u00e4\u00e4r\u00e4 21-40 hl\u00f6 = 40 \u20ac \/ tapahtuma<\/li>\n\n\n\n<li>kilpailutapahtuma osallistujam\u00e4\u00e4r\u00e4 41-99 hl\u00f6 = 60 \u20ac \/ tapahtuma<\/li>\n\n\n\n<li>kilpailutapahtuma osallistujam\u00e4\u00e4r\u00e4 yli 100 hl\u00f6 = 100 \u20ac \/ tapahtuma<\/li>\n<\/ul>\n","protected":false},"excerpt":{"rendered":"<p>P\u00e4\u00e4t\u00f6kset Rajoitukset 2026-2027 RAJOITUKSET HIIROLANOSAKASKUNNAN ALUEELLA: Ravustus on kielletty Hiirolan osakakunnan alueella Simuna- j\u00e4rvess\u00e4, Pieni Niinij\u00e4rvess\u00e4 ja Akkoj\u00e4rvess\u00e4.Vesilinnun mets\u00e4stys kielletty Hiirolan osakakunnan alueella Simuna-j\u00e4rvess\u00e4 ja Akkoj\u00e4rvess\u00e4 VERKON SILM\u00c4HARVUUKSIEN RAJOITTAMINEN JA SAALISKALAN ALAMITAT: Hiirolan osakaskunta rajoittaa talviverkon solmuv\u00e4lin # min. 45 mm.Kuhan alamitta on 45 cm.<\/p>\n<p><a class=\"moretag\" href=\"https:\/\/saarijarvenreitinkalatalousalue.fi\/hiirola\/paatokset\/\"> Lue lis\u00e4\u00e4 ><\/a><\/p>\n","protected":false},"author":1,"featured_media":0,"parent":0,"menu_order":0,"comment_status":"closed","ping_status":"closed","template":"basic-sivu.php","meta":{"_acf_changed":false,"footnotes":""},"class_list":["post-49","page","type-page","status-publish","hentry"],"acf":[],"yoast_head":"<!-- This site is optimized with the Yoast SEO plugin v27.1.1 - https:\/\/yoast.com\/product\/yoast-seo-wordpress\/ -->\n<title>P\u00e4\u00e4t\u00f6kset - Hiirolan osakaskunta<\/title>\n<meta name=\"robots\" content=\"index, follow, max-snippet:-1, max-image-preview:large, max-video-preview:-1\" \/>\n<link rel=\"canonical\" href=\"https:\/\/saarijarvenreitinkalatalousalue.fi\/hiirola\/paatokset\/\" \/>\n<meta property=\"og:locale\" content=\"fi_FI\" \/>\n<meta property=\"og:type\" content=\"article\" \/>\n<meta property=\"og:title\" content=\"P\u00e4\u00e4t\u00f6kset - Hiirolan osakaskunta\" \/>\n<meta property=\"og:description\" content=\"P\u00e4\u00e4t\u00f6kset Rajoitukset 2026-2027 RAJOITUKSET HIIROLANOSAKASKUNNAN ALUEELLA: Ravustus on kielletty Hiirolan osakakunnan alueella Simuna- j\u00e4rvess\u00e4, Pieni Niinij\u00e4rvess\u00e4 ja Akkoj\u00e4rvess\u00e4.Vesilinnun mets\u00e4stys kielletty Hiirolan osakakunnan alueella Simuna-j\u00e4rvess\u00e4 ja Akkoj\u00e4rvess\u00e4 VERKON SILM\u00c4HARVUUKSIEN RAJOITTAMINEN JA SAALISKALAN ALAMITAT: Hiirolan osakaskunta rajoittaa talviverkon solmuv\u00e4lin # min. 45 mm.Kuhan alamitta on 45 cm. Lue lis\u00e4\u00e4 &gt;\" \/>\n<meta property=\"og:url\" content=\"https:\/\/saarijarvenreitinkalatalousalue.fi\/hiirola\/paatokset\/\" \/>\n<meta property=\"og:site_name\" content=\"Hiirolan osakaskunta\" \/>\n<meta property=\"article:modified_time\" content=\"2026-04-29T17:12:22+00:00\" \/>\n<meta name=\"twitter:card\" content=\"summary_large_image\" \/>\n<meta name=\"twitter:label1\" content=\"Arvioitu lukuaika\" \/>\n\t<meta name=\"twitter:data1\" content=\"1 minuutti\" \/>\n<script type=\"application\/ld+json\" class=\"yoast-schema-graph\">{\"@context\":\"https:\/\/schema.org\",\"@graph\":[{\"@type\":\"WebPage\",\"@id\":\"https:\/\/saarijarvenreitinkalatalousalue.fi\/hiirola\/paatokset\/\",\"url\":\"https:\/\/saarijarvenreitinkalatalousalue.fi\/hiirola\/paatokset\/\",\"name\":\"P\u00e4\u00e4t\u00f6kset - Hiirolan osakaskunta\",\"isPartOf\":{\"@id\":\"https:\/\/saarijarvenreitinkalatalousalue.fi\/hiirola\/#website\"},\"datePublished\":\"2020-10-29T09:51:51+00:00\",\"dateModified\":\"2026-04-29T17:12:22+00:00\",\"breadcrumb\":{\"@id\":\"https:\/\/saarijarvenreitinkalatalousalue.fi\/hiirola\/paatokset\/#breadcrumb\"},\"inLanguage\":\"fi\",\"potentialAction\":[{\"@type\":\"ReadAction\",\"target\":[\"https:\/\/saarijarvenreitinkalatalousalue.fi\/hiirola\/paatokset\/\"]}]},{\"@type\":\"BreadcrumbList\",\"@id\":\"https:\/\/saarijarvenreitinkalatalousalue.fi\/hiirola\/paatokset\/#breadcrumb\",\"itemListElement\":[{\"@type\":\"ListItem\",\"position\":1,\"name\":\"Home\",\"item\":\"https:\/\/saarijarvenreitinkalatalousalue.fi\/hiirola\/\"},{\"@type\":\"ListItem\",\"position\":2,\"name\":\"P\u00e4\u00e4t\u00f6kset\"}]},{\"@type\":\"WebSite\",\"@id\":\"https:\/\/saarijarvenreitinkalatalousalue.fi\/hiirola\/#website\",\"url\":\"https:\/\/saarijarvenreitinkalatalousalue.fi\/hiirola\/\",\"name\":\"Hiirolan osakaskunta\",\"description\":\"\",\"potentialAction\":[{\"@type\":\"SearchAction\",\"target\":{\"@type\":\"EntryPoint\",\"urlTemplate\":\"https:\/\/saarijarvenreitinkalatalousalue.fi\/hiirola\/?s={search_term_string}\"},\"query-input\":{\"@type\":\"PropertyValueSpecification\",\"valueRequired\":true,\"valueName\":\"search_term_string\"}}],\"inLanguage\":\"fi\"}]}<\/script>\n<!-- \/ Yoast SEO plugin. -->","yoast_head_json":{"title":"P\u00e4\u00e4t\u00f6kset - Hiirolan osakaskunta","robots":{"index":"index","follow":"follow","max-snippet":"max-snippet:-1","max-image-preview":"max-image-preview:large","max-video-preview":"max-video-preview:-1"},"canonical":"https:\/\/saarijarvenreitinkalatalousalue.fi\/hiirola\/paatokset\/","og_locale":"fi_FI","og_type":"article","og_title":"P\u00e4\u00e4t\u00f6kset - Hiirolan osakaskunta","og_description":"P\u00e4\u00e4t\u00f6kset Rajoitukset 2026-2027 RAJOITUKSET HIIROLANOSAKASKUNNAN ALUEELLA: Ravustus on kielletty Hiirolan osakakunnan alueella Simuna- j\u00e4rvess\u00e4, Pieni Niinij\u00e4rvess\u00e4 ja Akkoj\u00e4rvess\u00e4.Vesilinnun mets\u00e4stys kielletty Hiirolan osakakunnan alueella Simuna-j\u00e4rvess\u00e4 ja Akkoj\u00e4rvess\u00e4 VERKON SILM\u00c4HARVUUKSIEN RAJOITTAMINEN JA SAALISKALAN ALAMITAT: Hiirolan osakaskunta rajoittaa talviverkon solmuv\u00e4lin # min. 45 mm.Kuhan alamitta on 45 cm. Lue lis\u00e4\u00e4 >","og_url":"https:\/\/saarijarvenreitinkalatalousalue.fi\/hiirola\/paatokset\/","og_site_name":"Hiirolan osakaskunta","article_modified_time":"2026-04-29T17:12:22+00:00","twitter_card":"summary_large_image","twitter_misc":{"Arvioitu lukuaika":"1 minuutti"},"schema":{"@context":"https:\/\/schema.org","@graph":[{"@type":"WebPage","@id":"https:\/\/saarijarvenreitinkalatalousalue.fi\/hiirola\/paatokset\/","url":"https:\/\/saarijarvenreitinkalatalousalue.fi\/hiirola\/paatokset\/","name":"P\u00e4\u00e4t\u00f6kset - Hiirolan osakaskunta","isPartOf":{"@id":"https:\/\/saarijarvenreitinkalatalousalue.fi\/hiirola\/#website"},"datePublished":"2020-10-29T09:51:51+00:00","dateModified":"2026-04-29T17:12:22+00:00","breadcrumb":{"@id":"https:\/\/saarijarvenreitinkalatalousalue.fi\/hiirola\/paatokset\/#breadcrumb"},"inLanguage":"fi","potentialAction":[{"@type":"ReadAction","target":["https:\/\/saarijarvenreitinkalatalousalue.fi\/hiirola\/paatokset\/"]}]},{"@type":"BreadcrumbList","@id":"https:\/\/saarijarvenreitinkalatalousalue.fi\/hiirola\/paatokset\/#breadcrumb","itemListElement":[{"@type":"ListItem","position":1,"name":"Home","item":"https:\/\/saarijarvenreitinkalatalousalue.fi\/hiirola\/"},{"@type":"ListItem","position":2,"name":"P\u00e4\u00e4t\u00f6kset"}]},{"@type":"WebSite","@id":"https:\/\/saarijarvenreitinkalatalousalue.fi\/hiirola\/#website","url":"https:\/\/saarijarvenreitinkalatalousalue.fi\/hiirola\/","name":"Hiirolan osakaskunta","description":"","potentialAction":[{"@type":"SearchAction","target":{"@type":"EntryPoint","urlTemplate":"https:\/\/saarijarvenreitinkalatalousalue.fi\/hiirola\/?s={search_term_string}"},"query-input":{"@type":"PropertyValueSpecification","valueRequired":true,"valueName":"search_term_string"}}],"inLanguage":"fi"}]}},"_links":{"self":[{"href":"https:\/\/saarijarvenreitinkalatalousalue.fi\/hiirola\/wp-json\/wp\/v2\/pages\/49","targetHints":{"allow":["GET"]}}],"collection":[{"href":"https:\/\/saarijarvenreitinkalatalousalue.fi\/hiirola\/wp-json\/wp\/v2\/pages"}],"about":[{"href":"https:\/\/saarijarvenreitinkalatalousalue.fi\/hiirola\/wp-json\/wp\/v2\/types\/page"}],"author":[{"embeddable":true,"href":"https:\/\/saarijarvenreitinkalatalousalue.fi\/hiirola\/wp-json\/wp\/v2\/users\/1"}],"replies":[{"embeddable":true,"href":"https:\/\/saarijarvenreitinkalatalousalue.fi\/hiirola\/wp-json\/wp\/v2\/comments?post=49"}],"version-history":[{"count":15,"href":"https:\/\/saarijarvenreitinkalatalousalue.fi\/hiirola\/wp-json\/wp\/v2\/pages\/49\/revisions"}],"predecessor-version":[{"id":423,"href":"https:\/\/saarijarvenreitinkalatalousalue.fi\/hiirola\/wp-json\/wp\/v2\/pages\/49\/revisions\/423"}],"wp:attachment":[{"href":"https:\/\/saarijarvenreitinkalatalousalue.fi\/hiirola\/wp-json\/wp\/v2\/media?parent=49"}],"curies":[{"name":"wp","href":"https:\/\/api.w.org\/{rel}","templated":true}]}}