{"id":86,"date":"2020-10-29T11:39:36","date_gmt":"2020-10-29T11:39:36","guid":{"rendered":"http:\/\/89.166.51.80\/~saarijarven\/hameenmaen-osakaskunta\/?page_id=86"},"modified":"2026-04-29T17:05:33","modified_gmt":"2026-04-29T17:05:33","slug":"lupamaksut-ja-ohjeet","status":"publish","type":"page","link":"https:\/\/saarijarvenreitinkalatalousalue.fi\/hiirola\/luvat\/lupamaksut-ja-ohjeet\/","title":{"rendered":"Lupamaksut ja ohjeet, kilpailumaksut"},"content":{"rendered":"\n<h2 class=\"wp-block-heading\">Lupamaksut ja ohjeet, kilpailumaksut<\/h2>\n\n\n\n<p>Lupaohje 2026 on ladattavissa alla olevasta linkist\u00e4 klikkaamalla.<\/p>\n\n\n\n<p><a href=\"https:\/\/saarijarvenreitinkalatalousalue.fi\/hiirola\/wp-content\/uploads\/sites\/33\/2026\/04\/LUPAOHJE-Hiirola-2026.pdf\">LUPAOHJE-Hiirola-2026<\/a><\/p>\n\n\n\n<p>Lupahankinnalla edist\u00e4t kalastusalueen toimintaa ja kalanpoikasten istutusten jatkuvuutta.<\/p>\n\n\n\n<p>Osakaskunnan vesialueilla j\u00e4rjestett\u00e4vist\u00e4 kilpailuista tulee saada osakaskunnan lupa ja siihen liittyen tulee suorittaa korvaus vesialueen k\u00e4yt\u00f6st\u00e4 kilpailutoimintaan vuosikokouksessa p\u00e4\u00e4tetyn korvaustaulukon mukaisesti. Katso <a href=\"https:\/\/saarijarvenreitinkalatalousalue.fi\/hiirola\/wp-content\/uploads\/sites\/33\/2026\/04\/Vuosikokous-2026-poytakirja.pdf\">p\u00f6yt\u00e4kirja<\/a> kohta 13.<\/p>\n\n\n\n<p><\/p>\n","protected":false},"excerpt":{"rendered":"<p>Lupamaksut ja ohjeet, kilpailumaksut Lupaohje 2026 on ladattavissa alla olevasta linkist\u00e4 klikkaamalla. <a href=\"https:\/\/saarijarvenreitinkalatalousalue.fi\/hiirola\/wp-content\/uploads\/sites\/33\/2026\/04\/LUPAOHJE-Hiirola-2026.pdf\">LUPAOHJE-Hiirola-2026<\/a> Lupahankinnalla edist\u00e4t kalastusalueen toimintaa ja kalanpoikasten istutusten jatkuvuutta. Osakaskunnan vesialueilla j\u00e4rjestett\u00e4vist\u00e4 kilpailuista tulee saada osakaskunnan lupa ja siihen liittyen tulee suorittaa korvaus vesialueen k\u00e4yt\u00f6st\u00e4 kilpailutoimintaan vuosikokouksessa p\u00e4\u00e4tetyn korvaustaulukon mukaisesti. Katso <a\n\n<p><a class=\"moretag\" href=\"https:\/\/saarijarvenreitinkalatalousalue.fi\/hiirola\/luvat\/lupamaksut-ja-ohjeet\/\"> Lue lis\u00e4\u00e4 ><\/a><\/p>\n","protected":false},"author":1,"featured_media":0,"parent":45,"menu_order":0,"comment_status":"closed","ping_status":"closed","template":"basic-sivu.php","meta":{"_acf_changed":false,"footnotes":""},"class_list":["post-86","page","type-page","status-publish","hentry"],"acf":[],"yoast_head":"<!-- This site is optimized with the Yoast SEO plugin v27.1.1 - https:\/\/yoast.com\/product\/yoast-seo-wordpress\/ -->\n<title>Lupamaksut ja ohjeet, kilpailumaksut - Hiirolan osakaskunta<\/title>\n<meta name=\"robots\" content=\"index, follow, max-snippet:-1, max-image-preview:large, max-video-preview:-1\" \/>\n<link rel=\"canonical\" href=\"https:\/\/saarijarvenreitinkalatalousalue.fi\/hiirola\/luvat\/lupamaksut-ja-ohjeet\/\" \/>\n<meta property=\"og:locale\" content=\"fi_FI\" \/>\n<meta property=\"og:type\" content=\"article\" \/>\n<meta property=\"og:title\" content=\"Lupamaksut ja ohjeet, kilpailumaksut - Hiirolan osakaskunta\" \/>\n<meta property=\"og:description\" content=\"Lupamaksut ja ohjeet, kilpailumaksut Lupaohje 2026 on ladattavissa alla olevasta linkist\u00e4 klikkaamalla. LUPAOHJE-Hiirola-2026 Lupahankinnalla edist\u00e4t kalastusalueen toimintaa ja kalanpoikasten istutusten jatkuvuutta. Osakaskunnan vesialueilla j\u00e4rjestett\u00e4vist\u00e4 kilpailuista tulee saada osakaskunnan lupa ja siihen liittyen tulee suorittaa korvaus vesialueen k\u00e4yt\u00f6st\u00e4 kilpailutoimintaan vuosikokouksessa p\u00e4\u00e4tetyn korvaustaulukon mukaisesti. Katso\" \/>\n<meta property=\"og:url\" content=\"https:\/\/saarijarvenreitinkalatalousalue.fi\/hiirola\/luvat\/lupamaksut-ja-ohjeet\/\" \/>\n<meta property=\"og:site_name\" content=\"Hiirolan osakaskunta\" \/>\n<meta property=\"article:modified_time\" content=\"2026-04-29T17:05:33+00:00\" \/>\n<meta name=\"twitter:card\" content=\"summary_large_image\" \/>\n<meta name=\"twitter:label1\" content=\"Arvioitu lukuaika\" \/>\n\t<meta name=\"twitter:data1\" content=\"1 minuutti\" \/>\n<script type=\"application\/ld+json\" class=\"yoast-schema-graph\">{\"@context\":\"https:\/\/schema.org\",\"@graph\":[{\"@type\":\"WebPage\",\"@id\":\"https:\/\/saarijarvenreitinkalatalousalue.fi\/hiirola\/luvat\/lupamaksut-ja-ohjeet\/\",\"url\":\"https:\/\/saarijarvenreitinkalatalousalue.fi\/hiirola\/luvat\/lupamaksut-ja-ohjeet\/\",\"name\":\"Lupamaksut ja ohjeet, kilpailumaksut - Hiirolan osakaskunta\",\"isPartOf\":{\"@id\":\"https:\/\/saarijarvenreitinkalatalousalue.fi\/hiirola\/#website\"},\"datePublished\":\"2020-10-29T11:39:36+00:00\",\"dateModified\":\"2026-04-29T17:05:33+00:00\",\"breadcrumb\":{\"@id\":\"https:\/\/saarijarvenreitinkalatalousalue.fi\/hiirola\/luvat\/lupamaksut-ja-ohjeet\/#breadcrumb\"},\"inLanguage\":\"fi\",\"potentialAction\":[{\"@type\":\"ReadAction\",\"target\":[\"https:\/\/saarijarvenreitinkalatalousalue.fi\/hiirola\/luvat\/lupamaksut-ja-ohjeet\/\"]}]},{\"@type\":\"BreadcrumbList\",\"@id\":\"https:\/\/saarijarvenreitinkalatalousalue.fi\/hiirola\/luvat\/lupamaksut-ja-ohjeet\/#breadcrumb\",\"itemListElement\":[{\"@type\":\"ListItem\",\"position\":1,\"name\":\"Home\",\"item\":\"https:\/\/saarijarvenreitinkalatalousalue.fi\/hiirola\/\"},{\"@type\":\"ListItem\",\"position\":2,\"name\":\"Luvat\",\"item\":\"https:\/\/saarijarvenreitinkalatalousalue.fi\/hiirola\/luvat\/\"},{\"@type\":\"ListItem\",\"position\":3,\"name\":\"Lupamaksut ja ohjeet, kilpailumaksut\"}]},{\"@type\":\"WebSite\",\"@id\":\"https:\/\/saarijarvenreitinkalatalousalue.fi\/hiirola\/#website\",\"url\":\"https:\/\/saarijarvenreitinkalatalousalue.fi\/hiirola\/\",\"name\":\"Hiirolan osakaskunta\",\"description\":\"\",\"potentialAction\":[{\"@type\":\"SearchAction\",\"target\":{\"@type\":\"EntryPoint\",\"urlTemplate\":\"https:\/\/saarijarvenreitinkalatalousalue.fi\/hiirola\/?s={search_term_string}\"},\"query-input\":{\"@type\":\"PropertyValueSpecification\",\"valueRequired\":true,\"valueName\":\"search_term_string\"}}],\"inLanguage\":\"fi\"}]}<\/script>\n<!-- \/ Yoast SEO plugin. -->","yoast_head_json":{"title":"Lupamaksut ja ohjeet, kilpailumaksut - Hiirolan osakaskunta","robots":{"index":"index","follow":"follow","max-snippet":"max-snippet:-1","max-image-preview":"max-image-preview:large","max-video-preview":"max-video-preview:-1"},"canonical":"https:\/\/saarijarvenreitinkalatalousalue.fi\/hiirola\/luvat\/lupamaksut-ja-ohjeet\/","og_locale":"fi_FI","og_type":"article","og_title":"Lupamaksut ja ohjeet, kilpailumaksut - Hiirolan osakaskunta","og_description":"Lupamaksut ja ohjeet, kilpailumaksut Lupaohje 2026 on ladattavissa alla olevasta linkist\u00e4 klikkaamalla. LUPAOHJE-Hiirola-2026 Lupahankinnalla edist\u00e4t kalastusalueen toimintaa ja kalanpoikasten istutusten jatkuvuutta. Osakaskunnan vesialueilla j\u00e4rjestett\u00e4vist\u00e4 kilpailuista tulee saada osakaskunnan lupa ja siihen liittyen tulee suorittaa korvaus vesialueen k\u00e4yt\u00f6st\u00e4 kilpailutoimintaan vuosikokouksessa p\u00e4\u00e4tetyn korvaustaulukon mukaisesti. Katso","og_url":"https:\/\/saarijarvenreitinkalatalousalue.fi\/hiirola\/luvat\/lupamaksut-ja-ohjeet\/","og_site_name":"Hiirolan osakaskunta","article_modified_time":"2026-04-29T17:05:33+00:00","twitter_card":"summary_large_image","twitter_misc":{"Arvioitu lukuaika":"1 minuutti"},"schema":{"@context":"https:\/\/schema.org","@graph":[{"@type":"WebPage","@id":"https:\/\/saarijarvenreitinkalatalousalue.fi\/hiirola\/luvat\/lupamaksut-ja-ohjeet\/","url":"https:\/\/saarijarvenreitinkalatalousalue.fi\/hiirola\/luvat\/lupamaksut-ja-ohjeet\/","name":"Lupamaksut ja ohjeet, kilpailumaksut - Hiirolan osakaskunta","isPartOf":{"@id":"https:\/\/saarijarvenreitinkalatalousalue.fi\/hiirola\/#website"},"datePublished":"2020-10-29T11:39:36+00:00","dateModified":"2026-04-29T17:05:33+00:00","breadcrumb":{"@id":"https:\/\/saarijarvenreitinkalatalousalue.fi\/hiirola\/luvat\/lupamaksut-ja-ohjeet\/#breadcrumb"},"inLanguage":"fi","potentialAction":[{"@type":"ReadAction","target":["https:\/\/saarijarvenreitinkalatalousalue.fi\/hiirola\/luvat\/lupamaksut-ja-ohjeet\/"]}]},{"@type":"BreadcrumbList","@id":"https:\/\/saarijarvenreitinkalatalousalue.fi\/hiirola\/luvat\/lupamaksut-ja-ohjeet\/#breadcrumb","itemListElement":[{"@type":"ListItem","position":1,"name":"Home","item":"https:\/\/saarijarvenreitinkalatalousalue.fi\/hiirola\/"},{"@type":"ListItem","position":2,"name":"Luvat","item":"https:\/\/saarijarvenreitinkalatalousalue.fi\/hiirola\/luvat\/"},{"@type":"ListItem","position":3,"name":"Lupamaksut ja ohjeet, kilpailumaksut"}]},{"@type":"WebSite","@id":"https:\/\/saarijarvenreitinkalatalousalue.fi\/hiirola\/#website","url":"https:\/\/saarijarvenreitinkalatalousalue.fi\/hiirola\/","name":"Hiirolan osakaskunta","description":"","potentialAction":[{"@type":"SearchAction","target":{"@type":"EntryPoint","urlTemplate":"https:\/\/saarijarvenreitinkalatalousalue.fi\/hiirola\/?s={search_term_string}"},"query-input":{"@type":"PropertyValueSpecification","valueRequired":true,"valueName":"search_term_string"}}],"inLanguage":"fi"}]}},"_links":{"self":[{"href":"https:\/\/saarijarvenreitinkalatalousalue.fi\/hiirola\/wp-json\/wp\/v2\/pages\/86","targetHints":{"allow":["GET"]}}],"collection":[{"href":"https:\/\/saarijarvenreitinkalatalousalue.fi\/hiirola\/wp-json\/wp\/v2\/pages"}],"about":[{"href":"https:\/\/saarijarvenreitinkalatalousalue.fi\/hiirola\/wp-json\/wp\/v2\/types\/page"}],"author":[{"embeddable":true,"href":"https:\/\/saarijarvenreitinkalatalousalue.fi\/hiirola\/wp-json\/wp\/v2\/users\/1"}],"replies":[{"embeddable":true,"href":"https:\/\/saarijarvenreitinkalatalousalue.fi\/hiirola\/wp-json\/wp\/v2\/comments?post=86"}],"version-history":[{"count":28,"href":"https:\/\/saarijarvenreitinkalatalousalue.fi\/hiirola\/wp-json\/wp\/v2\/pages\/86\/revisions"}],"predecessor-version":[{"id":418,"href":"https:\/\/saarijarvenreitinkalatalousalue.fi\/hiirola\/wp-json\/wp\/v2\/pages\/86\/revisions\/418"}],"up":[{"embeddable":true,"href":"https:\/\/saarijarvenreitinkalatalousalue.fi\/hiirola\/wp-json\/wp\/v2\/pages\/45"}],"wp:attachment":[{"href":"https:\/\/saarijarvenreitinkalatalousalue.fi\/hiirola\/wp-json\/wp\/v2\/media?parent=86"}],"curies":[{"name":"wp","href":"https:\/\/api.w.org\/{rel}","templated":true}]}}