{"id":90,"date":"2020-10-29T11:42:18","date_gmt":"2020-10-29T11:42:18","guid":{"rendered":"http:\/\/89.166.51.80\/~saarijarven\/hameenmaen-osakaskunta\/?page_id=90"},"modified":"2026-04-29T17:15:26","modified_gmt":"2026-04-29T17:15:26","slug":"luvanmyyjat-ja-lupakartta","status":"publish","type":"page","link":"https:\/\/saarijarvenreitinkalatalousalue.fi\/hiirola\/luvat\/luvanmyyjat-ja-lupakartta\/","title":{"rendered":"Luvanmyyj\u00e4t ja lupakartta"},"content":{"rendered":"\n<h2 class=\"wp-block-heading\">Luvanmyyj\u00e4t<\/h2>\n\n\n\n<p><strong>Luvanmyyj\u00e4 2026<\/strong><\/p>\n\n\n\n<p>Tomi Ahonen<br>Pirttim\u00e4entie 748<br>41210 Jokihaara<br>p. 050-5935719<\/p>\n\n\n\n<p><\/p>\n\n\n\n<h2 class=\"wp-block-heading\">Lupakartta<\/h2>\n\n\n\n<p>Osakaskunnan maksullinen lupakartta on saatavilla maanmittauslaitokselta omakustanteisesti.<\/p>\n","protected":false},"excerpt":{"rendered":"<p>Luvanmyyj\u00e4t <strong>Luvanmyyj\u00e4 2026<\/strong> Tomi AhonenPirttim\u00e4entie 74841210 Jokihaarap. 050-5935719 Lupakartta Osakaskunnan maksullinen lupakartta on saatavilla maanmittauslaitokselta omakustanteisesti.<\/p>\n","protected":false},"author":1,"featured_media":0,"parent":45,"menu_order":0,"comment_status":"closed","ping_status":"closed","template":"basic-sivu.php","meta":{"_acf_changed":false,"footnotes":""},"class_list":["post-90","page","type-page","status-publish","hentry"],"acf":[],"yoast_head":"<!-- This site is optimized with the Yoast SEO plugin v27.1.1 - https:\/\/yoast.com\/product\/yoast-seo-wordpress\/ -->\n<title>Luvanmyyj\u00e4t ja lupakartta - Hiirolan osakaskunta<\/title>\n<meta name=\"robots\" content=\"index, follow, max-snippet:-1, max-image-preview:large, max-video-preview:-1\" \/>\n<link rel=\"canonical\" href=\"https:\/\/saarijarvenreitinkalatalousalue.fi\/hiirola\/luvat\/luvanmyyjat-ja-lupakartta\/\" \/>\n<meta property=\"og:locale\" content=\"fi_FI\" \/>\n<meta property=\"og:type\" content=\"article\" \/>\n<meta property=\"og:title\" content=\"Luvanmyyj\u00e4t ja lupakartta - Hiirolan osakaskunta\" \/>\n<meta property=\"og:description\" content=\"Luvanmyyj\u00e4t Luvanmyyj\u00e4 2026 Tomi AhonenPirttim\u00e4entie 74841210 Jokihaarap. 050-5935719 Lupakartta Osakaskunnan maksullinen lupakartta on saatavilla maanmittauslaitokselta omakustanteisesti.\" \/>\n<meta property=\"og:url\" content=\"https:\/\/saarijarvenreitinkalatalousalue.fi\/hiirola\/luvat\/luvanmyyjat-ja-lupakartta\/\" \/>\n<meta property=\"og:site_name\" content=\"Hiirolan osakaskunta\" \/>\n<meta property=\"article:modified_time\" content=\"2026-04-29T17:15:26+00:00\" \/>\n<meta name=\"twitter:card\" content=\"summary_large_image\" \/>\n<meta name=\"twitter:label1\" content=\"Arvioitu lukuaika\" \/>\n\t<meta name=\"twitter:data1\" content=\"1 minuutti\" \/>\n<script type=\"application\/ld+json\" class=\"yoast-schema-graph\">{\"@context\":\"https:\/\/schema.org\",\"@graph\":[{\"@type\":\"WebPage\",\"@id\":\"https:\/\/saarijarvenreitinkalatalousalue.fi\/hiirola\/luvat\/luvanmyyjat-ja-lupakartta\/\",\"url\":\"https:\/\/saarijarvenreitinkalatalousalue.fi\/hiirola\/luvat\/luvanmyyjat-ja-lupakartta\/\",\"name\":\"Luvanmyyj\u00e4t ja lupakartta - Hiirolan osakaskunta\",\"isPartOf\":{\"@id\":\"https:\/\/saarijarvenreitinkalatalousalue.fi\/hiirola\/#website\"},\"datePublished\":\"2020-10-29T11:42:18+00:00\",\"dateModified\":\"2026-04-29T17:15:26+00:00\",\"breadcrumb\":{\"@id\":\"https:\/\/saarijarvenreitinkalatalousalue.fi\/hiirola\/luvat\/luvanmyyjat-ja-lupakartta\/#breadcrumb\"},\"inLanguage\":\"fi\",\"potentialAction\":[{\"@type\":\"ReadAction\",\"target\":[\"https:\/\/saarijarvenreitinkalatalousalue.fi\/hiirola\/luvat\/luvanmyyjat-ja-lupakartta\/\"]}]},{\"@type\":\"BreadcrumbList\",\"@id\":\"https:\/\/saarijarvenreitinkalatalousalue.fi\/hiirola\/luvat\/luvanmyyjat-ja-lupakartta\/#breadcrumb\",\"itemListElement\":[{\"@type\":\"ListItem\",\"position\":1,\"name\":\"Home\",\"item\":\"https:\/\/saarijarvenreitinkalatalousalue.fi\/hiirola\/\"},{\"@type\":\"ListItem\",\"position\":2,\"name\":\"Luvat\",\"item\":\"https:\/\/saarijarvenreitinkalatalousalue.fi\/hiirola\/luvat\/\"},{\"@type\":\"ListItem\",\"position\":3,\"name\":\"Luvanmyyj\u00e4t ja lupakartta\"}]},{\"@type\":\"WebSite\",\"@id\":\"https:\/\/saarijarvenreitinkalatalousalue.fi\/hiirola\/#website\",\"url\":\"https:\/\/saarijarvenreitinkalatalousalue.fi\/hiirola\/\",\"name\":\"Hiirolan osakaskunta\",\"description\":\"\",\"potentialAction\":[{\"@type\":\"SearchAction\",\"target\":{\"@type\":\"EntryPoint\",\"urlTemplate\":\"https:\/\/saarijarvenreitinkalatalousalue.fi\/hiirola\/?s={search_term_string}\"},\"query-input\":{\"@type\":\"PropertyValueSpecification\",\"valueRequired\":true,\"valueName\":\"search_term_string\"}}],\"inLanguage\":\"fi\"}]}<\/script>\n<!-- \/ Yoast SEO plugin. -->","yoast_head_json":{"title":"Luvanmyyj\u00e4t ja lupakartta - Hiirolan osakaskunta","robots":{"index":"index","follow":"follow","max-snippet":"max-snippet:-1","max-image-preview":"max-image-preview:large","max-video-preview":"max-video-preview:-1"},"canonical":"https:\/\/saarijarvenreitinkalatalousalue.fi\/hiirola\/luvat\/luvanmyyjat-ja-lupakartta\/","og_locale":"fi_FI","og_type":"article","og_title":"Luvanmyyj\u00e4t ja lupakartta - Hiirolan osakaskunta","og_description":"Luvanmyyj\u00e4t Luvanmyyj\u00e4 2026 Tomi AhonenPirttim\u00e4entie 74841210 Jokihaarap. 050-5935719 Lupakartta Osakaskunnan maksullinen lupakartta on saatavilla maanmittauslaitokselta omakustanteisesti.","og_url":"https:\/\/saarijarvenreitinkalatalousalue.fi\/hiirola\/luvat\/luvanmyyjat-ja-lupakartta\/","og_site_name":"Hiirolan osakaskunta","article_modified_time":"2026-04-29T17:15:26+00:00","twitter_card":"summary_large_image","twitter_misc":{"Arvioitu lukuaika":"1 minuutti"},"schema":{"@context":"https:\/\/schema.org","@graph":[{"@type":"WebPage","@id":"https:\/\/saarijarvenreitinkalatalousalue.fi\/hiirola\/luvat\/luvanmyyjat-ja-lupakartta\/","url":"https:\/\/saarijarvenreitinkalatalousalue.fi\/hiirola\/luvat\/luvanmyyjat-ja-lupakartta\/","name":"Luvanmyyj\u00e4t ja lupakartta - Hiirolan osakaskunta","isPartOf":{"@id":"https:\/\/saarijarvenreitinkalatalousalue.fi\/hiirola\/#website"},"datePublished":"2020-10-29T11:42:18+00:00","dateModified":"2026-04-29T17:15:26+00:00","breadcrumb":{"@id":"https:\/\/saarijarvenreitinkalatalousalue.fi\/hiirola\/luvat\/luvanmyyjat-ja-lupakartta\/#breadcrumb"},"inLanguage":"fi","potentialAction":[{"@type":"ReadAction","target":["https:\/\/saarijarvenreitinkalatalousalue.fi\/hiirola\/luvat\/luvanmyyjat-ja-lupakartta\/"]}]},{"@type":"BreadcrumbList","@id":"https:\/\/saarijarvenreitinkalatalousalue.fi\/hiirola\/luvat\/luvanmyyjat-ja-lupakartta\/#breadcrumb","itemListElement":[{"@type":"ListItem","position":1,"name":"Home","item":"https:\/\/saarijarvenreitinkalatalousalue.fi\/hiirola\/"},{"@type":"ListItem","position":2,"name":"Luvat","item":"https:\/\/saarijarvenreitinkalatalousalue.fi\/hiirola\/luvat\/"},{"@type":"ListItem","position":3,"name":"Luvanmyyj\u00e4t ja lupakartta"}]},{"@type":"WebSite","@id":"https:\/\/saarijarvenreitinkalatalousalue.fi\/hiirola\/#website","url":"https:\/\/saarijarvenreitinkalatalousalue.fi\/hiirola\/","name":"Hiirolan osakaskunta","description":"","potentialAction":[{"@type":"SearchAction","target":{"@type":"EntryPoint","urlTemplate":"https:\/\/saarijarvenreitinkalatalousalue.fi\/hiirola\/?s={search_term_string}"},"query-input":{"@type":"PropertyValueSpecification","valueRequired":true,"valueName":"search_term_string"}}],"inLanguage":"fi"}]}},"_links":{"self":[{"href":"https:\/\/saarijarvenreitinkalatalousalue.fi\/hiirola\/wp-json\/wp\/v2\/pages\/90","targetHints":{"allow":["GET"]}}],"collection":[{"href":"https:\/\/saarijarvenreitinkalatalousalue.fi\/hiirola\/wp-json\/wp\/v2\/pages"}],"about":[{"href":"https:\/\/saarijarvenreitinkalatalousalue.fi\/hiirola\/wp-json\/wp\/v2\/types\/page"}],"author":[{"embeddable":true,"href":"https:\/\/saarijarvenreitinkalatalousalue.fi\/hiirola\/wp-json\/wp\/v2\/users\/1"}],"replies":[{"embeddable":true,"href":"https:\/\/saarijarvenreitinkalatalousalue.fi\/hiirola\/wp-json\/wp\/v2\/comments?post=90"}],"version-history":[{"count":16,"href":"https:\/\/saarijarvenreitinkalatalousalue.fi\/hiirola\/wp-json\/wp\/v2\/pages\/90\/revisions"}],"predecessor-version":[{"id":424,"href":"https:\/\/saarijarvenreitinkalatalousalue.fi\/hiirola\/wp-json\/wp\/v2\/pages\/90\/revisions\/424"}],"up":[{"embeddable":true,"href":"https:\/\/saarijarvenreitinkalatalousalue.fi\/hiirola\/wp-json\/wp\/v2\/pages\/45"}],"wp:attachment":[{"href":"https:\/\/saarijarvenreitinkalatalousalue.fi\/hiirola\/wp-json\/wp\/v2\/media?parent=90"}],"curies":[{"name":"wp","href":"https:\/\/api.w.org\/{rel}","templated":true}]}}