{"id":227,"date":"2021-01-18T12:25:10","date_gmt":"2021-01-18T12:25:10","guid":{"rendered":"http:\/\/89.166.51.80\/~saarijarven\/honkola-naarajarvi\/?page_id=227"},"modified":"2023-03-17T12:01:40","modified_gmt":"2023-03-17T12:01:40","slug":"luvan-myyjat","status":"publish","type":"page","link":"https:\/\/saarijarvenreitinkalatalousalue.fi\/honkola-naarajarvi\/naarakoski\/luvan-myyjat\/","title":{"rendered":"Luvan myyj\u00e4t"},"content":{"rendered":"\n<h2 class=\"wp-block-heading\">Luvan myyj\u00e4t<\/h2>\n\n\n\n<p>LUVANMYYJ\u00c4T HONKOLA-NAARAJ\u00c4RVEN ALUEELLA:<\/p>\n\n\n\n<ul class=\"wp-block-list\">\n<li>Niskanen Oy \u00c4\u00e4nekoski<\/li>\n\n\n\n<li>Vuorokausiluvat: <a href=\"https:\/\/www.ostaluvat.fi\/lupa.tmpl?sivu_id=113&amp;id=1239\" target=\"_blank\" rel=\"noreferrer noopener\">https:\/\/www.ostaluvat.fi\/lupa.tmpl?sivu_id=113&amp;id=1239<\/a><\/li>\n\n\n\n<li>Kausilupa: <a href=\"https:\/\/www.ostaluvat.fi\/lupa.tmpl?sivu_id=113&amp;id=1238\" target=\"_blank\" rel=\"noreferrer noopener\">https:\/\/www.ostaluvat.fi\/lupa.tmpl?sivu_id=113&amp;id=1238<\/a><\/li>\n<\/ul>\n\n\n\n<p>Lupahinnat NAARAKOSKI<br>Kausi 200 \u20ac<br>24 h 28 \u20ac<br>12 h 24 \u20ac<br>6 h 20 \u20ac<\/p>\n","protected":false},"excerpt":{"rendered":"<p>Luvan myyj\u00e4t LUVANMYYJ\u00c4T HONKOLA-NAARAJ\u00c4RVEN ALUEELLA: Niskanen Oy \u00c4\u00e4nekoski Vuorokausiluvat: <a href=\"https:\/\/www.ostaluvat.fi\/lupa.tmpl?sivu_id=113&amp;id=1239\" target=\"_blank\" rel=\"noreferrer noopener\">https:\/\/www.ostaluvat.fi\/lupa.tmpl?sivu_id=113&amp;id=1239<\/a> Kausilupa: <a href=\"https:\/\/www.ostaluvat.fi\/lupa.tmpl?sivu_id=113&amp;id=1238\" target=\"_blank\" rel=\"noreferrer noopener\">https:\/\/www.ostaluvat.fi\/lupa.tmpl?sivu_id=113&amp;id=1238<\/a> Lupahinnat NAARAKOSKIKausi 200 \u20ac24 h 28 \u20ac12 h 24 \u20ac6 h 20 \u20ac<\/p>\n","protected":false},"author":1,"featured_media":0,"parent":223,"menu_order":0,"comment_status":"closed","ping_status":"closed","template":"basic-sivu.php","meta":{"_acf_changed":false,"footnotes":""},"class_list":["post-227","page","type-page","status-publish","hentry"],"acf":[],"yoast_head":"<!-- This site is optimized with the Yoast SEO plugin v27.1.1 - https:\/\/yoast.com\/product\/yoast-seo-wordpress\/ -->\n<title>Luvan myyj\u00e4t - Honkola-Naaraj\u00e4rven osakaskunta<\/title>\n<meta name=\"robots\" content=\"index, follow, max-snippet:-1, max-image-preview:large, max-video-preview:-1\" \/>\n<link rel=\"canonical\" href=\"https:\/\/saarijarvenreitinkalatalousalue.fi\/honkola-naarajarvi\/naarakoski\/luvan-myyjat\/\" \/>\n<meta property=\"og:locale\" content=\"fi_FI\" \/>\n<meta property=\"og:type\" content=\"article\" \/>\n<meta property=\"og:title\" content=\"Luvan myyj\u00e4t - Honkola-Naaraj\u00e4rven osakaskunta\" \/>\n<meta property=\"og:description\" content=\"Luvan myyj\u00e4t LUVANMYYJ\u00c4T HONKOLA-NAARAJ\u00c4RVEN ALUEELLA: Niskanen Oy \u00c4\u00e4nekoski Vuorokausiluvat: https:\/\/www.ostaluvat.fi\/lupa.tmpl?sivu_id=113&amp;id=1239 Kausilupa: https:\/\/www.ostaluvat.fi\/lupa.tmpl?sivu_id=113&amp;id=1238 Lupahinnat NAARAKOSKIKausi 200 \u20ac24 h 28 \u20ac12 h 24 \u20ac6 h 20 \u20ac\" \/>\n<meta property=\"og:url\" content=\"https:\/\/saarijarvenreitinkalatalousalue.fi\/honkola-naarajarvi\/naarakoski\/luvan-myyjat\/\" \/>\n<meta property=\"og:site_name\" content=\"Honkola-Naaraj\u00e4rven osakaskunta\" \/>\n<meta property=\"article:modified_time\" content=\"2023-03-17T12:01:40+00:00\" \/>\n<meta name=\"twitter:card\" content=\"summary_large_image\" \/>\n<meta name=\"twitter:label1\" content=\"Arvioitu lukuaika\" \/>\n\t<meta name=\"twitter:data1\" content=\"1 minuutti\" \/>\n<script type=\"application\/ld+json\" class=\"yoast-schema-graph\">{\"@context\":\"https:\/\/schema.org\",\"@graph\":[{\"@type\":\"WebPage\",\"@id\":\"https:\/\/saarijarvenreitinkalatalousalue.fi\/honkola-naarajarvi\/naarakoski\/luvan-myyjat\/\",\"url\":\"https:\/\/saarijarvenreitinkalatalousalue.fi\/honkola-naarajarvi\/naarakoski\/luvan-myyjat\/\",\"name\":\"Luvan myyj\u00e4t - Honkola-Naaraj\u00e4rven osakaskunta\",\"isPartOf\":{\"@id\":\"https:\/\/saarijarvenreitinkalatalousalue.fi\/honkola-naarajarvi\/#website\"},\"datePublished\":\"2021-01-18T12:25:10+00:00\",\"dateModified\":\"2023-03-17T12:01:40+00:00\",\"breadcrumb\":{\"@id\":\"https:\/\/saarijarvenreitinkalatalousalue.fi\/honkola-naarajarvi\/naarakoski\/luvan-myyjat\/#breadcrumb\"},\"inLanguage\":\"fi\",\"potentialAction\":[{\"@type\":\"ReadAction\",\"target\":[\"https:\/\/saarijarvenreitinkalatalousalue.fi\/honkola-naarajarvi\/naarakoski\/luvan-myyjat\/\"]}]},{\"@type\":\"BreadcrumbList\",\"@id\":\"https:\/\/saarijarvenreitinkalatalousalue.fi\/honkola-naarajarvi\/naarakoski\/luvan-myyjat\/#breadcrumb\",\"itemListElement\":[{\"@type\":\"ListItem\",\"position\":1,\"name\":\"Home\",\"item\":\"https:\/\/saarijarvenreitinkalatalousalue.fi\/honkola-naarajarvi\/\"},{\"@type\":\"ListItem\",\"position\":2,\"name\":\"Naarakoski\",\"item\":\"https:\/\/saarijarvenreitinkalatalousalue.fi\/honkola-naarajarvi\/naarakoski\/\"},{\"@type\":\"ListItem\",\"position\":3,\"name\":\"Luvan myyj\u00e4t\"}]},{\"@type\":\"WebSite\",\"@id\":\"https:\/\/saarijarvenreitinkalatalousalue.fi\/honkola-naarajarvi\/#website\",\"url\":\"https:\/\/saarijarvenreitinkalatalousalue.fi\/honkola-naarajarvi\/\",\"name\":\"Honkola-Naaraj\u00e4rven osakaskunta\",\"description\":\"\",\"potentialAction\":[{\"@type\":\"SearchAction\",\"target\":{\"@type\":\"EntryPoint\",\"urlTemplate\":\"https:\/\/saarijarvenreitinkalatalousalue.fi\/honkola-naarajarvi\/?s={search_term_string}\"},\"query-input\":{\"@type\":\"PropertyValueSpecification\",\"valueRequired\":true,\"valueName\":\"search_term_string\"}}],\"inLanguage\":\"fi\"}]}<\/script>\n<!-- \/ Yoast SEO plugin. -->","yoast_head_json":{"title":"Luvan myyj\u00e4t - Honkola-Naaraj\u00e4rven osakaskunta","robots":{"index":"index","follow":"follow","max-snippet":"max-snippet:-1","max-image-preview":"max-image-preview:large","max-video-preview":"max-video-preview:-1"},"canonical":"https:\/\/saarijarvenreitinkalatalousalue.fi\/honkola-naarajarvi\/naarakoski\/luvan-myyjat\/","og_locale":"fi_FI","og_type":"article","og_title":"Luvan myyj\u00e4t - Honkola-Naaraj\u00e4rven osakaskunta","og_description":"Luvan myyj\u00e4t LUVANMYYJ\u00c4T HONKOLA-NAARAJ\u00c4RVEN ALUEELLA: Niskanen Oy \u00c4\u00e4nekoski Vuorokausiluvat: https:\/\/www.ostaluvat.fi\/lupa.tmpl?sivu_id=113&amp;id=1239 Kausilupa: https:\/\/www.ostaluvat.fi\/lupa.tmpl?sivu_id=113&amp;id=1238 Lupahinnat NAARAKOSKIKausi 200 \u20ac24 h 28 \u20ac12 h 24 \u20ac6 h 20 \u20ac","og_url":"https:\/\/saarijarvenreitinkalatalousalue.fi\/honkola-naarajarvi\/naarakoski\/luvan-myyjat\/","og_site_name":"Honkola-Naaraj\u00e4rven osakaskunta","article_modified_time":"2023-03-17T12:01:40+00:00","twitter_card":"summary_large_image","twitter_misc":{"Arvioitu lukuaika":"1 minuutti"},"schema":{"@context":"https:\/\/schema.org","@graph":[{"@type":"WebPage","@id":"https:\/\/saarijarvenreitinkalatalousalue.fi\/honkola-naarajarvi\/naarakoski\/luvan-myyjat\/","url":"https:\/\/saarijarvenreitinkalatalousalue.fi\/honkola-naarajarvi\/naarakoski\/luvan-myyjat\/","name":"Luvan myyj\u00e4t - Honkola-Naaraj\u00e4rven osakaskunta","isPartOf":{"@id":"https:\/\/saarijarvenreitinkalatalousalue.fi\/honkola-naarajarvi\/#website"},"datePublished":"2021-01-18T12:25:10+00:00","dateModified":"2023-03-17T12:01:40+00:00","breadcrumb":{"@id":"https:\/\/saarijarvenreitinkalatalousalue.fi\/honkola-naarajarvi\/naarakoski\/luvan-myyjat\/#breadcrumb"},"inLanguage":"fi","potentialAction":[{"@type":"ReadAction","target":["https:\/\/saarijarvenreitinkalatalousalue.fi\/honkola-naarajarvi\/naarakoski\/luvan-myyjat\/"]}]},{"@type":"BreadcrumbList","@id":"https:\/\/saarijarvenreitinkalatalousalue.fi\/honkola-naarajarvi\/naarakoski\/luvan-myyjat\/#breadcrumb","itemListElement":[{"@type":"ListItem","position":1,"name":"Home","item":"https:\/\/saarijarvenreitinkalatalousalue.fi\/honkola-naarajarvi\/"},{"@type":"ListItem","position":2,"name":"Naarakoski","item":"https:\/\/saarijarvenreitinkalatalousalue.fi\/honkola-naarajarvi\/naarakoski\/"},{"@type":"ListItem","position":3,"name":"Luvan myyj\u00e4t"}]},{"@type":"WebSite","@id":"https:\/\/saarijarvenreitinkalatalousalue.fi\/honkola-naarajarvi\/#website","url":"https:\/\/saarijarvenreitinkalatalousalue.fi\/honkola-naarajarvi\/","name":"Honkola-Naaraj\u00e4rven osakaskunta","description":"","potentialAction":[{"@type":"SearchAction","target":{"@type":"EntryPoint","urlTemplate":"https:\/\/saarijarvenreitinkalatalousalue.fi\/honkola-naarajarvi\/?s={search_term_string}"},"query-input":{"@type":"PropertyValueSpecification","valueRequired":true,"valueName":"search_term_string"}}],"inLanguage":"fi"}]}},"_links":{"self":[{"href":"https:\/\/saarijarvenreitinkalatalousalue.fi\/honkola-naarajarvi\/wp-json\/wp\/v2\/pages\/227","targetHints":{"allow":["GET"]}}],"collection":[{"href":"https:\/\/saarijarvenreitinkalatalousalue.fi\/honkola-naarajarvi\/wp-json\/wp\/v2\/pages"}],"about":[{"href":"https:\/\/saarijarvenreitinkalatalousalue.fi\/honkola-naarajarvi\/wp-json\/wp\/v2\/types\/page"}],"author":[{"embeddable":true,"href":"https:\/\/saarijarvenreitinkalatalousalue.fi\/honkola-naarajarvi\/wp-json\/wp\/v2\/users\/1"}],"replies":[{"embeddable":true,"href":"https:\/\/saarijarvenreitinkalatalousalue.fi\/honkola-naarajarvi\/wp-json\/wp\/v2\/comments?post=227"}],"version-history":[{"count":4,"href":"https:\/\/saarijarvenreitinkalatalousalue.fi\/honkola-naarajarvi\/wp-json\/wp\/v2\/pages\/227\/revisions"}],"predecessor-version":[{"id":260,"href":"https:\/\/saarijarvenreitinkalatalousalue.fi\/honkola-naarajarvi\/wp-json\/wp\/v2\/pages\/227\/revisions\/260"}],"up":[{"embeddable":true,"href":"https:\/\/saarijarvenreitinkalatalousalue.fi\/honkola-naarajarvi\/wp-json\/wp\/v2\/pages\/223"}],"wp:attachment":[{"href":"https:\/\/saarijarvenreitinkalatalousalue.fi\/honkola-naarajarvi\/wp-json\/wp\/v2\/media?parent=227"}],"curies":[{"name":"wp","href":"https:\/\/api.w.org\/{rel}","templated":true}]}}