{"id":229,"date":"2021-01-18T12:25:36","date_gmt":"2021-01-18T12:25:36","guid":{"rendered":"http:\/\/89.166.51.80\/~saarijarven\/honkola-naarajarvi\/?page_id=229"},"modified":"2023-03-17T12:07:16","modified_gmt":"2023-03-17T12:07:16","slug":"kalastussaannot","status":"publish","type":"page","link":"https:\/\/saarijarvenreitinkalatalousalue.fi\/honkola-naarajarvi\/naarakoski\/kalastussaannot\/","title":{"rendered":"Kalastuss\u00e4\u00e4nn\u00f6t"},"content":{"rendered":"\n<h2 class=\"wp-block-heading\">Kalastuss\u00e4\u00e4nn\u00f6t<\/h2>\n\n\n\n<p>\u00c4\u00e4nekosken &#8211; ja Honkola \u2013 Naaraj\u00e4rven osakaskunta ovat p\u00e4\u00e4tt\u00e4neet Naarakoskessa ja Kissakoskessa kalastuslupien yhten\u00e4ist\u00e4misest\u00e4 siten, ett\u00e4 yhdell\u00e4 luvalla voidaan kalastaa koko koskialueella. Kalastuskausi on 1.1. &#8211; 31.8. sek\u00e4 rauhoitusajan j\u00e4lkeen 1.12 \u2013 31.12. seuraavien kalastusohjeiden m\u00e4\u00e4r\u00e4\u00e4m\u00e4ll\u00e4 tavalla:<\/p>\n\n\n\n<p>1. Kalastusalueelle myyd\u00e4\u00e4n kausilupia ja vuorokausilupia ( 24 t \/ 12 t \/ 6 t ). Kausilupia myyd\u00e4\u00e4n my\u00f6s ulkopaikkakuntalaisille.<\/p>\n\n\n\n<p>2. Lupa oikeuttaa kalastamaan Naarakosken koko alueella. Lupa-alue on merkitty maastoon opastein. Naarakosken Hietaman puoleisella alueella on kes\u00e4m\u00f6kin ranta-alue, jota pyrit\u00e4\u00e4n v\u00e4ltt\u00e4m\u00e4\u00e4n. Kiellettyalue merkattu maastoon opastauluin.<\/p>\n\n\n\n<p>3. Kausiluvan hinta on 200 e \/ kausi.<\/p>\n\n\n\n<p>4. Kalastuslupahinnat:&nbsp;&nbsp; vrk \/ 28 \u20ac, 12 t \/ 24 \u20ac&nbsp; ja&nbsp; 6 t \/ 20 \u20ac. &nbsp;Vuorokausilupia myyd\u00e4\u00e4n yhteens\u00e4 16 kpl \/ vrk max.<\/p>\n\n\n\n<p>5. Alle 12-vuotiaat lapset saavat kalastaa aikuisen luvalla aikuisen kiinti\u00f6\u00f6n. Aikuisen on oltava samanaikaisesti lapsen kanssa kalassa.<\/p>\n\n\n\n<p>6. Kalastuksen valvontaa suorittavat \u00c4\u00e4nekosken \u2013 ja Honkolan \u2013 Naaraj\u00e4rven osakaskuntien nime\u00e4m\u00e4t kalastuksenvalvojat.<\/p>\n\n\n\n<p>7. Lupa oikeuttaa 1 arvokalaan 6 tunnin luvalla ja muilla 2 arvokalaan. (12 t \/ vrk \/ kausiluvat.)<br>Kalakannan tulevaisuuden kannalta osakaskunnat ovat rauhoittaneet kaikki taimenmuodot sek\u00e4 harjuksen.<br>Taimenet ja harjukset on vapautettava v\u00e4litt\u00f6m\u00e4sti. Kirjolohella ei ole alamittaa. Arvokalalla tarkoitetaan; Kirjolohta. Koskien alasuvannoista saa pyydyst\u00e4\u00e4 ruokakalaksi max. 2 mitallista kuhaa luvalla \/ vuorokaudessa.<\/p>\n\n\n\n<p>8. Kausi- ja vuorokausilupia myyd\u00e4\u00e4n Niskanen Oy:ss\u00e4 (urheilu Niskanen, puh.&nbsp;<a href=\"tel:020-7189802\">020-7189802<\/a>) \u00c4\u00e4nekoskella. Sek\u00e4 E-passi ett\u00e4 Smartum-kulttuurisaldo k\u00e4y maksuv\u00e4lineeksi. Luvat voi my\u00f6s ostaa verkosta www.ostaluvat.fi<\/p>\n\n\n\n<p><br>9. Kalastus on sallittu vain perho- ja viehe kalastuksella.<br>Kalastus on alueella kielletty (verkot, katiskat, mato-onget ja ym). Kalastus sallittu vain v\u00e4k\u00e4sett\u00f6m\u00e4ll\u00e4 koukulla.<\/p>\n\n\n\n<p>10. Kahluu kiellet\u00e4\u00e4n 1.12 \u2013 31.5 v\u00e4liseksi ajaksi, ettei vahingoitettaisi poikastuotantoa koskessa.<\/p>\n\n\n\n<p><br>11. Alueella autojen pys\u00e4k\u00f6inti on sallittu merkityll\u00e4 alueella. Kalastajat huolehtivat koskialueen siisteydest\u00e4 ja viev\u00e4t roskat menness\u00e4\u00e4n. Alueelle rakennettu tulipaikalla varustettu laavu.<\/p>\n\n\n\n<p>12. Palauta saalisilmoitus https:\/\/app.surveymethods.com\/EndUser.aspx?BA9EF2EDBBF1ECECBA tai palautuslaatikkoon laavulle. Saalisilmoituksen palauttaneiden kesken arvomme kauden p\u00e4\u00e4tteeksi 3 kpl vuorokausilupia seuraavalle kaudelle.<\/p>\n\n\n\n<p><\/p>\n\n\n\n<p><\/p>\n","protected":false},"excerpt":{"rendered":"<p>Kalastuss\u00e4\u00e4nn\u00f6t \u00c4\u00e4nekosken &#8211; ja Honkola \u2013 Naaraj\u00e4rven osakaskunta ovat p\u00e4\u00e4tt\u00e4neet Naarakoskessa ja Kissakoskessa kalastuslupien yhten\u00e4ist\u00e4misest\u00e4 siten, ett\u00e4 yhdell\u00e4 luvalla voidaan kalastaa koko koskialueella. Kalastuskausi on 1.1. &#8211; 31.8. sek\u00e4 rauhoitusajan j\u00e4lkeen 1.12 \u2013 31.12. seuraavien kalastusohjeiden m\u00e4\u00e4r\u00e4\u00e4m\u00e4ll\u00e4 tavalla: 1. Kalastusalueelle myyd\u00e4\u00e4n kausilupia ja vuorokausilupia (<\/p>\n<p><a class=\"moretag\" href=\"https:\/\/saarijarvenreitinkalatalousalue.fi\/honkola-naarajarvi\/naarakoski\/kalastussaannot\/\"> Lue lis\u00e4\u00e4 ><\/a><\/p>\n","protected":false},"author":1,"featured_media":0,"parent":223,"menu_order":0,"comment_status":"closed","ping_status":"closed","template":"basic-sivu.php","meta":{"_acf_changed":false,"footnotes":""},"class_list":["post-229","page","type-page","status-publish","hentry"],"acf":[],"yoast_head":"<!-- This site is optimized with the Yoast SEO plugin v27.1.1 - https:\/\/yoast.com\/product\/yoast-seo-wordpress\/ -->\n<title>Kalastuss\u00e4\u00e4nn\u00f6t - Honkola-Naaraj\u00e4rven osakaskunta<\/title>\n<meta name=\"robots\" content=\"index, follow, max-snippet:-1, max-image-preview:large, max-video-preview:-1\" \/>\n<link rel=\"canonical\" href=\"https:\/\/saarijarvenreitinkalatalousalue.fi\/honkola-naarajarvi\/naarakoski\/kalastussaannot\/\" \/>\n<meta property=\"og:locale\" content=\"fi_FI\" \/>\n<meta property=\"og:type\" content=\"article\" \/>\n<meta property=\"og:title\" content=\"Kalastuss\u00e4\u00e4nn\u00f6t - Honkola-Naaraj\u00e4rven osakaskunta\" \/>\n<meta property=\"og:description\" content=\"Kalastuss\u00e4\u00e4nn\u00f6t \u00c4\u00e4nekosken &#8211; ja Honkola \u2013 Naaraj\u00e4rven osakaskunta ovat p\u00e4\u00e4tt\u00e4neet Naarakoskessa ja Kissakoskessa kalastuslupien yhten\u00e4ist\u00e4misest\u00e4 siten, ett\u00e4 yhdell\u00e4 luvalla voidaan kalastaa koko koskialueella. Kalastuskausi on 1.1. &#8211; 31.8. sek\u00e4 rauhoitusajan j\u00e4lkeen 1.12 \u2013 31.12. seuraavien kalastusohjeiden m\u00e4\u00e4r\u00e4\u00e4m\u00e4ll\u00e4 tavalla: 1. Kalastusalueelle myyd\u00e4\u00e4n kausilupia ja vuorokausilupia ( Lue lis\u00e4\u00e4 &gt;\" \/>\n<meta property=\"og:url\" content=\"https:\/\/saarijarvenreitinkalatalousalue.fi\/honkola-naarajarvi\/naarakoski\/kalastussaannot\/\" \/>\n<meta property=\"og:site_name\" content=\"Honkola-Naaraj\u00e4rven osakaskunta\" \/>\n<meta property=\"article:modified_time\" content=\"2023-03-17T12:07:16+00:00\" \/>\n<meta name=\"twitter:card\" content=\"summary_large_image\" \/>\n<meta name=\"twitter:label1\" content=\"Arvioitu lukuaika\" \/>\n\t<meta name=\"twitter:data1\" content=\"2 minuuttia\" \/>\n<script type=\"application\/ld+json\" class=\"yoast-schema-graph\">{\"@context\":\"https:\/\/schema.org\",\"@graph\":[{\"@type\":\"WebPage\",\"@id\":\"https:\/\/saarijarvenreitinkalatalousalue.fi\/honkola-naarajarvi\/naarakoski\/kalastussaannot\/\",\"url\":\"https:\/\/saarijarvenreitinkalatalousalue.fi\/honkola-naarajarvi\/naarakoski\/kalastussaannot\/\",\"name\":\"Kalastuss\u00e4\u00e4nn\u00f6t - Honkola-Naaraj\u00e4rven osakaskunta\",\"isPartOf\":{\"@id\":\"https:\/\/saarijarvenreitinkalatalousalue.fi\/honkola-naarajarvi\/#website\"},\"datePublished\":\"2021-01-18T12:25:36+00:00\",\"dateModified\":\"2023-03-17T12:07:16+00:00\",\"breadcrumb\":{\"@id\":\"https:\/\/saarijarvenreitinkalatalousalue.fi\/honkola-naarajarvi\/naarakoski\/kalastussaannot\/#breadcrumb\"},\"inLanguage\":\"fi\",\"potentialAction\":[{\"@type\":\"ReadAction\",\"target\":[\"https:\/\/saarijarvenreitinkalatalousalue.fi\/honkola-naarajarvi\/naarakoski\/kalastussaannot\/\"]}]},{\"@type\":\"BreadcrumbList\",\"@id\":\"https:\/\/saarijarvenreitinkalatalousalue.fi\/honkola-naarajarvi\/naarakoski\/kalastussaannot\/#breadcrumb\",\"itemListElement\":[{\"@type\":\"ListItem\",\"position\":1,\"name\":\"Home\",\"item\":\"https:\/\/saarijarvenreitinkalatalousalue.fi\/honkola-naarajarvi\/\"},{\"@type\":\"ListItem\",\"position\":2,\"name\":\"Naarakoski\",\"item\":\"https:\/\/saarijarvenreitinkalatalousalue.fi\/honkola-naarajarvi\/naarakoski\/\"},{\"@type\":\"ListItem\",\"position\":3,\"name\":\"Kalastuss\u00e4\u00e4nn\u00f6t\"}]},{\"@type\":\"WebSite\",\"@id\":\"https:\/\/saarijarvenreitinkalatalousalue.fi\/honkola-naarajarvi\/#website\",\"url\":\"https:\/\/saarijarvenreitinkalatalousalue.fi\/honkola-naarajarvi\/\",\"name\":\"Honkola-Naaraj\u00e4rven osakaskunta\",\"description\":\"\",\"potentialAction\":[{\"@type\":\"SearchAction\",\"target\":{\"@type\":\"EntryPoint\",\"urlTemplate\":\"https:\/\/saarijarvenreitinkalatalousalue.fi\/honkola-naarajarvi\/?s={search_term_string}\"},\"query-input\":{\"@type\":\"PropertyValueSpecification\",\"valueRequired\":true,\"valueName\":\"search_term_string\"}}],\"inLanguage\":\"fi\"}]}<\/script>\n<!-- \/ Yoast SEO plugin. -->","yoast_head_json":{"title":"Kalastuss\u00e4\u00e4nn\u00f6t - Honkola-Naaraj\u00e4rven osakaskunta","robots":{"index":"index","follow":"follow","max-snippet":"max-snippet:-1","max-image-preview":"max-image-preview:large","max-video-preview":"max-video-preview:-1"},"canonical":"https:\/\/saarijarvenreitinkalatalousalue.fi\/honkola-naarajarvi\/naarakoski\/kalastussaannot\/","og_locale":"fi_FI","og_type":"article","og_title":"Kalastuss\u00e4\u00e4nn\u00f6t - Honkola-Naaraj\u00e4rven osakaskunta","og_description":"Kalastuss\u00e4\u00e4nn\u00f6t \u00c4\u00e4nekosken &#8211; ja Honkola \u2013 Naaraj\u00e4rven osakaskunta ovat p\u00e4\u00e4tt\u00e4neet Naarakoskessa ja Kissakoskessa kalastuslupien yhten\u00e4ist\u00e4misest\u00e4 siten, ett\u00e4 yhdell\u00e4 luvalla voidaan kalastaa koko koskialueella. Kalastuskausi on 1.1. &#8211; 31.8. sek\u00e4 rauhoitusajan j\u00e4lkeen 1.12 \u2013 31.12. seuraavien kalastusohjeiden m\u00e4\u00e4r\u00e4\u00e4m\u00e4ll\u00e4 tavalla: 1. Kalastusalueelle myyd\u00e4\u00e4n kausilupia ja vuorokausilupia ( Lue lis\u00e4\u00e4 >","og_url":"https:\/\/saarijarvenreitinkalatalousalue.fi\/honkola-naarajarvi\/naarakoski\/kalastussaannot\/","og_site_name":"Honkola-Naaraj\u00e4rven osakaskunta","article_modified_time":"2023-03-17T12:07:16+00:00","twitter_card":"summary_large_image","twitter_misc":{"Arvioitu lukuaika":"2 minuuttia"},"schema":{"@context":"https:\/\/schema.org","@graph":[{"@type":"WebPage","@id":"https:\/\/saarijarvenreitinkalatalousalue.fi\/honkola-naarajarvi\/naarakoski\/kalastussaannot\/","url":"https:\/\/saarijarvenreitinkalatalousalue.fi\/honkola-naarajarvi\/naarakoski\/kalastussaannot\/","name":"Kalastuss\u00e4\u00e4nn\u00f6t - Honkola-Naaraj\u00e4rven osakaskunta","isPartOf":{"@id":"https:\/\/saarijarvenreitinkalatalousalue.fi\/honkola-naarajarvi\/#website"},"datePublished":"2021-01-18T12:25:36+00:00","dateModified":"2023-03-17T12:07:16+00:00","breadcrumb":{"@id":"https:\/\/saarijarvenreitinkalatalousalue.fi\/honkola-naarajarvi\/naarakoski\/kalastussaannot\/#breadcrumb"},"inLanguage":"fi","potentialAction":[{"@type":"ReadAction","target":["https:\/\/saarijarvenreitinkalatalousalue.fi\/honkola-naarajarvi\/naarakoski\/kalastussaannot\/"]}]},{"@type":"BreadcrumbList","@id":"https:\/\/saarijarvenreitinkalatalousalue.fi\/honkola-naarajarvi\/naarakoski\/kalastussaannot\/#breadcrumb","itemListElement":[{"@type":"ListItem","position":1,"name":"Home","item":"https:\/\/saarijarvenreitinkalatalousalue.fi\/honkola-naarajarvi\/"},{"@type":"ListItem","position":2,"name":"Naarakoski","item":"https:\/\/saarijarvenreitinkalatalousalue.fi\/honkola-naarajarvi\/naarakoski\/"},{"@type":"ListItem","position":3,"name":"Kalastuss\u00e4\u00e4nn\u00f6t"}]},{"@type":"WebSite","@id":"https:\/\/saarijarvenreitinkalatalousalue.fi\/honkola-naarajarvi\/#website","url":"https:\/\/saarijarvenreitinkalatalousalue.fi\/honkola-naarajarvi\/","name":"Honkola-Naaraj\u00e4rven osakaskunta","description":"","potentialAction":[{"@type":"SearchAction","target":{"@type":"EntryPoint","urlTemplate":"https:\/\/saarijarvenreitinkalatalousalue.fi\/honkola-naarajarvi\/?s={search_term_string}"},"query-input":{"@type":"PropertyValueSpecification","valueRequired":true,"valueName":"search_term_string"}}],"inLanguage":"fi"}]}},"_links":{"self":[{"href":"https:\/\/saarijarvenreitinkalatalousalue.fi\/honkola-naarajarvi\/wp-json\/wp\/v2\/pages\/229","targetHints":{"allow":["GET"]}}],"collection":[{"href":"https:\/\/saarijarvenreitinkalatalousalue.fi\/honkola-naarajarvi\/wp-json\/wp\/v2\/pages"}],"about":[{"href":"https:\/\/saarijarvenreitinkalatalousalue.fi\/honkola-naarajarvi\/wp-json\/wp\/v2\/types\/page"}],"author":[{"embeddable":true,"href":"https:\/\/saarijarvenreitinkalatalousalue.fi\/honkola-naarajarvi\/wp-json\/wp\/v2\/users\/1"}],"replies":[{"embeddable":true,"href":"https:\/\/saarijarvenreitinkalatalousalue.fi\/honkola-naarajarvi\/wp-json\/wp\/v2\/comments?post=229"}],"version-history":[{"count":6,"href":"https:\/\/saarijarvenreitinkalatalousalue.fi\/honkola-naarajarvi\/wp-json\/wp\/v2\/pages\/229\/revisions"}],"predecessor-version":[{"id":264,"href":"https:\/\/saarijarvenreitinkalatalousalue.fi\/honkola-naarajarvi\/wp-json\/wp\/v2\/pages\/229\/revisions\/264"}],"up":[{"embeddable":true,"href":"https:\/\/saarijarvenreitinkalatalousalue.fi\/honkola-naarajarvi\/wp-json\/wp\/v2\/pages\/223"}],"wp:attachment":[{"href":"https:\/\/saarijarvenreitinkalatalousalue.fi\/honkola-naarajarvi\/wp-json\/wp\/v2\/media?parent=229"}],"curies":[{"name":"wp","href":"https:\/\/api.w.org\/{rel}","templated":true}]}}