{"id":78,"date":"2020-10-29T11:27:57","date_gmt":"2020-10-29T11:27:57","guid":{"rendered":"http:\/\/89.166.51.80\/~saarijarven\/hameenmaen-osakaskunta\/?page_id=78"},"modified":"2021-01-18T12:27:41","modified_gmt":"2021-01-18T12:27:41","slug":"valokuvia","status":"publish","type":"page","link":"https:\/\/saarijarvenreitinkalatalousalue.fi\/honkola-naarajarvi\/valokuvia\/","title":{"rendered":"Valokuvia"},"content":{"rendered":"\n<h2 class=\"wp-block-heading\">Valokuvia ja videoita<\/h2>\n\n\n\n<p><strong>9.5.2012 VEDENPINTA ENN\u00c4TYSKORKEALLA<\/strong><\/p>\n\n\n\n<figure class=\"wp-block-image\"><img decoding=\"async\" src=\"http:\/\/www.saarijarvenkalastusalue.fi\/okt\/honkola-naarajarvi\/uploads\/images\/Vesi%20korkealla.jpg\" alt=\"\"\/><\/figure>\n\n\n\n<p><strong>9.5.2012 PARKKIPAIKKA<\/strong><\/p>\n\n\n\n<figure class=\"wp-block-image\"><img decoding=\"async\" src=\"http:\/\/www.saarijarvenkalastusalue.fi\/okt\/honkola-naarajarvi\/uploads\/images\/Parkkipaikka%20tulvii.jpg\" alt=\"\"\/><\/figure>\n\n\n\n<figure class=\"wp-block-image\"><img decoding=\"async\" src=\"http:\/\/saarijarvenreitinkalatalousalue.fi\/ok\/honkola-naarajarvi\/uploads\/images\/Laavu%20ja%20huussi%20vedessa.jpg\" alt=\"\"\/><\/figure>\n\n\n\n<p><strong>25.8.2011 NAARAKOSKEN 48cm. ISTARI<\/strong><\/p>\n\n\n\n<figure class=\"wp-block-image\"><img decoding=\"async\" src=\"http:\/\/www.saarijarvenkalastusalue.fi\/ok\/honkola-naarajarvi\/uploads\/images\/Taimen%20kivell%C3%83%C2%A4%20pieni.jpg\" alt=\"\" title=\"Taimen 48cm.\"\/><\/figure>\n\n\n\n<figure class=\"wp-block-image\"><img decoding=\"async\" src=\"http:\/\/www.saarijarvenkalastusalue.fi\/okt\/honkola-naarajarvi\/uploads\/images\/Taimen%20haavissa%20pieni.jpg\" alt=\"\" title=\"Taimen 48cm. Toni Kalliom\u00e4ki\"\/><\/figure>\n\n\n\n<figure class=\"wp-block-image\"><img decoding=\"async\" src=\"http:\/\/www.saarijarvenkalastusalue.fi\/ok\/honkola-naarajarvi\/uploads\/images\/Taimen%20kivell%C3%83%C2%A4%20pieni.jpg\" alt=\"\" title=\"Taimen 48cm.\"\/><\/figure>\n\n\n\n<p><strong>11.8.2011 KISSAKOSKEN 44cm. ISTARI<\/strong><\/p>\n\n\n\n<figure class=\"wp-block-image\"><img decoding=\"async\" src=\"http:\/\/www.saarijarvenkalastusalue.fi\/okt\/honkola-naarajarvi\/uploads\/images\/Sivu-uoman%2044cm..jpg\" alt=\"\" title=\"Taimen 44cm. Toni Kalliom\u00e4ki\"\/><\/figure>\n\n\n\n<p><strong>2.8.2011 KISSAKOSKEN SIVU-UOMA<\/strong><\/p>\n\n\n\n<figure class=\"wp-block-image\"><img decoding=\"async\" src=\"http:\/\/www.saarijarvenkalastusalue.fi\/okt\/honkola-naarajarvi\/uploads\/images\/Kissakoski%20sivu-uoma.jpg\" alt=\"\" title=\"Vesi enn\u00e4tys korkealla. Toni Kalliom\u00e4ki\"\/><\/figure>\n\n\n\n<p><strong>1.4.2011. Kuva junaradan sillalta Naarakoskeen (yl\u00e4koskeen<\/strong>)<\/p>\n\n\n\n<figure class=\"wp-block-image\"><img decoding=\"async\" src=\"http:\/\/www.saarijarvenkalastusalue.fi\/okt\/honkola-naarajarvi\/uploads\/images\/Naarakoski.jpg\" alt=\"\" title=\"LUMI- ja J\u00c4\u00c4TILANNE Toni Kalliom\u00e4ki\"\/><\/figure>\n\n\n\n<p><strong>1.4.2011. Kuva junaradan sillalta Kissakoskeen (alakoski)<\/strong><\/p>\n\n\n\n<figure class=\"wp-block-image\"><img decoding=\"async\" src=\"http:\/\/www.saarijarvenkalastusalue.fi\/okt\/honkola-naarajarvi\/uploads\/images\/Kissakoski.jpg\" alt=\"\" title=\"LUMI- ja J\u00c4\u00c4TILANNE Toni Kalliom\u00e4ki\"\/><\/figure>\n\n\n\n<p><strong>1.4.2011. NAARAKOSKEN LAAVU<\/strong><\/p>\n\n\n\n<figure class=\"wp-block-image\"><img decoding=\"async\" src=\"http:\/\/www.saarijarvenkalastusalue.fi\/okt\/honkola-naarajarvi\/uploads\/images\/Laavu.jpg\" alt=\"\" title=\"LAAVU. Toni Kalliom\u00e4ki\"\/><\/figure>\n","protected":false},"excerpt":{"rendered":"<p>Valokuvia ja videoita <strong>9.5.2012 VEDENPINTA ENN\u00c4TYSKORKEALLA<\/strong> <strong>9.5.2012 PARKKIPAIKKA<\/strong> <strong>25.8.2011 NAARAKOSKEN 48cm. ISTARI<\/strong> <strong>11.8.2011 KISSAKOSKEN 44cm. ISTARI<\/strong> <strong>2.8.2011 KISSAKOSKEN SIVU-UOMA<\/strong> <strong>1.4.2011. Kuva junaradan sillalta Naarakoskeen (yl\u00e4koskeen<\/strong>) <strong>1.4.2011. Kuva junaradan sillalta Kissakoskeen (alakoski)<\/strong> <strong>1.4.2011. NAARAKOSKEN LAAVU<\/strong><\/p>\n","protected":false},"author":1,"featured_media":0,"parent":0,"menu_order":0,"comment_status":"closed","ping_status":"closed","template":"basic-sivu.php","meta":{"_acf_changed":false,"footnotes":""},"class_list":["post-78","page","type-page","status-publish","hentry"],"acf":[],"yoast_head":"<!-- This site is optimized with the Yoast SEO plugin v27.1.1 - https:\/\/yoast.com\/product\/yoast-seo-wordpress\/ -->\n<title>Valokuvia - Honkola-Naaraj\u00e4rven osakaskunta<\/title>\n<meta name=\"robots\" content=\"index, follow, max-snippet:-1, max-image-preview:large, max-video-preview:-1\" \/>\n<link rel=\"canonical\" href=\"https:\/\/saarijarvenreitinkalatalousalue.fi\/honkola-naarajarvi\/valokuvia\/\" \/>\n<meta property=\"og:locale\" content=\"fi_FI\" \/>\n<meta property=\"og:type\" content=\"article\" \/>\n<meta property=\"og:title\" content=\"Valokuvia - Honkola-Naaraj\u00e4rven osakaskunta\" \/>\n<meta property=\"og:description\" content=\"Valokuvia ja videoita 9.5.2012 VEDENPINTA ENN\u00c4TYSKORKEALLA 9.5.2012 PARKKIPAIKKA 25.8.2011 NAARAKOSKEN 48cm. ISTARI 11.8.2011 KISSAKOSKEN 44cm. ISTARI 2.8.2011 KISSAKOSKEN SIVU-UOMA 1.4.2011. Kuva junaradan sillalta Naarakoskeen (yl\u00e4koskeen) 1.4.2011. Kuva junaradan sillalta Kissakoskeen (alakoski) 1.4.2011. NAARAKOSKEN LAAVU\" \/>\n<meta property=\"og:url\" content=\"https:\/\/saarijarvenreitinkalatalousalue.fi\/honkola-naarajarvi\/valokuvia\/\" \/>\n<meta property=\"og:site_name\" content=\"Honkola-Naaraj\u00e4rven osakaskunta\" \/>\n<meta property=\"article:modified_time\" content=\"2021-01-18T12:27:41+00:00\" \/>\n<meta property=\"og:image\" content=\"http:\/\/www.saarijarvenkalastusalue.fi\/okt\/honkola-naarajarvi\/uploads\/images\/Vesi%20korkealla.jpg\" \/>\n<meta name=\"twitter:card\" content=\"summary_large_image\" \/>\n<script type=\"application\/ld+json\" class=\"yoast-schema-graph\">{\"@context\":\"https:\/\/schema.org\",\"@graph\":[{\"@type\":\"WebPage\",\"@id\":\"https:\/\/saarijarvenreitinkalatalousalue.fi\/honkola-naarajarvi\/valokuvia\/\",\"url\":\"https:\/\/saarijarvenreitinkalatalousalue.fi\/honkola-naarajarvi\/valokuvia\/\",\"name\":\"Valokuvia - Honkola-Naaraj\u00e4rven osakaskunta\",\"isPartOf\":{\"@id\":\"https:\/\/saarijarvenreitinkalatalousalue.fi\/honkola-naarajarvi\/#website\"},\"primaryImageOfPage\":{\"@id\":\"https:\/\/saarijarvenreitinkalatalousalue.fi\/honkola-naarajarvi\/valokuvia\/#primaryimage\"},\"image\":{\"@id\":\"https:\/\/saarijarvenreitinkalatalousalue.fi\/honkola-naarajarvi\/valokuvia\/#primaryimage\"},\"thumbnailUrl\":\"http:\/\/www.saarijarvenkalastusalue.fi\/okt\/honkola-naarajarvi\/uploads\/images\/Vesi%20korkealla.jpg\",\"datePublished\":\"2020-10-29T11:27:57+00:00\",\"dateModified\":\"2021-01-18T12:27:41+00:00\",\"breadcrumb\":{\"@id\":\"https:\/\/saarijarvenreitinkalatalousalue.fi\/honkola-naarajarvi\/valokuvia\/#breadcrumb\"},\"inLanguage\":\"fi\",\"potentialAction\":[{\"@type\":\"ReadAction\",\"target\":[\"https:\/\/saarijarvenreitinkalatalousalue.fi\/honkola-naarajarvi\/valokuvia\/\"]}]},{\"@type\":\"ImageObject\",\"inLanguage\":\"fi\",\"@id\":\"https:\/\/saarijarvenreitinkalatalousalue.fi\/honkola-naarajarvi\/valokuvia\/#primaryimage\",\"url\":\"http:\/\/www.saarijarvenkalastusalue.fi\/okt\/honkola-naarajarvi\/uploads\/images\/Vesi%20korkealla.jpg\",\"contentUrl\":\"http:\/\/www.saarijarvenkalastusalue.fi\/okt\/honkola-naarajarvi\/uploads\/images\/Vesi%20korkealla.jpg\"},{\"@type\":\"BreadcrumbList\",\"@id\":\"https:\/\/saarijarvenreitinkalatalousalue.fi\/honkola-naarajarvi\/valokuvia\/#breadcrumb\",\"itemListElement\":[{\"@type\":\"ListItem\",\"position\":1,\"name\":\"Home\",\"item\":\"https:\/\/saarijarvenreitinkalatalousalue.fi\/honkola-naarajarvi\/\"},{\"@type\":\"ListItem\",\"position\":2,\"name\":\"Valokuvia\"}]},{\"@type\":\"WebSite\",\"@id\":\"https:\/\/saarijarvenreitinkalatalousalue.fi\/honkola-naarajarvi\/#website\",\"url\":\"https:\/\/saarijarvenreitinkalatalousalue.fi\/honkola-naarajarvi\/\",\"name\":\"Honkola-Naaraj\u00e4rven osakaskunta\",\"description\":\"\",\"potentialAction\":[{\"@type\":\"SearchAction\",\"target\":{\"@type\":\"EntryPoint\",\"urlTemplate\":\"https:\/\/saarijarvenreitinkalatalousalue.fi\/honkola-naarajarvi\/?s={search_term_string}\"},\"query-input\":{\"@type\":\"PropertyValueSpecification\",\"valueRequired\":true,\"valueName\":\"search_term_string\"}}],\"inLanguage\":\"fi\"}]}<\/script>\n<!-- \/ Yoast SEO plugin. -->","yoast_head_json":{"title":"Valokuvia - Honkola-Naaraj\u00e4rven osakaskunta","robots":{"index":"index","follow":"follow","max-snippet":"max-snippet:-1","max-image-preview":"max-image-preview:large","max-video-preview":"max-video-preview:-1"},"canonical":"https:\/\/saarijarvenreitinkalatalousalue.fi\/honkola-naarajarvi\/valokuvia\/","og_locale":"fi_FI","og_type":"article","og_title":"Valokuvia - Honkola-Naaraj\u00e4rven osakaskunta","og_description":"Valokuvia ja videoita 9.5.2012 VEDENPINTA ENN\u00c4TYSKORKEALLA 9.5.2012 PARKKIPAIKKA 25.8.2011 NAARAKOSKEN 48cm. ISTARI 11.8.2011 KISSAKOSKEN 44cm. ISTARI 2.8.2011 KISSAKOSKEN SIVU-UOMA 1.4.2011. Kuva junaradan sillalta Naarakoskeen (yl\u00e4koskeen) 1.4.2011. Kuva junaradan sillalta Kissakoskeen (alakoski) 1.4.2011. NAARAKOSKEN LAAVU","og_url":"https:\/\/saarijarvenreitinkalatalousalue.fi\/honkola-naarajarvi\/valokuvia\/","og_site_name":"Honkola-Naaraj\u00e4rven osakaskunta","article_modified_time":"2021-01-18T12:27:41+00:00","og_image":[{"url":"http:\/\/www.saarijarvenkalastusalue.fi\/okt\/honkola-naarajarvi\/uploads\/images\/Vesi%20korkealla.jpg","type":"","width":"","height":""}],"twitter_card":"summary_large_image","schema":{"@context":"https:\/\/schema.org","@graph":[{"@type":"WebPage","@id":"https:\/\/saarijarvenreitinkalatalousalue.fi\/honkola-naarajarvi\/valokuvia\/","url":"https:\/\/saarijarvenreitinkalatalousalue.fi\/honkola-naarajarvi\/valokuvia\/","name":"Valokuvia - Honkola-Naaraj\u00e4rven osakaskunta","isPartOf":{"@id":"https:\/\/saarijarvenreitinkalatalousalue.fi\/honkola-naarajarvi\/#website"},"primaryImageOfPage":{"@id":"https:\/\/saarijarvenreitinkalatalousalue.fi\/honkola-naarajarvi\/valokuvia\/#primaryimage"},"image":{"@id":"https:\/\/saarijarvenreitinkalatalousalue.fi\/honkola-naarajarvi\/valokuvia\/#primaryimage"},"thumbnailUrl":"http:\/\/www.saarijarvenkalastusalue.fi\/okt\/honkola-naarajarvi\/uploads\/images\/Vesi%20korkealla.jpg","datePublished":"2020-10-29T11:27:57+00:00","dateModified":"2021-01-18T12:27:41+00:00","breadcrumb":{"@id":"https:\/\/saarijarvenreitinkalatalousalue.fi\/honkola-naarajarvi\/valokuvia\/#breadcrumb"},"inLanguage":"fi","potentialAction":[{"@type":"ReadAction","target":["https:\/\/saarijarvenreitinkalatalousalue.fi\/honkola-naarajarvi\/valokuvia\/"]}]},{"@type":"ImageObject","inLanguage":"fi","@id":"https:\/\/saarijarvenreitinkalatalousalue.fi\/honkola-naarajarvi\/valokuvia\/#primaryimage","url":"http:\/\/www.saarijarvenkalastusalue.fi\/okt\/honkola-naarajarvi\/uploads\/images\/Vesi%20korkealla.jpg","contentUrl":"http:\/\/www.saarijarvenkalastusalue.fi\/okt\/honkola-naarajarvi\/uploads\/images\/Vesi%20korkealla.jpg"},{"@type":"BreadcrumbList","@id":"https:\/\/saarijarvenreitinkalatalousalue.fi\/honkola-naarajarvi\/valokuvia\/#breadcrumb","itemListElement":[{"@type":"ListItem","position":1,"name":"Home","item":"https:\/\/saarijarvenreitinkalatalousalue.fi\/honkola-naarajarvi\/"},{"@type":"ListItem","position":2,"name":"Valokuvia"}]},{"@type":"WebSite","@id":"https:\/\/saarijarvenreitinkalatalousalue.fi\/honkola-naarajarvi\/#website","url":"https:\/\/saarijarvenreitinkalatalousalue.fi\/honkola-naarajarvi\/","name":"Honkola-Naaraj\u00e4rven osakaskunta","description":"","potentialAction":[{"@type":"SearchAction","target":{"@type":"EntryPoint","urlTemplate":"https:\/\/saarijarvenreitinkalatalousalue.fi\/honkola-naarajarvi\/?s={search_term_string}"},"query-input":{"@type":"PropertyValueSpecification","valueRequired":true,"valueName":"search_term_string"}}],"inLanguage":"fi"}]}},"_links":{"self":[{"href":"https:\/\/saarijarvenreitinkalatalousalue.fi\/honkola-naarajarvi\/wp-json\/wp\/v2\/pages\/78","targetHints":{"allow":["GET"]}}],"collection":[{"href":"https:\/\/saarijarvenreitinkalatalousalue.fi\/honkola-naarajarvi\/wp-json\/wp\/v2\/pages"}],"about":[{"href":"https:\/\/saarijarvenreitinkalatalousalue.fi\/honkola-naarajarvi\/wp-json\/wp\/v2\/types\/page"}],"author":[{"embeddable":true,"href":"https:\/\/saarijarvenreitinkalatalousalue.fi\/honkola-naarajarvi\/wp-json\/wp\/v2\/users\/1"}],"replies":[{"embeddable":true,"href":"https:\/\/saarijarvenreitinkalatalousalue.fi\/honkola-naarajarvi\/wp-json\/wp\/v2\/comments?post=78"}],"version-history":[{"count":10,"href":"https:\/\/saarijarvenreitinkalatalousalue.fi\/honkola-naarajarvi\/wp-json\/wp\/v2\/pages\/78\/revisions"}],"predecessor-version":[{"id":233,"href":"https:\/\/saarijarvenreitinkalatalousalue.fi\/honkola-naarajarvi\/wp-json\/wp\/v2\/pages\/78\/revisions\/233"}],"wp:attachment":[{"href":"https:\/\/saarijarvenreitinkalatalousalue.fi\/honkola-naarajarvi\/wp-json\/wp\/v2\/media?parent=78"}],"curies":[{"name":"wp","href":"https:\/\/api.w.org\/{rel}","templated":true}]}}