{"id":2,"date":"2020-10-22T07:32:51","date_gmt":"2020-10-22T07:32:51","guid":{"rendered":"http:\/\/89.166.51.80\/~saarijarven\/hameenmaen-osakaskunta\/?page_id=2"},"modified":"2026-03-26T06:28:32","modified_gmt":"2026-03-26T06:28:32","slug":"etusivu","status":"publish","type":"page","link":"https:\/\/saarijarvenreitinkalatalousalue.fi\/karstula\/","title":{"rendered":"Etusivu"},"content":{"rendered":"\n<h2 class=\"wp-block-heading\">Tervetuloa Karstulan&nbsp;osakaskuntaan<\/h2>\n\n\n\n<p><strong>Ajankohtaista<\/strong><\/p>\n\n\n\n<div data-wp-interactive=\"core\/file\" class=\"wp-block-file\"><object data-wp-bind--hidden=\"!state.hasPdfPreview\" hidden class=\"wp-block-file__embed\" data=\"https:\/\/saarijarvenreitinkalatalousalue.fi\/karstula\/wp-content\/uploads\/sites\/38\/2026\/03\/Poytakirja-1-2026-Karstulan-osakaskunta-ylimaarainen-kokous.pdf\" type=\"application\/pdf\" style=\"width:100%;height:600px\" aria-label=\"Tiedoston P\u00f6yt\u00e4kirja 1-2026 Karstulan osakaskunta ylim\u00e4\u00e4r\u00e4inen kokous upotus.\"><\/object><a id=\"wp-block-file--media-9f191f95-aeda-4cb2-9c9c-04f510748948\" href=\"https:\/\/saarijarvenreitinkalatalousalue.fi\/karstula\/wp-content\/uploads\/sites\/38\/2026\/03\/Poytakirja-1-2026-Karstulan-osakaskunta-ylimaarainen-kokous.pdf\">P\u00f6yt\u00e4kirja 1-2026 Karstulan osakaskunta ylim\u00e4\u00e4r\u00e4inen kokous<\/a><a href=\"https:\/\/saarijarvenreitinkalatalousalue.fi\/karstula\/wp-content\/uploads\/sites\/38\/2026\/03\/Poytakirja-1-2026-Karstulan-osakaskunta-ylimaarainen-kokous.pdf\" class=\"wp-block-file__button wp-element-button\" download aria-describedby=\"wp-block-file--media-9f191f95-aeda-4cb2-9c9c-04f510748948\">Lataa<\/a><\/div>\n\n\n\n<p><\/p>\n","protected":false},"excerpt":{"rendered":"<p>Tervetuloa Karstulan&nbsp;osakaskuntaan <strong>Ajankohtaista<\/strong> <a id=\"wp-block-file--media-9f191f95-aeda-4cb2-9c9c-04f510748948\" href=\"https:\/\/saarijarvenreitinkalatalousalue.fi\/karstula\/wp-content\/uploads\/sites\/38\/2026\/03\/Poytakirja-1-2026-Karstulan-osakaskunta-ylimaarainen-kokous.pdf\">P\u00f6yt\u00e4kirja 1-2026 Karstulan osakaskunta ylim\u00e4\u00e4r\u00e4inen kokous<\/a><a href=\"https:\/\/saarijarvenreitinkalatalousalue.fi\/karstula\/wp-content\/uploads\/sites\/38\/2026\/03\/Poytakirja-1-2026-Karstulan-osakaskunta-ylimaarainen-kokous.pdf\" class=\"wp-block-file__button wp-element-button\" download aria-describedby=\"wp-block-file--media-9f191f95-aeda-4cb2-9c9c-04f510748948\">Lataa<\/a><\/p>\n","protected":false},"author":1,"featured_media":0,"parent":0,"menu_order":0,"comment_status":"closed","ping_status":"open","template":"","meta":{"_acf_changed":false,"footnotes":""},"class_list":["post-2","page","type-page","status-publish","hentry"],"acf":[],"yoast_head":"<!-- This site is optimized with the Yoast SEO plugin v27.1.1 - https:\/\/yoast.com\/product\/yoast-seo-wordpress\/ -->\n<title>Etusivu - Karstulan osakaskunta<\/title>\n<meta name=\"robots\" content=\"index, follow, max-snippet:-1, max-image-preview:large, max-video-preview:-1\" \/>\n<link rel=\"canonical\" href=\"https:\/\/saarijarvenreitinkalatalousalue.fi\/karstula\/\" \/>\n<meta property=\"og:locale\" content=\"fi_FI\" \/>\n<meta property=\"og:type\" content=\"article\" \/>\n<meta property=\"og:title\" content=\"Etusivu - Karstulan osakaskunta\" \/>\n<meta property=\"og:description\" content=\"Tervetuloa Karstulan&nbsp;osakaskuntaan Ajankohtaista P\u00f6yt\u00e4kirja 1-2026 Karstulan osakaskunta ylim\u00e4\u00e4r\u00e4inen kokousLataa\" \/>\n<meta property=\"og:url\" content=\"https:\/\/saarijarvenreitinkalatalousalue.fi\/karstula\/\" \/>\n<meta property=\"og:site_name\" content=\"Karstulan osakaskunta\" \/>\n<meta property=\"article:modified_time\" content=\"2026-03-26T06:28:32+00:00\" \/>\n<meta name=\"twitter:card\" content=\"summary_large_image\" \/>\n<meta name=\"twitter:label1\" content=\"Arvioitu lukuaika\" \/>\n\t<meta name=\"twitter:data1\" content=\"1 minuutti\" \/>\n<script type=\"application\/ld+json\" class=\"yoast-schema-graph\">{\"@context\":\"https:\/\/schema.org\",\"@graph\":[{\"@type\":\"WebPage\",\"@id\":\"https:\/\/saarijarvenreitinkalatalousalue.fi\/karstula\/\",\"url\":\"https:\/\/saarijarvenreitinkalatalousalue.fi\/karstula\/\",\"name\":\"Etusivu - Karstulan osakaskunta\",\"isPartOf\":{\"@id\":\"https:\/\/saarijarvenreitinkalatalousalue.fi\/karstula\/#website\"},\"datePublished\":\"2020-10-22T07:32:51+00:00\",\"dateModified\":\"2026-03-26T06:28:32+00:00\",\"breadcrumb\":{\"@id\":\"https:\/\/saarijarvenreitinkalatalousalue.fi\/karstula\/#breadcrumb\"},\"inLanguage\":\"fi\",\"potentialAction\":[{\"@type\":\"ReadAction\",\"target\":[\"https:\/\/saarijarvenreitinkalatalousalue.fi\/karstula\/\"]}]},{\"@type\":\"BreadcrumbList\",\"@id\":\"https:\/\/saarijarvenreitinkalatalousalue.fi\/karstula\/#breadcrumb\",\"itemListElement\":[{\"@type\":\"ListItem\",\"position\":1,\"name\":\"Home\",\"item\":\"https:\/\/saarijarvenreitinkalatalousalue.fi\/karstula\/\"},{\"@type\":\"ListItem\",\"position\":2,\"name\":\"Etusivu\"}]},{\"@type\":\"WebSite\",\"@id\":\"https:\/\/saarijarvenreitinkalatalousalue.fi\/karstula\/#website\",\"url\":\"https:\/\/saarijarvenreitinkalatalousalue.fi\/karstula\/\",\"name\":\"Karstulan osakaskunta\",\"description\":\"\",\"potentialAction\":[{\"@type\":\"SearchAction\",\"target\":{\"@type\":\"EntryPoint\",\"urlTemplate\":\"https:\/\/saarijarvenreitinkalatalousalue.fi\/karstula\/?s={search_term_string}\"},\"query-input\":{\"@type\":\"PropertyValueSpecification\",\"valueRequired\":true,\"valueName\":\"search_term_string\"}}],\"inLanguage\":\"fi\"}]}<\/script>\n<!-- \/ Yoast SEO plugin. -->","yoast_head_json":{"title":"Etusivu - Karstulan osakaskunta","robots":{"index":"index","follow":"follow","max-snippet":"max-snippet:-1","max-image-preview":"max-image-preview:large","max-video-preview":"max-video-preview:-1"},"canonical":"https:\/\/saarijarvenreitinkalatalousalue.fi\/karstula\/","og_locale":"fi_FI","og_type":"article","og_title":"Etusivu - Karstulan osakaskunta","og_description":"Tervetuloa Karstulan&nbsp;osakaskuntaan Ajankohtaista P\u00f6yt\u00e4kirja 1-2026 Karstulan osakaskunta ylim\u00e4\u00e4r\u00e4inen kokousLataa","og_url":"https:\/\/saarijarvenreitinkalatalousalue.fi\/karstula\/","og_site_name":"Karstulan osakaskunta","article_modified_time":"2026-03-26T06:28:32+00:00","twitter_card":"summary_large_image","twitter_misc":{"Arvioitu lukuaika":"1 minuutti"},"schema":{"@context":"https:\/\/schema.org","@graph":[{"@type":"WebPage","@id":"https:\/\/saarijarvenreitinkalatalousalue.fi\/karstula\/","url":"https:\/\/saarijarvenreitinkalatalousalue.fi\/karstula\/","name":"Etusivu - Karstulan osakaskunta","isPartOf":{"@id":"https:\/\/saarijarvenreitinkalatalousalue.fi\/karstula\/#website"},"datePublished":"2020-10-22T07:32:51+00:00","dateModified":"2026-03-26T06:28:32+00:00","breadcrumb":{"@id":"https:\/\/saarijarvenreitinkalatalousalue.fi\/karstula\/#breadcrumb"},"inLanguage":"fi","potentialAction":[{"@type":"ReadAction","target":["https:\/\/saarijarvenreitinkalatalousalue.fi\/karstula\/"]}]},{"@type":"BreadcrumbList","@id":"https:\/\/saarijarvenreitinkalatalousalue.fi\/karstula\/#breadcrumb","itemListElement":[{"@type":"ListItem","position":1,"name":"Home","item":"https:\/\/saarijarvenreitinkalatalousalue.fi\/karstula\/"},{"@type":"ListItem","position":2,"name":"Etusivu"}]},{"@type":"WebSite","@id":"https:\/\/saarijarvenreitinkalatalousalue.fi\/karstula\/#website","url":"https:\/\/saarijarvenreitinkalatalousalue.fi\/karstula\/","name":"Karstulan osakaskunta","description":"","potentialAction":[{"@type":"SearchAction","target":{"@type":"EntryPoint","urlTemplate":"https:\/\/saarijarvenreitinkalatalousalue.fi\/karstula\/?s={search_term_string}"},"query-input":{"@type":"PropertyValueSpecification","valueRequired":true,"valueName":"search_term_string"}}],"inLanguage":"fi"}]}},"_links":{"self":[{"href":"https:\/\/saarijarvenreitinkalatalousalue.fi\/karstula\/wp-json\/wp\/v2\/pages\/2","targetHints":{"allow":["GET"]}}],"collection":[{"href":"https:\/\/saarijarvenreitinkalatalousalue.fi\/karstula\/wp-json\/wp\/v2\/pages"}],"about":[{"href":"https:\/\/saarijarvenreitinkalatalousalue.fi\/karstula\/wp-json\/wp\/v2\/types\/page"}],"author":[{"embeddable":true,"href":"https:\/\/saarijarvenreitinkalatalousalue.fi\/karstula\/wp-json\/wp\/v2\/users\/1"}],"replies":[{"embeddable":true,"href":"https:\/\/saarijarvenreitinkalatalousalue.fi\/karstula\/wp-json\/wp\/v2\/comments?post=2"}],"version-history":[{"count":29,"href":"https:\/\/saarijarvenreitinkalatalousalue.fi\/karstula\/wp-json\/wp\/v2\/pages\/2\/revisions"}],"predecessor-version":[{"id":307,"href":"https:\/\/saarijarvenreitinkalatalousalue.fi\/karstula\/wp-json\/wp\/v2\/pages\/2\/revisions\/307"}],"wp:attachment":[{"href":"https:\/\/saarijarvenreitinkalatalousalue.fi\/karstula\/wp-json\/wp\/v2\/media?parent=2"}],"curies":[{"name":"wp","href":"https:\/\/api.w.org\/{rel}","templated":true}]}}