{"id":158,"date":"2020-10-29T12:25:46","date_gmt":"2020-10-29T12:25:46","guid":{"rendered":"http:\/\/89.166.51.80\/~saarijarven\/hameenmaen-osakaskunta\/?page_id=158"},"modified":"2026-05-07T16:49:05","modified_gmt":"2026-05-07T16:49:05","slug":"vuosikokous","status":"publish","type":"page","link":"https:\/\/saarijarvenreitinkalatalousalue.fi\/kyyra\/hallinto\/vuosikokous\/","title":{"rendered":"Vuosikokous"},"content":{"rendered":"\n<h2 class=\"wp-block-heading\">Vuosikokous 2026<\/h2>\n\n\n\n<p>Kyyr\u00e4n kalastuskunnan s\u00e4\u00e4nt\u00f6m\u00e4\u00e4r\u00e4inen vuosikokous 2026 pidettiin torstaina 23.4.2025 Lanneveden Sampolassa. Samassa yhteydess\u00e4 pidettiin my\u00f6s Kyyr\u00e4n kalastuskunnan hoitokunnan j\u00e4rjest\u00e4ytymiskokous 2026.<\/p>\n\n\n\n<p><a href=\"https:\/\/saarijarvenreitinkalatalousalue.fi\/kyyra\/poytakirjat-2026\/\" id=\"524\">P\u00f6yt\u00e4kirjat 2026<\/a><\/p>\n\n\n\n<h2 class=\"wp-block-heading\">Vuosikokous 2025<\/h2>\n\n\n\n<p>Kyyr\u00e4n kalastuskunnan s\u00e4\u00e4nt\u00f6m\u00e4\u00e4r\u00e4inen vuosikokous 2025 pidettiin torstaina 24.4.2025 Hernesalmen myllyll\u00e4. Samassa yhteydess\u00e4 pidettiin my\u00f6s Kyyr\u00e4n kalastuskunnan hoitokunnan j\u00e4rjest\u00e4ytymiskokous 2025.<\/p>\n\n\n\n<p><a href=\"https:\/\/saarijarvenreitinkalatalousalue.fi\/kyyra\/hallinto\/vuosikokous\/poytakirjat-2025\/\">P\u00f6yt\u00e4kirjat 2025<\/a><\/p>\n\n\n\n<h2 class=\"wp-block-heading\">Vuosikokous 2024<\/h2>\n\n\n\n<p>Kyyr\u00e4n kalastuskunnan s\u00e4\u00e4nt\u00f6m\u00e4\u00e4r\u00e4inen vuosikokous 2024 pidettiin torstaina 25.4.2024 Hernesalmen myllyll\u00e4. Samassa yhteydess\u00e4 pidettiin my\u00f6s Kyyr\u00e4n kalastuskunnan hoitokunnan j\u00e4rjest\u00e4ytymiskokous 2024.<\/p>\n\n\n\n<h2 class=\"wp-block-heading\">Vuosikokous 2023<\/h2>\n\n\n\n<p>Kyyr\u00e4n kalastuskunnan s\u00e4\u00e4nt\u00f6m\u00e4\u00e4r\u00e4inen vuosikokous 2023 pidettiin maanantaina 17.4.2023 Hernesalmen myllyll\u00e4. Samassa yhteydess\u00e4 pidettiin my\u00f6s Kyyr\u00e4n kalastuskunnan hoitokunnan j\u00e4rjest\u00e4ytymiskokous 2023.<\/p>\n\n\n\n<h2 class=\"wp-block-heading\">Vuosikokous 2022<\/h2>\n\n\n\n<p>Kyyr\u00e4n kalastuskunnan s\u00e4\u00e4nt\u00f6m\u00e4\u00e4r\u00e4inen vuosikokous 2022 pidettiin maanantaina 11.4.2022 Hernesalmen myllyll\u00e4. Samassa yhteydess\u00e4 pidettiin my\u00f6s Kyyr\u00e4n kalastuskunnan hoitokunnan j\u00e4rjest\u00e4ytymiskokous 2022.<\/p>\n","protected":false},"excerpt":{"rendered":"<p>Vuosikokous 2026 Kyyr\u00e4n kalastuskunnan s\u00e4\u00e4nt\u00f6m\u00e4\u00e4r\u00e4inen vuosikokous 2026 pidettiin torstaina 23.4.2025 Lanneveden Sampolassa. Samassa yhteydess\u00e4 pidettiin my\u00f6s Kyyr\u00e4n kalastuskunnan hoitokunnan j\u00e4rjest\u00e4ytymiskokous 2026. <a href=\"https:\/\/saarijarvenreitinkalatalousalue.fi\/kyyra\/poytakirjat-2026\/\" id=\"524\">P\u00f6yt\u00e4kirjat 2026<\/a> Vuosikokous 2025 Kyyr\u00e4n kalastuskunnan s\u00e4\u00e4nt\u00f6m\u00e4\u00e4r\u00e4inen vuosikokous 2025 pidettiin torstaina 24.4.2025 Hernesalmen myllyll\u00e4. Samassa yhteydess\u00e4 pidettiin my\u00f6s Kyyr\u00e4n kalastuskunnan hoitokunnan j\u00e4rjest\u00e4ytymiskokous<\/p>\n<p><a class=\"moretag\" href=\"https:\/\/saarijarvenreitinkalatalousalue.fi\/kyyra\/hallinto\/vuosikokous\/\"> Lue lis\u00e4\u00e4 ><\/a><\/p>\n","protected":false},"author":1,"featured_media":0,"parent":32,"menu_order":0,"comment_status":"closed","ping_status":"closed","template":"basic-sivu.php","meta":{"_acf_changed":false,"footnotes":""},"class_list":["post-158","page","type-page","status-publish","hentry"],"acf":[],"yoast_head":"<!-- This site is optimized with the Yoast SEO plugin v27.1.1 - https:\/\/yoast.com\/product\/yoast-seo-wordpress\/ -->\n<title>Vuosikokous - Kyyr\u00e4n osakaskunta<\/title>\n<meta name=\"description\" content=\"Kyyr\u00e4n kalastuskunnan s\u00e4\u00e4nt\u00f6m\u00e4\u00e4r\u00e4iset vuosikokoukset pidet\u00e4\u00e4n perinteisesti huhtikuussa Lannevedell\u00e4 Hernesalmen myllyll\u00e4.\" \/>\n<meta name=\"robots\" content=\"index, follow, max-snippet:-1, max-image-preview:large, max-video-preview:-1\" \/>\n<link rel=\"canonical\" href=\"https:\/\/saarijarvenreitinkalatalousalue.fi\/kyyra\/hallinto\/vuosikokous\/\" \/>\n<meta property=\"og:locale\" content=\"fi_FI\" \/>\n<meta property=\"og:type\" content=\"article\" \/>\n<meta property=\"og:title\" content=\"Vuosikokous - Kyyr\u00e4n osakaskunta\" \/>\n<meta property=\"og:description\" content=\"Kyyr\u00e4n kalastuskunnan s\u00e4\u00e4nt\u00f6m\u00e4\u00e4r\u00e4iset vuosikokoukset pidet\u00e4\u00e4n perinteisesti huhtikuussa Lannevedell\u00e4 Hernesalmen myllyll\u00e4.\" \/>\n<meta property=\"og:url\" content=\"https:\/\/saarijarvenreitinkalatalousalue.fi\/kyyra\/hallinto\/vuosikokous\/\" \/>\n<meta property=\"og:site_name\" content=\"Kyyr\u00e4n osakaskunta\" \/>\n<meta property=\"article:modified_time\" content=\"2026-05-07T16:49:05+00:00\" \/>\n<meta name=\"twitter:card\" content=\"summary_large_image\" \/>\n<meta name=\"twitter:label1\" content=\"Arvioitu lukuaika\" \/>\n\t<meta name=\"twitter:data1\" content=\"1 minuutti\" \/>\n<script type=\"application\/ld+json\" class=\"yoast-schema-graph\">{\"@context\":\"https:\/\/schema.org\",\"@graph\":[{\"@type\":\"WebPage\",\"@id\":\"https:\/\/saarijarvenreitinkalatalousalue.fi\/kyyra\/hallinto\/vuosikokous\/\",\"url\":\"https:\/\/saarijarvenreitinkalatalousalue.fi\/kyyra\/hallinto\/vuosikokous\/\",\"name\":\"Vuosikokous - Kyyr\u00e4n osakaskunta\",\"isPartOf\":{\"@id\":\"https:\/\/saarijarvenreitinkalatalousalue.fi\/kyyra\/#website\"},\"datePublished\":\"2020-10-29T12:25:46+00:00\",\"dateModified\":\"2026-05-07T16:49:05+00:00\",\"description\":\"Kyyr\u00e4n kalastuskunnan s\u00e4\u00e4nt\u00f6m\u00e4\u00e4r\u00e4iset vuosikokoukset pidet\u00e4\u00e4n perinteisesti huhtikuussa Lannevedell\u00e4 Hernesalmen myllyll\u00e4.\",\"breadcrumb\":{\"@id\":\"https:\/\/saarijarvenreitinkalatalousalue.fi\/kyyra\/hallinto\/vuosikokous\/#breadcrumb\"},\"inLanguage\":\"fi\",\"potentialAction\":[{\"@type\":\"ReadAction\",\"target\":[\"https:\/\/saarijarvenreitinkalatalousalue.fi\/kyyra\/hallinto\/vuosikokous\/\"]}]},{\"@type\":\"BreadcrumbList\",\"@id\":\"https:\/\/saarijarvenreitinkalatalousalue.fi\/kyyra\/hallinto\/vuosikokous\/#breadcrumb\",\"itemListElement\":[{\"@type\":\"ListItem\",\"position\":1,\"name\":\"Home\",\"item\":\"https:\/\/saarijarvenreitinkalatalousalue.fi\/kyyra\/\"},{\"@type\":\"ListItem\",\"position\":2,\"name\":\"Hallinto\",\"item\":\"https:\/\/saarijarvenreitinkalatalousalue.fi\/kyyra\/hallinto\/\"},{\"@type\":\"ListItem\",\"position\":3,\"name\":\"Vuosikokous\"}]},{\"@type\":\"WebSite\",\"@id\":\"https:\/\/saarijarvenreitinkalatalousalue.fi\/kyyra\/#website\",\"url\":\"https:\/\/saarijarvenreitinkalatalousalue.fi\/kyyra\/\",\"name\":\"Kyyr\u00e4n osakaskunta\",\"description\":\"\",\"potentialAction\":[{\"@type\":\"SearchAction\",\"target\":{\"@type\":\"EntryPoint\",\"urlTemplate\":\"https:\/\/saarijarvenreitinkalatalousalue.fi\/kyyra\/?s={search_term_string}\"},\"query-input\":{\"@type\":\"PropertyValueSpecification\",\"valueRequired\":true,\"valueName\":\"search_term_string\"}}],\"inLanguage\":\"fi\"}]}<\/script>\n<!-- \/ Yoast SEO plugin. -->","yoast_head_json":{"title":"Vuosikokous - Kyyr\u00e4n osakaskunta","description":"Kyyr\u00e4n kalastuskunnan s\u00e4\u00e4nt\u00f6m\u00e4\u00e4r\u00e4iset vuosikokoukset pidet\u00e4\u00e4n perinteisesti huhtikuussa Lannevedell\u00e4 Hernesalmen myllyll\u00e4.","robots":{"index":"index","follow":"follow","max-snippet":"max-snippet:-1","max-image-preview":"max-image-preview:large","max-video-preview":"max-video-preview:-1"},"canonical":"https:\/\/saarijarvenreitinkalatalousalue.fi\/kyyra\/hallinto\/vuosikokous\/","og_locale":"fi_FI","og_type":"article","og_title":"Vuosikokous - Kyyr\u00e4n osakaskunta","og_description":"Kyyr\u00e4n kalastuskunnan s\u00e4\u00e4nt\u00f6m\u00e4\u00e4r\u00e4iset vuosikokoukset pidet\u00e4\u00e4n perinteisesti huhtikuussa Lannevedell\u00e4 Hernesalmen myllyll\u00e4.","og_url":"https:\/\/saarijarvenreitinkalatalousalue.fi\/kyyra\/hallinto\/vuosikokous\/","og_site_name":"Kyyr\u00e4n osakaskunta","article_modified_time":"2026-05-07T16:49:05+00:00","twitter_card":"summary_large_image","twitter_misc":{"Arvioitu lukuaika":"1 minuutti"},"schema":{"@context":"https:\/\/schema.org","@graph":[{"@type":"WebPage","@id":"https:\/\/saarijarvenreitinkalatalousalue.fi\/kyyra\/hallinto\/vuosikokous\/","url":"https:\/\/saarijarvenreitinkalatalousalue.fi\/kyyra\/hallinto\/vuosikokous\/","name":"Vuosikokous - Kyyr\u00e4n osakaskunta","isPartOf":{"@id":"https:\/\/saarijarvenreitinkalatalousalue.fi\/kyyra\/#website"},"datePublished":"2020-10-29T12:25:46+00:00","dateModified":"2026-05-07T16:49:05+00:00","description":"Kyyr\u00e4n kalastuskunnan s\u00e4\u00e4nt\u00f6m\u00e4\u00e4r\u00e4iset vuosikokoukset pidet\u00e4\u00e4n perinteisesti huhtikuussa Lannevedell\u00e4 Hernesalmen myllyll\u00e4.","breadcrumb":{"@id":"https:\/\/saarijarvenreitinkalatalousalue.fi\/kyyra\/hallinto\/vuosikokous\/#breadcrumb"},"inLanguage":"fi","potentialAction":[{"@type":"ReadAction","target":["https:\/\/saarijarvenreitinkalatalousalue.fi\/kyyra\/hallinto\/vuosikokous\/"]}]},{"@type":"BreadcrumbList","@id":"https:\/\/saarijarvenreitinkalatalousalue.fi\/kyyra\/hallinto\/vuosikokous\/#breadcrumb","itemListElement":[{"@type":"ListItem","position":1,"name":"Home","item":"https:\/\/saarijarvenreitinkalatalousalue.fi\/kyyra\/"},{"@type":"ListItem","position":2,"name":"Hallinto","item":"https:\/\/saarijarvenreitinkalatalousalue.fi\/kyyra\/hallinto\/"},{"@type":"ListItem","position":3,"name":"Vuosikokous"}]},{"@type":"WebSite","@id":"https:\/\/saarijarvenreitinkalatalousalue.fi\/kyyra\/#website","url":"https:\/\/saarijarvenreitinkalatalousalue.fi\/kyyra\/","name":"Kyyr\u00e4n osakaskunta","description":"","potentialAction":[{"@type":"SearchAction","target":{"@type":"EntryPoint","urlTemplate":"https:\/\/saarijarvenreitinkalatalousalue.fi\/kyyra\/?s={search_term_string}"},"query-input":{"@type":"PropertyValueSpecification","valueRequired":true,"valueName":"search_term_string"}}],"inLanguage":"fi"}]}},"_links":{"self":[{"href":"https:\/\/saarijarvenreitinkalatalousalue.fi\/kyyra\/wp-json\/wp\/v2\/pages\/158","targetHints":{"allow":["GET"]}}],"collection":[{"href":"https:\/\/saarijarvenreitinkalatalousalue.fi\/kyyra\/wp-json\/wp\/v2\/pages"}],"about":[{"href":"https:\/\/saarijarvenreitinkalatalousalue.fi\/kyyra\/wp-json\/wp\/v2\/types\/page"}],"author":[{"embeddable":true,"href":"https:\/\/saarijarvenreitinkalatalousalue.fi\/kyyra\/wp-json\/wp\/v2\/users\/1"}],"replies":[{"embeddable":true,"href":"https:\/\/saarijarvenreitinkalatalousalue.fi\/kyyra\/wp-json\/wp\/v2\/comments?post=158"}],"version-history":[{"count":12,"href":"https:\/\/saarijarvenreitinkalatalousalue.fi\/kyyra\/wp-json\/wp\/v2\/pages\/158\/revisions"}],"predecessor-version":[{"id":528,"href":"https:\/\/saarijarvenreitinkalatalousalue.fi\/kyyra\/wp-json\/wp\/v2\/pages\/158\/revisions\/528"}],"up":[{"embeddable":true,"href":"https:\/\/saarijarvenreitinkalatalousalue.fi\/kyyra\/wp-json\/wp\/v2\/pages\/32"}],"wp:attachment":[{"href":"https:\/\/saarijarvenreitinkalatalousalue.fi\/kyyra\/wp-json\/wp\/v2\/media?parent=158"}],"curies":[{"name":"wp","href":"https:\/\/api.w.org\/{rel}","templated":true}]}}