{"id":2,"date":"2020-10-22T07:32:51","date_gmt":"2020-10-22T07:32:51","guid":{"rendered":"http:\/\/89.166.51.80\/~saarijarven\/hameenmaen-osakaskunta\/?page_id=2"},"modified":"2026-05-07T16:32:24","modified_gmt":"2026-05-07T16:32:24","slug":"kyyran-osakaskunta-kalastuskunta-lannevesi-lannejoki-summanen-summasjoki","status":"publish","type":"page","link":"https:\/\/saarijarvenreitinkalatalousalue.fi\/kyyra\/","title":{"rendered":"Etusivu"},"content":{"rendered":"\n<h2 class=\"wp-block-heading\">Tervetuloa Kyyr\u00e4n&nbsp;kalastuskuntaan<\/h2>\n\n\n\n<p>Kyyr\u00e4n kalastuskunta on yksi <a href=\"https:\/\/saarijarvenreitinkalatalousalue.fi\/\" target=\"_blank\" rel=\"noreferrer noopener\">Saarij\u00e4rven reitin kalatalousalueen<\/a> 23 osakaskunnasta. Virallinen nimi on siis Kyyr\u00e4n kalastuskunta, vaikka se juridisesti onkin osakaskunta. Lis\u00e4\u00e4 t\u00e4st\u00e4 sivulla <a href=\"https:\/\/saarijarvenreitinkalatalousalue.fi\/kyyra\/tiedot\/mika-osakaskunta\/\">Mik\u00e4 osakaskunta?<\/a>. Kyyr\u00e4n kalastuskunnan kalastusalue sijaitsee Saarij\u00e4rven Lannevedell\u00e4 ja siihen kuuluu vesialueita Summanen- ja Lannevesi-j\u00e4rvest\u00e4 sek\u00e4 Lannejoesta. Tervetuloa nauttimaan upeista Saarij\u00e4rven maisemista ja sen kalaisista vesist\u00e4!<\/p>\n\n\n\n<p><strong>Ajankohtaista<\/strong><\/p>\n\n\n\n<ul class=\"wp-block-list\">\n<li>05\/2026: Vuosikokous 2026 pidetty Sampolassa to 23.4.2026.<\/li>\n\n\n\n<li>04\/2025: S\u00e4\u00e4nt\u00f6m\u00e4\u00e4r\u00e4inen vuosikokous Hernesalmen myllyll\u00e4 torstaina 24.4.2025 klo 18:00. Kahvitarjoilu klo 17:30 alkaen. Tervetuloa!<\/li>\n\n\n\n<li>04\/2024: S\u00e4\u00e4nt\u00f6m\u00e4\u00e4r\u00e4inen vuosikokous Hernesalmen myllyll\u00e4 torstaina 25.4.2024 klo 18 alkaen. Tervetuloa!<\/li>\n\n\n\n<li>04\/2023: Vuosikokous 2023 pidetty Hernesalmen myllyll\u00e4 ma 17.4.2023.<\/li>\n\n\n\n<li>09\/2022: Lis\u00e4tty kalastuskunnan vesialueet esittelev\u00e4t kartat. Kyll\u00e4 nyt kelpaa!<\/li>\n\n\n\n<li>05\/2022: Kyyr\u00e4n kalastuskunnan sivujen sis\u00e4lt\u00f6 p\u00e4ivitetty ajantasalla. Kalastuskunnan aluevesien kartta tulossa.<\/li>\n\n\n\n<li>04\/2022: Kyyr\u00e4n kalastuskunnan sivuja p\u00e4ivitet\u00e4\u00e4n. Sis\u00e4lt\u00f6\u00e4 tulossa.<\/li>\n\n\n\n<li>04\/2022: Vuosikokous 2022 pidetty Hernesalmen myllyll\u00e4. P\u00e4\u00e4tetty laittaa Kyyr\u00e4n kalastuskunnan nettisivut kuntoon, vastuuhenkil\u00f6ksi t\u00e4h\u00e4n valittu Antti Pyykk\u00f6<\/li>\n<\/ul>\n","protected":false},"excerpt":{"rendered":"<p>Tervetuloa Kyyr\u00e4n&nbsp;kalastuskuntaan Kyyr\u00e4n kalastuskunta on yksi <a href=\"https:\/\/saarijarvenreitinkalatalousalue.fi\/\" target=\"_blank\" rel=\"noreferrer noopener\">Saarij\u00e4rven reitin kalatalousalueen<\/a> 23 osakaskunnasta. Virallinen nimi on siis Kyyr\u00e4n kalastuskunta, vaikka se juridisesti onkin osakaskunta. Lis\u00e4\u00e4 t\u00e4st\u00e4 sivulla <a href=\"https:\/\/saarijarvenreitinkalatalousalue.fi\/kyyra\/tiedot\/mika-osakaskunta\/\">Mik\u00e4 osakaskunta?<\/a>. Kyyr\u00e4n kalastuskunnan kalastusalue sijaitsee Saarij\u00e4rven Lannevedell\u00e4 ja siihen kuuluu vesialueita Summanen- ja Lannevesi-j\u00e4rvest\u00e4<\/p>\n<p><a class=\"moretag\" href=\"https:\/\/saarijarvenreitinkalatalousalue.fi\/kyyra\/\"> Lue lis\u00e4\u00e4 ><\/a><\/p>\n","protected":false},"author":20,"featured_media":0,"parent":0,"menu_order":0,"comment_status":"closed","ping_status":"open","template":"","meta":{"_acf_changed":false,"footnotes":""},"class_list":["post-2","page","type-page","status-publish","hentry"],"acf":[],"yoast_head":"<!-- This site is optimized with the Yoast SEO plugin v27.1.1 - https:\/\/yoast.com\/product\/yoast-seo-wordpress\/ -->\n<title>Etusivu - Kyyr\u00e4n osakaskunta<\/title>\n<meta name=\"description\" content=\"Kyyr\u00e4n kalastuskunta on yksi Saarij\u00e4rven reitin kalatalousalueen 23 osakaskunnasta. Kyyr\u00e4n kalastuskunnan kalastusalue sijaitsee Saarij\u00e4rven Lannevedell\u00e4 ja siihen kuuluu vesialueita Summanen- ja Lannevesi-j\u00e4rvest\u00e4 sek\u00e4 Lannejoesta. Tervetuloa nauttimaan upeista Saarij\u00e4rven maisemista ja sen kalaisista vesist\u00e4!\" \/>\n<meta name=\"robots\" content=\"index, follow, max-snippet:-1, max-image-preview:large, max-video-preview:-1\" \/>\n<link rel=\"canonical\" href=\"https:\/\/saarijarvenreitinkalatalousalue.fi\/kyyra\/\" \/>\n<meta property=\"og:locale\" content=\"fi_FI\" \/>\n<meta property=\"og:type\" content=\"article\" \/>\n<meta property=\"og:title\" content=\"Etusivu - Kyyr\u00e4n osakaskunta\" \/>\n<meta property=\"og:description\" content=\"Kyyr\u00e4n kalastuskunta on yksi Saarij\u00e4rven reitin kalatalousalueen 23 osakaskunnasta. Kyyr\u00e4n kalastuskunnan kalastusalue sijaitsee Saarij\u00e4rven Lannevedell\u00e4 ja siihen kuuluu vesialueita Summanen- ja Lannevesi-j\u00e4rvest\u00e4 sek\u00e4 Lannejoesta. Tervetuloa nauttimaan upeista Saarij\u00e4rven maisemista ja sen kalaisista vesist\u00e4!\" \/>\n<meta property=\"og:url\" content=\"https:\/\/saarijarvenreitinkalatalousalue.fi\/kyyra\/\" \/>\n<meta property=\"og:site_name\" content=\"Kyyr\u00e4n osakaskunta\" \/>\n<meta property=\"article:modified_time\" content=\"2026-05-07T16:32:24+00:00\" \/>\n<meta name=\"twitter:card\" content=\"summary_large_image\" \/>\n<meta name=\"twitter:label1\" content=\"Arvioitu lukuaika\" \/>\n\t<meta name=\"twitter:data1\" content=\"1 minuutti\" \/>\n<script type=\"application\/ld+json\" class=\"yoast-schema-graph\">{\"@context\":\"https:\/\/schema.org\",\"@graph\":[{\"@type\":\"WebPage\",\"@id\":\"https:\/\/saarijarvenreitinkalatalousalue.fi\/kyyra\/\",\"url\":\"https:\/\/saarijarvenreitinkalatalousalue.fi\/kyyra\/\",\"name\":\"Etusivu - Kyyr\u00e4n osakaskunta\",\"isPartOf\":{\"@id\":\"https:\/\/saarijarvenreitinkalatalousalue.fi\/kyyra\/#website\"},\"datePublished\":\"2020-10-22T07:32:51+00:00\",\"dateModified\":\"2026-05-07T16:32:24+00:00\",\"description\":\"Kyyr\u00e4n kalastuskunta on yksi Saarij\u00e4rven reitin kalatalousalueen 23 osakaskunnasta. Kyyr\u00e4n kalastuskunnan kalastusalue sijaitsee Saarij\u00e4rven Lannevedell\u00e4 ja siihen kuuluu vesialueita Summanen- ja Lannevesi-j\u00e4rvest\u00e4 sek\u00e4 Lannejoesta. Tervetuloa nauttimaan upeista Saarij\u00e4rven maisemista ja sen kalaisista vesist\u00e4!\",\"breadcrumb\":{\"@id\":\"https:\/\/saarijarvenreitinkalatalousalue.fi\/kyyra\/#breadcrumb\"},\"inLanguage\":\"fi\",\"potentialAction\":[{\"@type\":\"ReadAction\",\"target\":[\"https:\/\/saarijarvenreitinkalatalousalue.fi\/kyyra\/\"]}]},{\"@type\":\"BreadcrumbList\",\"@id\":\"https:\/\/saarijarvenreitinkalatalousalue.fi\/kyyra\/#breadcrumb\",\"itemListElement\":[{\"@type\":\"ListItem\",\"position\":1,\"name\":\"Home\",\"item\":\"https:\/\/saarijarvenreitinkalatalousalue.fi\/kyyra\/\"},{\"@type\":\"ListItem\",\"position\":2,\"name\":\"Etusivu\"}]},{\"@type\":\"WebSite\",\"@id\":\"https:\/\/saarijarvenreitinkalatalousalue.fi\/kyyra\/#website\",\"url\":\"https:\/\/saarijarvenreitinkalatalousalue.fi\/kyyra\/\",\"name\":\"Kyyr\u00e4n osakaskunta\",\"description\":\"\",\"potentialAction\":[{\"@type\":\"SearchAction\",\"target\":{\"@type\":\"EntryPoint\",\"urlTemplate\":\"https:\/\/saarijarvenreitinkalatalousalue.fi\/kyyra\/?s={search_term_string}\"},\"query-input\":{\"@type\":\"PropertyValueSpecification\",\"valueRequired\":true,\"valueName\":\"search_term_string\"}}],\"inLanguage\":\"fi\"}]}<\/script>\n<!-- \/ Yoast SEO plugin. -->","yoast_head_json":{"title":"Etusivu - Kyyr\u00e4n osakaskunta","description":"Kyyr\u00e4n kalastuskunta on yksi Saarij\u00e4rven reitin kalatalousalueen 23 osakaskunnasta. Kyyr\u00e4n kalastuskunnan kalastusalue sijaitsee Saarij\u00e4rven Lannevedell\u00e4 ja siihen kuuluu vesialueita Summanen- ja Lannevesi-j\u00e4rvest\u00e4 sek\u00e4 Lannejoesta. Tervetuloa nauttimaan upeista Saarij\u00e4rven maisemista ja sen kalaisista vesist\u00e4!","robots":{"index":"index","follow":"follow","max-snippet":"max-snippet:-1","max-image-preview":"max-image-preview:large","max-video-preview":"max-video-preview:-1"},"canonical":"https:\/\/saarijarvenreitinkalatalousalue.fi\/kyyra\/","og_locale":"fi_FI","og_type":"article","og_title":"Etusivu - Kyyr\u00e4n osakaskunta","og_description":"Kyyr\u00e4n kalastuskunta on yksi Saarij\u00e4rven reitin kalatalousalueen 23 osakaskunnasta. Kyyr\u00e4n kalastuskunnan kalastusalue sijaitsee Saarij\u00e4rven Lannevedell\u00e4 ja siihen kuuluu vesialueita Summanen- ja Lannevesi-j\u00e4rvest\u00e4 sek\u00e4 Lannejoesta. Tervetuloa nauttimaan upeista Saarij\u00e4rven maisemista ja sen kalaisista vesist\u00e4!","og_url":"https:\/\/saarijarvenreitinkalatalousalue.fi\/kyyra\/","og_site_name":"Kyyr\u00e4n osakaskunta","article_modified_time":"2026-05-07T16:32:24+00:00","twitter_card":"summary_large_image","twitter_misc":{"Arvioitu lukuaika":"1 minuutti"},"schema":{"@context":"https:\/\/schema.org","@graph":[{"@type":"WebPage","@id":"https:\/\/saarijarvenreitinkalatalousalue.fi\/kyyra\/","url":"https:\/\/saarijarvenreitinkalatalousalue.fi\/kyyra\/","name":"Etusivu - Kyyr\u00e4n osakaskunta","isPartOf":{"@id":"https:\/\/saarijarvenreitinkalatalousalue.fi\/kyyra\/#website"},"datePublished":"2020-10-22T07:32:51+00:00","dateModified":"2026-05-07T16:32:24+00:00","description":"Kyyr\u00e4n kalastuskunta on yksi Saarij\u00e4rven reitin kalatalousalueen 23 osakaskunnasta. Kyyr\u00e4n kalastuskunnan kalastusalue sijaitsee Saarij\u00e4rven Lannevedell\u00e4 ja siihen kuuluu vesialueita Summanen- ja Lannevesi-j\u00e4rvest\u00e4 sek\u00e4 Lannejoesta. Tervetuloa nauttimaan upeista Saarij\u00e4rven maisemista ja sen kalaisista vesist\u00e4!","breadcrumb":{"@id":"https:\/\/saarijarvenreitinkalatalousalue.fi\/kyyra\/#breadcrumb"},"inLanguage":"fi","potentialAction":[{"@type":"ReadAction","target":["https:\/\/saarijarvenreitinkalatalousalue.fi\/kyyra\/"]}]},{"@type":"BreadcrumbList","@id":"https:\/\/saarijarvenreitinkalatalousalue.fi\/kyyra\/#breadcrumb","itemListElement":[{"@type":"ListItem","position":1,"name":"Home","item":"https:\/\/saarijarvenreitinkalatalousalue.fi\/kyyra\/"},{"@type":"ListItem","position":2,"name":"Etusivu"}]},{"@type":"WebSite","@id":"https:\/\/saarijarvenreitinkalatalousalue.fi\/kyyra\/#website","url":"https:\/\/saarijarvenreitinkalatalousalue.fi\/kyyra\/","name":"Kyyr\u00e4n osakaskunta","description":"","potentialAction":[{"@type":"SearchAction","target":{"@type":"EntryPoint","urlTemplate":"https:\/\/saarijarvenreitinkalatalousalue.fi\/kyyra\/?s={search_term_string}"},"query-input":{"@type":"PropertyValueSpecification","valueRequired":true,"valueName":"search_term_string"}}],"inLanguage":"fi"}]}},"_links":{"self":[{"href":"https:\/\/saarijarvenreitinkalatalousalue.fi\/kyyra\/wp-json\/wp\/v2\/pages\/2","targetHints":{"allow":["GET"]}}],"collection":[{"href":"https:\/\/saarijarvenreitinkalatalousalue.fi\/kyyra\/wp-json\/wp\/v2\/pages"}],"about":[{"href":"https:\/\/saarijarvenreitinkalatalousalue.fi\/kyyra\/wp-json\/wp\/v2\/types\/page"}],"author":[{"embeddable":true,"href":"https:\/\/saarijarvenreitinkalatalousalue.fi\/kyyra\/wp-json\/wp\/v2\/users\/20"}],"replies":[{"embeddable":true,"href":"https:\/\/saarijarvenreitinkalatalousalue.fi\/kyyra\/wp-json\/wp\/v2\/comments?post=2"}],"version-history":[{"count":38,"href":"https:\/\/saarijarvenreitinkalatalousalue.fi\/kyyra\/wp-json\/wp\/v2\/pages\/2\/revisions"}],"predecessor-version":[{"id":518,"href":"https:\/\/saarijarvenreitinkalatalousalue.fi\/kyyra\/wp-json\/wp\/v2\/pages\/2\/revisions\/518"}],"wp:attachment":[{"href":"https:\/\/saarijarvenreitinkalatalousalue.fi\/kyyra\/wp-json\/wp\/v2\/media?parent=2"}],"curies":[{"name":"wp","href":"https:\/\/api.w.org\/{rel}","templated":true}]}}