{"id":26,"date":"2020-10-29T08:31:59","date_gmt":"2020-10-29T08:31:59","guid":{"rendered":"http:\/\/89.166.51.80\/~saarijarven\/hameenmaen-osakaskunta\/?page_id=26"},"modified":"2025-05-05T16:27:09","modified_gmt":"2025-05-05T16:27:09","slug":"mika-osakaskunta","status":"publish","type":"page","link":"https:\/\/saarijarvenreitinkalatalousalue.fi\/kyyra\/tiedot\/mika-osakaskunta\/","title":{"rendered":"Mik\u00e4 Kyyr\u00e4n kalastuskunta?"},"content":{"rendered":"\n<h2 class=\"wp-block-heading\">Mik\u00e4 Kyyr\u00e4n kalastuskunta?<\/h2>\n\n\n\n<p><a href=\"https:\/\/www.kalatalouskeskus.fi\/osakaskunnat\/\">Kalatalouskeskus<\/a> kertoo:<\/p>\n\n\n\n<blockquote class=\"wp-block-quote is-layout-flow wp-block-quote-is-layout-flow\">\n<p><\/p>\n<cite><em>Suomen vesialueet ovat joko valtion&nbsp;omistuksessa olevia yleisvesi\u00e4, osakaskuntien yhteisi\u00e4 vesi\u00e4 tai yksityisvesi\u00e4.&nbsp;Pohjoisessa Suomessa on paljon valtion omistamia vesi\u00e4,&nbsp;kun taas muualla Suomessa vedet ovat enimm\u00e4kseen yksityisess\u00e4 omistuksessa&nbsp;osakaskunnat&nbsp;mukaan lukien.&nbsp;Jos vesialueella on useampi kuin yksi omistaja, muodostavat sen osakkaat osakaskunnan (entinen&nbsp;kalastuskunta). Osakaskunta&nbsp;toimii yhteisaluelain sek\u00e4 kalastuslain mukaisesti ja&nbsp;p\u00e4\u00e4tt\u00e4\u00e4 alueensa k\u00e4yt\u00f6st\u00e4&nbsp;kuten&nbsp;kalastuksesta ja mets\u00e4styksest\u00e4. Olet osakas, jos omistat osuuden yhteisiin vesialueisiin. T\u00e4ll\u00f6in sinulla on sananvaltaa osakaskunnan kokouksessa. Omistusoikeus voidaan todeta kiinteist\u00f6rekisteriotteesta, jonka voi tilata Maanmittauslaitoksesta.<\/em><\/cite><\/blockquote>\n\n\n\n<h2 class=\"wp-block-heading\">Kyyr\u00e4n kalastuskunta<\/h2>\n\n\n\n<p>Kyyr\u00e4n osakaskunnan virallinen <strong>nimi<\/strong> on <em>Kyyr\u00e4n kalastuskunta<\/em>. T\u00e4ss\u00e4 on taustalla historian havinaa: menneisyydess\u00e4 ei ollut olemassa osakaskuntia, ainoastaan kalastuskuntia. Sittemmin kalastuskunnat muutettiin osakaskunniksi, mutta monet kalastuskunnat eiv\u00e4t ole koskaan vaihtaneet nime\u00e4\u00e4n virallisiin papereihin. T\u00e4m\u00e4 p\u00e4tee my\u00f6s Kyyr\u00e4n kalast&#8230; osakaskuntaan. \ud83d\ude42 Juridisesti Kyyr\u00e4n kalastuskunta on siis osakaskunta.<\/p>\n\n\n\n<h2 class=\"wp-block-heading\">Ketk\u00e4 ovat osakaskunnan j\u00e4seni\u00e4?<\/h2>\n\n\n\n<p>Vastoin yleist\u00e4 harhaluuloa, osakaskunnan vesialueeseen rajautuvan tontin omistaminen ei suoraan tarkoita sit\u00e4, ett\u00e4 tontin omistaja olisi osakaskunnan j\u00e4sen. Osakaskunnan j\u00e4senyyden n\u00e4et kiinteist\u00f6rekisteriotteesta (maksullinen, <a href=\"https:\/\/www.maanmittauslaitos.fi\/kiinteistot\/asiantuntevalle-kayttajalle\/kiinteistotiedot-ja-niiden-hankinta\/rekisteriotteiden-5\">tilataan Maanmittauslaitokselta<\/a>), mist\u00e4 alla esimerkki.<\/p>\n\n\n\n<figure class=\"wp-block-image size-full\"><img loading=\"lazy\" decoding=\"async\" width=\"802\" height=\"534\" src=\"https:\/\/saarijarvenreitinkalatalousalue.fi\/kyyra\/wp-content\/uploads\/sites\/44\/2022\/09\/kiinteistorekisteriote.png\" alt=\"\" class=\"wp-image-395\" srcset=\"https:\/\/saarijarvenreitinkalatalousalue.fi\/kyyra\/wp-content\/uploads\/sites\/44\/2022\/09\/kiinteistorekisteriote.png 802w, https:\/\/saarijarvenreitinkalatalousalue.fi\/kyyra\/wp-content\/uploads\/sites\/44\/2022\/09\/kiinteistorekisteriote-300x200.png 300w, https:\/\/saarijarvenreitinkalatalousalue.fi\/kyyra\/wp-content\/uploads\/sites\/44\/2022\/09\/kiinteistorekisteriote-768x511.png 768w\" sizes=\"auto, (max-width: 802px) 100vw, 802px\" \/><figcaption class=\"wp-element-caption\"><em>Esimerkki kiinteist\u00f6rekisteriotteesta, jossa ilmoitetaan osakkuudesta Kyyr\u00e4n kalastuskuntaan<\/em><\/figcaption><\/figure>\n\n\n\n<h2 class=\"wp-block-heading\">Yhteystiedot<\/h2>\n\n\n\n<ul class=\"wp-block-list\">\n<li>Lis\u00e4tietoja Kyyr\u00e4n kalastuskunnasta:\n<ul class=\"wp-block-list\">\n<li>Ota yhteytt\u00e4 <a href=\"https:\/\/www.facebook.com\/Kyyr%C3%A4n-kalastuskunta-367799330547751\" target=\"_blank\" rel=\"noreferrer noopener\">Facebookissa<\/a><\/li>\n<\/ul>\n<\/li>\n\n\n\n<li>Luvat\n<ul class=\"wp-block-list\">\n<li><a href=\"https:\/\/saarijarvenreitinkalatalousalue.fi\/kyyra\/luvat\/luvanmyyjat\/\">Lupien myyj\u00e4t ja heid\u00e4n yhteystiedot<\/a><\/li>\n<\/ul>\n<\/li>\n<\/ul>\n\n\n\n<h2 class=\"wp-block-heading\">Sijainti<\/h2>\n\n\n\n<p>Kyyr\u00e4n kalastuskunnan vesialueita voit tarkastella sivulla <a href=\"https:\/\/saarijarvenreitinkalatalousalue.fi\/kyyra\/tiedot-2\/kartat\/\">Kartat<\/a>.<\/p>\n","protected":false},"excerpt":{"rendered":"<p>Mik\u00e4 Kyyr\u00e4n kalastuskunta? <a href=\"https:\/\/www.kalatalouskeskus.fi\/osakaskunnat\/\">Kalatalouskeskus<\/a> kertoo: <em>Suomen vesialueet ovat joko valtion&nbsp;omistuksessa olevia yleisvesi\u00e4, osakaskuntien yhteisi\u00e4 vesi\u00e4 tai yksityisvesi\u00e4.&nbsp;Pohjoisessa Suomessa on paljon valtion omistamia vesi\u00e4,&nbsp;kun taas muualla Suomessa vedet ovat enimm\u00e4kseen yksityisess\u00e4 omistuksessa&nbsp;osakaskunnat&nbsp;mukaan lukien.&nbsp;Jos vesialueella on useampi kuin yksi omistaja, muodostavat sen osakkaat osakaskunnan (entinen&nbsp;kalastuskunta). Osakaskunta&nbsp;toimii<\/p>\n<p><a class=\"moretag\" href=\"https:\/\/saarijarvenreitinkalatalousalue.fi\/kyyra\/tiedot\/mika-osakaskunta\/\"> Lue lis\u00e4\u00e4 ><\/a><\/p>\n<p><\/em><\/p>\n","protected":false},"author":20,"featured_media":0,"parent":379,"menu_order":0,"comment_status":"closed","ping_status":"closed","template":"basic-sivu.php","meta":{"_acf_changed":false,"footnotes":""},"class_list":["post-26","page","type-page","status-publish","hentry"],"acf":[],"yoast_head":"<!-- This site is optimized with the Yoast SEO plugin v27.1.1 - https:\/\/yoast.com\/product\/yoast-seo-wordpress\/ -->\n<title>Mik\u00e4 Kyyr\u00e4n kalastuskunta? - Kyyr\u00e4n osakaskunta<\/title>\n<meta name=\"description\" content=\"Mik\u00e4 kalastuskunta? Mit\u00e4 eroa on osakaskunnalla ja kalastuskunnalla? Onko Kyyr\u00e4n kalastuskunta kalastuskunta, osakaskunta vai molempia?\" \/>\n<meta name=\"robots\" content=\"index, follow, max-snippet:-1, max-image-preview:large, max-video-preview:-1\" \/>\n<link rel=\"canonical\" href=\"https:\/\/saarijarvenreitinkalatalousalue.fi\/kyyra\/tiedot\/mika-osakaskunta\/\" \/>\n<meta property=\"og:locale\" content=\"fi_FI\" \/>\n<meta property=\"og:type\" content=\"article\" \/>\n<meta property=\"og:title\" content=\"Mik\u00e4 Kyyr\u00e4n kalastuskunta? - Kyyr\u00e4n osakaskunta\" \/>\n<meta property=\"og:description\" content=\"Mik\u00e4 kalastuskunta? Mit\u00e4 eroa on osakaskunnalla ja kalastuskunnalla? Onko Kyyr\u00e4n kalastuskunta kalastuskunta, osakaskunta vai molempia?\" \/>\n<meta property=\"og:url\" content=\"https:\/\/saarijarvenreitinkalatalousalue.fi\/kyyra\/tiedot\/mika-osakaskunta\/\" \/>\n<meta property=\"og:site_name\" content=\"Kyyr\u00e4n osakaskunta\" \/>\n<meta property=\"article:modified_time\" content=\"2025-05-05T16:27:09+00:00\" \/>\n<meta property=\"og:image\" content=\"https:\/\/saarijarvenreitinkalatalousalue.fi\/kyyra\/wp-content\/uploads\/sites\/44\/2022\/09\/kiinteistorekisteriote.png\" \/>\n\t<meta property=\"og:image:width\" content=\"802\" \/>\n\t<meta property=\"og:image:height\" content=\"534\" \/>\n\t<meta property=\"og:image:type\" content=\"image\/png\" \/>\n<meta name=\"twitter:card\" content=\"summary_large_image\" \/>\n<meta name=\"twitter:label1\" content=\"Arvioitu lukuaika\" \/>\n\t<meta name=\"twitter:data1\" content=\"1 minuutti\" \/>\n<script type=\"application\/ld+json\" class=\"yoast-schema-graph\">{\"@context\":\"https:\/\/schema.org\",\"@graph\":[{\"@type\":\"WebPage\",\"@id\":\"https:\/\/saarijarvenreitinkalatalousalue.fi\/kyyra\/tiedot\/mika-osakaskunta\/\",\"url\":\"https:\/\/saarijarvenreitinkalatalousalue.fi\/kyyra\/tiedot\/mika-osakaskunta\/\",\"name\":\"Mik\u00e4 Kyyr\u00e4n kalastuskunta? - Kyyr\u00e4n osakaskunta\",\"isPartOf\":{\"@id\":\"https:\/\/saarijarvenreitinkalatalousalue.fi\/kyyra\/#website\"},\"primaryImageOfPage\":{\"@id\":\"https:\/\/saarijarvenreitinkalatalousalue.fi\/kyyra\/tiedot\/mika-osakaskunta\/#primaryimage\"},\"image\":{\"@id\":\"https:\/\/saarijarvenreitinkalatalousalue.fi\/kyyra\/tiedot\/mika-osakaskunta\/#primaryimage\"},\"thumbnailUrl\":\"https:\/\/saarijarvenreitinkalatalousalue.fi\/kyyra\/wp-content\/uploads\/sites\/44\/2022\/09\/kiinteistorekisteriote.png\",\"datePublished\":\"2020-10-29T08:31:59+00:00\",\"dateModified\":\"2025-05-05T16:27:09+00:00\",\"description\":\"Mik\u00e4 kalastuskunta? Mit\u00e4 eroa on osakaskunnalla ja kalastuskunnalla? Onko Kyyr\u00e4n kalastuskunta kalastuskunta, osakaskunta vai molempia?\",\"breadcrumb\":{\"@id\":\"https:\/\/saarijarvenreitinkalatalousalue.fi\/kyyra\/tiedot\/mika-osakaskunta\/#breadcrumb\"},\"inLanguage\":\"fi\",\"potentialAction\":[{\"@type\":\"ReadAction\",\"target\":[\"https:\/\/saarijarvenreitinkalatalousalue.fi\/kyyra\/tiedot\/mika-osakaskunta\/\"]}]},{\"@type\":\"ImageObject\",\"inLanguage\":\"fi\",\"@id\":\"https:\/\/saarijarvenreitinkalatalousalue.fi\/kyyra\/tiedot\/mika-osakaskunta\/#primaryimage\",\"url\":\"https:\/\/saarijarvenreitinkalatalousalue.fi\/kyyra\/wp-content\/uploads\/sites\/44\/2022\/09\/kiinteistorekisteriote.png\",\"contentUrl\":\"https:\/\/saarijarvenreitinkalatalousalue.fi\/kyyra\/wp-content\/uploads\/sites\/44\/2022\/09\/kiinteistorekisteriote.png\",\"width\":802,\"height\":534},{\"@type\":\"BreadcrumbList\",\"@id\":\"https:\/\/saarijarvenreitinkalatalousalue.fi\/kyyra\/tiedot\/mika-osakaskunta\/#breadcrumb\",\"itemListElement\":[{\"@type\":\"ListItem\",\"position\":1,\"name\":\"Home\",\"item\":\"https:\/\/saarijarvenreitinkalatalousalue.fi\/kyyra\/\"},{\"@type\":\"ListItem\",\"position\":2,\"name\":\"Tiedot\",\"item\":\"https:\/\/saarijarvenreitinkalatalousalue.fi\/kyyra\/tiedot\/\"},{\"@type\":\"ListItem\",\"position\":3,\"name\":\"Mik\u00e4 Kyyr\u00e4n kalastuskunta?\"}]},{\"@type\":\"WebSite\",\"@id\":\"https:\/\/saarijarvenreitinkalatalousalue.fi\/kyyra\/#website\",\"url\":\"https:\/\/saarijarvenreitinkalatalousalue.fi\/kyyra\/\",\"name\":\"Kyyr\u00e4n osakaskunta\",\"description\":\"\",\"potentialAction\":[{\"@type\":\"SearchAction\",\"target\":{\"@type\":\"EntryPoint\",\"urlTemplate\":\"https:\/\/saarijarvenreitinkalatalousalue.fi\/kyyra\/?s={search_term_string}\"},\"query-input\":{\"@type\":\"PropertyValueSpecification\",\"valueRequired\":true,\"valueName\":\"search_term_string\"}}],\"inLanguage\":\"fi\"}]}<\/script>\n<!-- \/ Yoast SEO plugin. -->","yoast_head_json":{"title":"Mik\u00e4 Kyyr\u00e4n kalastuskunta? - Kyyr\u00e4n osakaskunta","description":"Mik\u00e4 kalastuskunta? Mit\u00e4 eroa on osakaskunnalla ja kalastuskunnalla? Onko Kyyr\u00e4n kalastuskunta kalastuskunta, osakaskunta vai molempia?","robots":{"index":"index","follow":"follow","max-snippet":"max-snippet:-1","max-image-preview":"max-image-preview:large","max-video-preview":"max-video-preview:-1"},"canonical":"https:\/\/saarijarvenreitinkalatalousalue.fi\/kyyra\/tiedot\/mika-osakaskunta\/","og_locale":"fi_FI","og_type":"article","og_title":"Mik\u00e4 Kyyr\u00e4n kalastuskunta? - Kyyr\u00e4n osakaskunta","og_description":"Mik\u00e4 kalastuskunta? Mit\u00e4 eroa on osakaskunnalla ja kalastuskunnalla? Onko Kyyr\u00e4n kalastuskunta kalastuskunta, osakaskunta vai molempia?","og_url":"https:\/\/saarijarvenreitinkalatalousalue.fi\/kyyra\/tiedot\/mika-osakaskunta\/","og_site_name":"Kyyr\u00e4n osakaskunta","article_modified_time":"2025-05-05T16:27:09+00:00","og_image":[{"width":802,"height":534,"url":"https:\/\/saarijarvenreitinkalatalousalue.fi\/kyyra\/wp-content\/uploads\/sites\/44\/2022\/09\/kiinteistorekisteriote.png","type":"image\/png"}],"twitter_card":"summary_large_image","twitter_misc":{"Arvioitu lukuaika":"1 minuutti"},"schema":{"@context":"https:\/\/schema.org","@graph":[{"@type":"WebPage","@id":"https:\/\/saarijarvenreitinkalatalousalue.fi\/kyyra\/tiedot\/mika-osakaskunta\/","url":"https:\/\/saarijarvenreitinkalatalousalue.fi\/kyyra\/tiedot\/mika-osakaskunta\/","name":"Mik\u00e4 Kyyr\u00e4n kalastuskunta? - Kyyr\u00e4n osakaskunta","isPartOf":{"@id":"https:\/\/saarijarvenreitinkalatalousalue.fi\/kyyra\/#website"},"primaryImageOfPage":{"@id":"https:\/\/saarijarvenreitinkalatalousalue.fi\/kyyra\/tiedot\/mika-osakaskunta\/#primaryimage"},"image":{"@id":"https:\/\/saarijarvenreitinkalatalousalue.fi\/kyyra\/tiedot\/mika-osakaskunta\/#primaryimage"},"thumbnailUrl":"https:\/\/saarijarvenreitinkalatalousalue.fi\/kyyra\/wp-content\/uploads\/sites\/44\/2022\/09\/kiinteistorekisteriote.png","datePublished":"2020-10-29T08:31:59+00:00","dateModified":"2025-05-05T16:27:09+00:00","description":"Mik\u00e4 kalastuskunta? Mit\u00e4 eroa on osakaskunnalla ja kalastuskunnalla? Onko Kyyr\u00e4n kalastuskunta kalastuskunta, osakaskunta vai molempia?","breadcrumb":{"@id":"https:\/\/saarijarvenreitinkalatalousalue.fi\/kyyra\/tiedot\/mika-osakaskunta\/#breadcrumb"},"inLanguage":"fi","potentialAction":[{"@type":"ReadAction","target":["https:\/\/saarijarvenreitinkalatalousalue.fi\/kyyra\/tiedot\/mika-osakaskunta\/"]}]},{"@type":"ImageObject","inLanguage":"fi","@id":"https:\/\/saarijarvenreitinkalatalousalue.fi\/kyyra\/tiedot\/mika-osakaskunta\/#primaryimage","url":"https:\/\/saarijarvenreitinkalatalousalue.fi\/kyyra\/wp-content\/uploads\/sites\/44\/2022\/09\/kiinteistorekisteriote.png","contentUrl":"https:\/\/saarijarvenreitinkalatalousalue.fi\/kyyra\/wp-content\/uploads\/sites\/44\/2022\/09\/kiinteistorekisteriote.png","width":802,"height":534},{"@type":"BreadcrumbList","@id":"https:\/\/saarijarvenreitinkalatalousalue.fi\/kyyra\/tiedot\/mika-osakaskunta\/#breadcrumb","itemListElement":[{"@type":"ListItem","position":1,"name":"Home","item":"https:\/\/saarijarvenreitinkalatalousalue.fi\/kyyra\/"},{"@type":"ListItem","position":2,"name":"Tiedot","item":"https:\/\/saarijarvenreitinkalatalousalue.fi\/kyyra\/tiedot\/"},{"@type":"ListItem","position":3,"name":"Mik\u00e4 Kyyr\u00e4n kalastuskunta?"}]},{"@type":"WebSite","@id":"https:\/\/saarijarvenreitinkalatalousalue.fi\/kyyra\/#website","url":"https:\/\/saarijarvenreitinkalatalousalue.fi\/kyyra\/","name":"Kyyr\u00e4n osakaskunta","description":"","potentialAction":[{"@type":"SearchAction","target":{"@type":"EntryPoint","urlTemplate":"https:\/\/saarijarvenreitinkalatalousalue.fi\/kyyra\/?s={search_term_string}"},"query-input":{"@type":"PropertyValueSpecification","valueRequired":true,"valueName":"search_term_string"}}],"inLanguage":"fi"}]}},"_links":{"self":[{"href":"https:\/\/saarijarvenreitinkalatalousalue.fi\/kyyra\/wp-json\/wp\/v2\/pages\/26","targetHints":{"allow":["GET"]}}],"collection":[{"href":"https:\/\/saarijarvenreitinkalatalousalue.fi\/kyyra\/wp-json\/wp\/v2\/pages"}],"about":[{"href":"https:\/\/saarijarvenreitinkalatalousalue.fi\/kyyra\/wp-json\/wp\/v2\/types\/page"}],"author":[{"embeddable":true,"href":"https:\/\/saarijarvenreitinkalatalousalue.fi\/kyyra\/wp-json\/wp\/v2\/users\/20"}],"replies":[{"embeddable":true,"href":"https:\/\/saarijarvenreitinkalatalousalue.fi\/kyyra\/wp-json\/wp\/v2\/comments?post=26"}],"version-history":[{"count":17,"href":"https:\/\/saarijarvenreitinkalatalousalue.fi\/kyyra\/wp-json\/wp\/v2\/pages\/26\/revisions"}],"predecessor-version":[{"id":501,"href":"https:\/\/saarijarvenreitinkalatalousalue.fi\/kyyra\/wp-json\/wp\/v2\/pages\/26\/revisions\/501"}],"up":[{"embeddable":true,"href":"https:\/\/saarijarvenreitinkalatalousalue.fi\/kyyra\/wp-json\/wp\/v2\/pages\/379"}],"wp:attachment":[{"href":"https:\/\/saarijarvenreitinkalatalousalue.fi\/kyyra\/wp-json\/wp\/v2\/media?parent=26"}],"curies":[{"name":"wp","href":"https:\/\/api.w.org\/{rel}","templated":true}]}}