{"id":297,"date":"2022-05-17T17:18:17","date_gmt":"2022-05-17T17:18:17","guid":{"rendered":"https:\/\/saarijarvenreitinkalatalousalue.fi\/kyyra\/?page_id=297"},"modified":"2024-04-25T15:59:15","modified_gmt":"2024-04-25T15:59:15","slug":"merkit","status":"publish","type":"page","link":"https:\/\/saarijarvenreitinkalatalousalue.fi\/kyyra\/luvat\/merkit\/","title":{"rendered":"Pyydysmerkit"},"content":{"rendered":"\n<h1 class=\"wp-block-heading\">Pyydysmerkit<\/h1>\n\n\n\n<h2 class=\"wp-block-heading\">Pyydysmerkkien myynti<\/h2>\n\n\n\n<ul class=\"wp-block-list\">\n<li><a href=\"https:\/\/saarijarvenreitinkalatalousalue.fi\/kyyra\/luvat\/luvanmyyjat\/\">Myyj\u00e4t<\/a><\/li>\n\n\n\n<li>Pyydysmerkkej\u00e4 voi ostaa my\u00f6s internetiss\u00e4: <a href=\"https:\/\/www.ostaluvat.fi\/\" target=\"_blank\" rel=\"noreferrer noopener\">www.ostaluvat.fi<\/a><\/li>\n<\/ul>\n\n\n\n<h2 class=\"wp-block-heading\">Pyydysmerkkien hinnat<\/h2>\n\n\n\n<ul class=\"wp-block-list\">\n<li><strong>Verkkomerkit:<\/strong> 5 \u20ac\/kpl, enint\u00e4\u00e4n 6 kpl ruokakuntaa kohden<\/li>\n\n\n\n<li><strong>Katiskamerkit:<\/strong> 2 \u20ac\/kpl, m\u00e4\u00e4r\u00e4 rajoittamaton<\/li>\n\n\n\n<li><strong>Muikkuverkot:<\/strong> m\u00e4\u00e4r\u00e4 vapaa, voi merkit\u00e4 my\u00f6s katiskamerkein<\/li>\n\n\n\n<li><strong>Loukkurys\u00e4:<\/strong> 20 \u20ac\/kpl<\/li>\n\n\n\n<li><strong>Vannerys\u00e4:<\/strong> (1,5-3m) 6 \u20ac\/kpl<\/li>\n\n\n\n<li><strong>Pitk\u00e4siima:<\/strong> 100 koukkuinen, 1 kpl, 3 \u20ac\n<ul class=\"wp-block-list\">\n<li>1.5.-31.8. sallittu t\u00e4ky\u00e4 k\u00e4ytt\u00e4en<\/li>\n\n\n\n<li>1.9. alkaen my\u00f6s matosy\u00f6till\u00e4<\/li>\n\n\n\n<li>merkit\u00e4\u00e4n verkkomerkill\u00e4<\/li>\n<\/ul>\n<\/li>\n\n\n\n<li><strong>Tuulastus<\/strong> on maksutonta. Huomaa kuitenkin, ett\u00e4 vieraan mukana on oltava osakas tuulastamassa.<\/li>\n<\/ul>\n\n\n\n<p><strong>MUISTA! <\/strong>Verkot merkitt\u00e4v\u00e4 selv\u00e4sti n\u00e4kyv\u00e4ll\u00e4 lippupoijulla <strong>molemmista p\u00e4ist\u00e4<\/strong>.<\/p>\n","protected":false},"excerpt":{"rendered":"<p>Pyydysmerkit Pyydysmerkkien myynti <a href=\"https:\/\/saarijarvenreitinkalatalousalue.fi\/kyyra\/luvat\/luvanmyyjat\/\">Myyj\u00e4t<\/a> Pyydysmerkkej\u00e4 voi ostaa my\u00f6s internetiss\u00e4: <a href=\"https:\/\/www.ostaluvat.fi\/\" target=\"_blank\" rel=\"noreferrer noopener\">www.ostaluvat.fi<\/a> Pyydysmerkkien hinnat <strong>Verkkomerkit:<\/strong> 5 \u20ac\/kpl, enint\u00e4\u00e4n 6 kpl ruokakuntaa kohden <strong>Katiskamerkit:<\/strong> 2 \u20ac\/kpl, m\u00e4\u00e4r\u00e4 rajoittamaton <strong>Muikkuverkot:<\/strong> m\u00e4\u00e4r\u00e4 vapaa, voi merkit\u00e4 my\u00f6s katiskamerkein <strong>Loukkurys\u00e4:<\/strong> 20 \u20ac\/kpl <strong>Vannerys\u00e4:<\/strong> (1,5-3m) 6 \u20ac\/kpl <strong>Pitk\u00e4siima:<\/strong><\/p>\n<p><a class=\"moretag\" href=\"https:\/\/saarijarvenreitinkalatalousalue.fi\/kyyra\/luvat\/merkit\/\"> Lue lis\u00e4\u00e4 ><\/a><\/p>\n","protected":false},"author":20,"featured_media":0,"parent":45,"menu_order":0,"comment_status":"closed","ping_status":"closed","template":"basic-sivu.php","meta":{"_acf_changed":false,"footnotes":""},"class_list":["post-297","page","type-page","status-publish","hentry"],"acf":[],"yoast_head":"<!-- This site is optimized with the Yoast SEO plugin v27.1.1 - https:\/\/yoast.com\/product\/yoast-seo-wordpress\/ -->\n<title>Pyydysmerkit - Kyyr\u00e4n osakaskunta<\/title>\n<meta name=\"description\" content=\"Pyydysmerkkien hinnat ja myyj\u00e4t. Pyydysmerkkej\u00e4 voit ostaa my\u00f6s www.ostaluvat.fi-palvelun kautta.\" \/>\n<meta name=\"robots\" content=\"index, follow, max-snippet:-1, max-image-preview:large, max-video-preview:-1\" \/>\n<link rel=\"canonical\" href=\"https:\/\/saarijarvenreitinkalatalousalue.fi\/kyyra\/luvat\/merkit\/\" \/>\n<meta property=\"og:locale\" content=\"fi_FI\" \/>\n<meta property=\"og:type\" content=\"article\" \/>\n<meta property=\"og:title\" content=\"Pyydysmerkit - Kyyr\u00e4n osakaskunta\" \/>\n<meta property=\"og:description\" content=\"Pyydysmerkkien hinnat ja myyj\u00e4t. Pyydysmerkkej\u00e4 voit ostaa my\u00f6s www.ostaluvat.fi-palvelun kautta.\" \/>\n<meta property=\"og:url\" content=\"https:\/\/saarijarvenreitinkalatalousalue.fi\/kyyra\/luvat\/merkit\/\" \/>\n<meta property=\"og:site_name\" content=\"Kyyr\u00e4n osakaskunta\" \/>\n<meta property=\"article:modified_time\" content=\"2024-04-25T15:59:15+00:00\" \/>\n<meta name=\"twitter:card\" content=\"summary_large_image\" \/>\n<meta name=\"twitter:label1\" content=\"Arvioitu lukuaika\" \/>\n\t<meta name=\"twitter:data1\" content=\"1 minuutti\" \/>\n<script type=\"application\/ld+json\" class=\"yoast-schema-graph\">{\"@context\":\"https:\/\/schema.org\",\"@graph\":[{\"@type\":\"WebPage\",\"@id\":\"https:\/\/saarijarvenreitinkalatalousalue.fi\/kyyra\/luvat\/merkit\/\",\"url\":\"https:\/\/saarijarvenreitinkalatalousalue.fi\/kyyra\/luvat\/merkit\/\",\"name\":\"Pyydysmerkit - Kyyr\u00e4n osakaskunta\",\"isPartOf\":{\"@id\":\"https:\/\/saarijarvenreitinkalatalousalue.fi\/kyyra\/#website\"},\"datePublished\":\"2022-05-17T17:18:17+00:00\",\"dateModified\":\"2024-04-25T15:59:15+00:00\",\"description\":\"Pyydysmerkkien hinnat ja myyj\u00e4t. Pyydysmerkkej\u00e4 voit ostaa my\u00f6s www.ostaluvat.fi-palvelun kautta.\",\"breadcrumb\":{\"@id\":\"https:\/\/saarijarvenreitinkalatalousalue.fi\/kyyra\/luvat\/merkit\/#breadcrumb\"},\"inLanguage\":\"fi\",\"potentialAction\":[{\"@type\":\"ReadAction\",\"target\":[\"https:\/\/saarijarvenreitinkalatalousalue.fi\/kyyra\/luvat\/merkit\/\"]}]},{\"@type\":\"BreadcrumbList\",\"@id\":\"https:\/\/saarijarvenreitinkalatalousalue.fi\/kyyra\/luvat\/merkit\/#breadcrumb\",\"itemListElement\":[{\"@type\":\"ListItem\",\"position\":1,\"name\":\"Home\",\"item\":\"https:\/\/saarijarvenreitinkalatalousalue.fi\/kyyra\/\"},{\"@type\":\"ListItem\",\"position\":2,\"name\":\"Luvat\",\"item\":\"https:\/\/saarijarvenreitinkalatalousalue.fi\/kyyra\/luvat\/\"},{\"@type\":\"ListItem\",\"position\":3,\"name\":\"Pyydysmerkit\"}]},{\"@type\":\"WebSite\",\"@id\":\"https:\/\/saarijarvenreitinkalatalousalue.fi\/kyyra\/#website\",\"url\":\"https:\/\/saarijarvenreitinkalatalousalue.fi\/kyyra\/\",\"name\":\"Kyyr\u00e4n osakaskunta\",\"description\":\"\",\"potentialAction\":[{\"@type\":\"SearchAction\",\"target\":{\"@type\":\"EntryPoint\",\"urlTemplate\":\"https:\/\/saarijarvenreitinkalatalousalue.fi\/kyyra\/?s={search_term_string}\"},\"query-input\":{\"@type\":\"PropertyValueSpecification\",\"valueRequired\":true,\"valueName\":\"search_term_string\"}}],\"inLanguage\":\"fi\"}]}<\/script>\n<!-- \/ Yoast SEO plugin. -->","yoast_head_json":{"title":"Pyydysmerkit - Kyyr\u00e4n osakaskunta","description":"Pyydysmerkkien hinnat ja myyj\u00e4t. Pyydysmerkkej\u00e4 voit ostaa my\u00f6s www.ostaluvat.fi-palvelun kautta.","robots":{"index":"index","follow":"follow","max-snippet":"max-snippet:-1","max-image-preview":"max-image-preview:large","max-video-preview":"max-video-preview:-1"},"canonical":"https:\/\/saarijarvenreitinkalatalousalue.fi\/kyyra\/luvat\/merkit\/","og_locale":"fi_FI","og_type":"article","og_title":"Pyydysmerkit - Kyyr\u00e4n osakaskunta","og_description":"Pyydysmerkkien hinnat ja myyj\u00e4t. Pyydysmerkkej\u00e4 voit ostaa my\u00f6s www.ostaluvat.fi-palvelun kautta.","og_url":"https:\/\/saarijarvenreitinkalatalousalue.fi\/kyyra\/luvat\/merkit\/","og_site_name":"Kyyr\u00e4n osakaskunta","article_modified_time":"2024-04-25T15:59:15+00:00","twitter_card":"summary_large_image","twitter_misc":{"Arvioitu lukuaika":"1 minuutti"},"schema":{"@context":"https:\/\/schema.org","@graph":[{"@type":"WebPage","@id":"https:\/\/saarijarvenreitinkalatalousalue.fi\/kyyra\/luvat\/merkit\/","url":"https:\/\/saarijarvenreitinkalatalousalue.fi\/kyyra\/luvat\/merkit\/","name":"Pyydysmerkit - Kyyr\u00e4n osakaskunta","isPartOf":{"@id":"https:\/\/saarijarvenreitinkalatalousalue.fi\/kyyra\/#website"},"datePublished":"2022-05-17T17:18:17+00:00","dateModified":"2024-04-25T15:59:15+00:00","description":"Pyydysmerkkien hinnat ja myyj\u00e4t. Pyydysmerkkej\u00e4 voit ostaa my\u00f6s www.ostaluvat.fi-palvelun kautta.","breadcrumb":{"@id":"https:\/\/saarijarvenreitinkalatalousalue.fi\/kyyra\/luvat\/merkit\/#breadcrumb"},"inLanguage":"fi","potentialAction":[{"@type":"ReadAction","target":["https:\/\/saarijarvenreitinkalatalousalue.fi\/kyyra\/luvat\/merkit\/"]}]},{"@type":"BreadcrumbList","@id":"https:\/\/saarijarvenreitinkalatalousalue.fi\/kyyra\/luvat\/merkit\/#breadcrumb","itemListElement":[{"@type":"ListItem","position":1,"name":"Home","item":"https:\/\/saarijarvenreitinkalatalousalue.fi\/kyyra\/"},{"@type":"ListItem","position":2,"name":"Luvat","item":"https:\/\/saarijarvenreitinkalatalousalue.fi\/kyyra\/luvat\/"},{"@type":"ListItem","position":3,"name":"Pyydysmerkit"}]},{"@type":"WebSite","@id":"https:\/\/saarijarvenreitinkalatalousalue.fi\/kyyra\/#website","url":"https:\/\/saarijarvenreitinkalatalousalue.fi\/kyyra\/","name":"Kyyr\u00e4n osakaskunta","description":"","potentialAction":[{"@type":"SearchAction","target":{"@type":"EntryPoint","urlTemplate":"https:\/\/saarijarvenreitinkalatalousalue.fi\/kyyra\/?s={search_term_string}"},"query-input":{"@type":"PropertyValueSpecification","valueRequired":true,"valueName":"search_term_string"}}],"inLanguage":"fi"}]}},"_links":{"self":[{"href":"https:\/\/saarijarvenreitinkalatalousalue.fi\/kyyra\/wp-json\/wp\/v2\/pages\/297","targetHints":{"allow":["GET"]}}],"collection":[{"href":"https:\/\/saarijarvenreitinkalatalousalue.fi\/kyyra\/wp-json\/wp\/v2\/pages"}],"about":[{"href":"https:\/\/saarijarvenreitinkalatalousalue.fi\/kyyra\/wp-json\/wp\/v2\/types\/page"}],"author":[{"embeddable":true,"href":"https:\/\/saarijarvenreitinkalatalousalue.fi\/kyyra\/wp-json\/wp\/v2\/users\/20"}],"replies":[{"embeddable":true,"href":"https:\/\/saarijarvenreitinkalatalousalue.fi\/kyyra\/wp-json\/wp\/v2\/comments?post=297"}],"version-history":[{"count":6,"href":"https:\/\/saarijarvenreitinkalatalousalue.fi\/kyyra\/wp-json\/wp\/v2\/pages\/297\/revisions"}],"predecessor-version":[{"id":445,"href":"https:\/\/saarijarvenreitinkalatalousalue.fi\/kyyra\/wp-json\/wp\/v2\/pages\/297\/revisions\/445"}],"up":[{"embeddable":true,"href":"https:\/\/saarijarvenreitinkalatalousalue.fi\/kyyra\/wp-json\/wp\/v2\/pages\/45"}],"wp:attachment":[{"href":"https:\/\/saarijarvenreitinkalatalousalue.fi\/kyyra\/wp-json\/wp\/v2\/media?parent=297"}],"curies":[{"name":"wp","href":"https:\/\/api.w.org\/{rel}","templated":true}]}}