{"id":302,"date":"2022-05-17T17:21:25","date_gmt":"2022-05-17T17:21:25","guid":{"rendered":"https:\/\/saarijarvenreitinkalatalousalue.fi\/kyyra\/?page_id=302"},"modified":"2023-05-05T17:47:03","modified_gmt":"2023-05-05T17:47:03","slug":"vapakalastus-lannejoki","status":"publish","type":"page","link":"https:\/\/saarijarvenreitinkalatalousalue.fi\/kyyra\/luvat\/vapakalastus-lannejoki\/","title":{"rendered":"Vapakalastus &#8211; Lannejoki"},"content":{"rendered":"\n<h1 class=\"wp-block-heading\">Vapakalastus &#8211; Lannejoki<\/h1>\n\n\n\n<p>Lannejokeen myyd\u00e4\u00e4n perho- ja virvel\u00f6intilupia seuraavasti:<\/p>\n\n\n\n<ul class=\"wp-block-list\">\n<li>Kalastuskaudet ovat 1.4.-31.8. ja 1.12.-31.3\n<ul class=\"wp-block-list\">\n<li>Rauhoitusaika 1.9.-30.11.<\/li>\n<\/ul>\n<\/li>\n\n\n\n<li><strong>Lannevedell\u00e4 asuville<\/strong>: 50 \u20ac\/kalastuskausi\n<ul class=\"wp-block-list\">\n<li>pois lukien rauhoitusaika 1.9.-30.11.<\/li>\n<\/ul>\n<\/li>\n\n\n\n<li><strong>Ulkopuolisille<\/strong>:\n<ul class=\"wp-block-list\">\n<li>10 \u20ac\/vuorokausi<\/li>\n\n\n\n<li>35 \u20ac\/viikko<\/li>\n\n\n\n<li>100 \u20ac\/kalastuskausi<\/li>\n<\/ul>\n<\/li>\n\n\n\n<li>Talvikalastus 1.12.-31.3. 5 \u20ac\/vrk.<\/li>\n\n\n\n<li>Lannejokeen myyd\u00e4\u00e4n talven vuorokausilupia 30.4. saakka<\/li>\n\n\n\n<li>Luvat nuorille:\n<ul class=\"wp-block-list\">\n<li>Alle 15-vuotiaiden luvat puoleen hintan<\/li>\n\n\n\n<li>Alle 10-vuotiaat saavat kalastaa vapaasti = ilmaiseksi luvan lunastaneen vanhempansa mukana vanhempansa saaliskiinti\u00f6\u00f6n<\/li>\n<\/ul>\n<\/li>\n\n\n\n<li><strong>Huomaa kaikille <\/strong>voimassa oleva <strong>lohikaloja <\/strong>koskeva saalisrajoitus:\n<ul class=\"wp-block-list\">\n<li>1 kpl\/vrk<\/li>\n\n\n\n<li>Rajoitus ei koske ei harjusta<\/li>\n<\/ul>\n<\/li>\n\n\n\n<li><strong>Huomaa <\/strong>my\u00f6s <strong>kahluukielto <\/strong>1.9.-31.5. v\u00e4lisen\u00e4 aikana<\/li>\n<\/ul>\n","protected":false},"excerpt":{"rendered":"<p>Vapakalastus &#8211; Lannejoki Lannejokeen myyd\u00e4\u00e4n perho- ja virvel\u00f6intilupia seuraavasti: Kalastuskaudet ovat 1.4.-31.8. ja 1.12.-31.3 Rauhoitusaika 1.9.-30.11. <strong>Lannevedell\u00e4 asuville<\/strong>: 50 \u20ac\/kalastuskausi pois lukien rauhoitusaika 1.9.-30.11. <strong>Ulkopuolisille<\/strong>: 10 \u20ac\/vuorokausi 35 \u20ac\/viikko 100 \u20ac\/kalastuskausi Talvikalastus 1.12.-31.3. 5 \u20ac\/vrk. Lannejokeen myyd\u00e4\u00e4n talven vuorokausilupia 30.4. saakka Luvat nuorille: Alle 15-vuotiaiden<\/p>\n<p><a class=\"moretag\" href=\"https:\/\/saarijarvenreitinkalatalousalue.fi\/kyyra\/luvat\/vapakalastus-lannejoki\/\"> Lue lis\u00e4\u00e4 ><\/a><\/p>\n","protected":false},"author":20,"featured_media":0,"parent":45,"menu_order":0,"comment_status":"closed","ping_status":"closed","template":"basic-sivu.php","meta":{"_acf_changed":false,"footnotes":""},"class_list":["post-302","page","type-page","status-publish","hentry"],"acf":[],"yoast_head":"<!-- This site is optimized with the Yoast SEO plugin v27.1.1 - https:\/\/yoast.com\/product\/yoast-seo-wordpress\/ -->\n<title>Vapakalastus - Lannejoki - Kyyr\u00e4n osakaskunta<\/title>\n<meta name=\"description\" content=\"Lannejoen vapakalastusta koskevat luvat ja niiden hinnat perho- ja virvel\u00f6intikalastukseen.\" \/>\n<meta name=\"robots\" content=\"index, follow, max-snippet:-1, max-image-preview:large, max-video-preview:-1\" \/>\n<link rel=\"canonical\" href=\"https:\/\/saarijarvenreitinkalatalousalue.fi\/kyyra\/luvat\/vapakalastus-lannejoki\/\" \/>\n<meta property=\"og:locale\" content=\"fi_FI\" \/>\n<meta property=\"og:type\" content=\"article\" \/>\n<meta property=\"og:title\" content=\"Vapakalastus - Lannejoki - Kyyr\u00e4n osakaskunta\" \/>\n<meta property=\"og:description\" content=\"Lannejoen vapakalastusta koskevat luvat ja niiden hinnat perho- ja virvel\u00f6intikalastukseen.\" \/>\n<meta property=\"og:url\" content=\"https:\/\/saarijarvenreitinkalatalousalue.fi\/kyyra\/luvat\/vapakalastus-lannejoki\/\" \/>\n<meta property=\"og:site_name\" content=\"Kyyr\u00e4n osakaskunta\" \/>\n<meta property=\"article:modified_time\" content=\"2023-05-05T17:47:03+00:00\" \/>\n<meta name=\"twitter:card\" content=\"summary_large_image\" \/>\n<meta name=\"twitter:label1\" content=\"Arvioitu lukuaika\" \/>\n\t<meta name=\"twitter:data1\" content=\"1 minuutti\" \/>\n<script type=\"application\/ld+json\" class=\"yoast-schema-graph\">{\"@context\":\"https:\/\/schema.org\",\"@graph\":[{\"@type\":\"WebPage\",\"@id\":\"https:\/\/saarijarvenreitinkalatalousalue.fi\/kyyra\/luvat\/vapakalastus-lannejoki\/\",\"url\":\"https:\/\/saarijarvenreitinkalatalousalue.fi\/kyyra\/luvat\/vapakalastus-lannejoki\/\",\"name\":\"Vapakalastus - Lannejoki - Kyyr\u00e4n osakaskunta\",\"isPartOf\":{\"@id\":\"https:\/\/saarijarvenreitinkalatalousalue.fi\/kyyra\/#website\"},\"datePublished\":\"2022-05-17T17:21:25+00:00\",\"dateModified\":\"2023-05-05T17:47:03+00:00\",\"description\":\"Lannejoen vapakalastusta koskevat luvat ja niiden hinnat perho- ja virvel\u00f6intikalastukseen.\",\"breadcrumb\":{\"@id\":\"https:\/\/saarijarvenreitinkalatalousalue.fi\/kyyra\/luvat\/vapakalastus-lannejoki\/#breadcrumb\"},\"inLanguage\":\"fi\",\"potentialAction\":[{\"@type\":\"ReadAction\",\"target\":[\"https:\/\/saarijarvenreitinkalatalousalue.fi\/kyyra\/luvat\/vapakalastus-lannejoki\/\"]}]},{\"@type\":\"BreadcrumbList\",\"@id\":\"https:\/\/saarijarvenreitinkalatalousalue.fi\/kyyra\/luvat\/vapakalastus-lannejoki\/#breadcrumb\",\"itemListElement\":[{\"@type\":\"ListItem\",\"position\":1,\"name\":\"Home\",\"item\":\"https:\/\/saarijarvenreitinkalatalousalue.fi\/kyyra\/\"},{\"@type\":\"ListItem\",\"position\":2,\"name\":\"Luvat\",\"item\":\"https:\/\/saarijarvenreitinkalatalousalue.fi\/kyyra\/luvat\/\"},{\"@type\":\"ListItem\",\"position\":3,\"name\":\"Vapakalastus &#8211; Lannejoki\"}]},{\"@type\":\"WebSite\",\"@id\":\"https:\/\/saarijarvenreitinkalatalousalue.fi\/kyyra\/#website\",\"url\":\"https:\/\/saarijarvenreitinkalatalousalue.fi\/kyyra\/\",\"name\":\"Kyyr\u00e4n osakaskunta\",\"description\":\"\",\"potentialAction\":[{\"@type\":\"SearchAction\",\"target\":{\"@type\":\"EntryPoint\",\"urlTemplate\":\"https:\/\/saarijarvenreitinkalatalousalue.fi\/kyyra\/?s={search_term_string}\"},\"query-input\":{\"@type\":\"PropertyValueSpecification\",\"valueRequired\":true,\"valueName\":\"search_term_string\"}}],\"inLanguage\":\"fi\"}]}<\/script>\n<!-- \/ Yoast SEO plugin. -->","yoast_head_json":{"title":"Vapakalastus - Lannejoki - Kyyr\u00e4n osakaskunta","description":"Lannejoen vapakalastusta koskevat luvat ja niiden hinnat perho- ja virvel\u00f6intikalastukseen.","robots":{"index":"index","follow":"follow","max-snippet":"max-snippet:-1","max-image-preview":"max-image-preview:large","max-video-preview":"max-video-preview:-1"},"canonical":"https:\/\/saarijarvenreitinkalatalousalue.fi\/kyyra\/luvat\/vapakalastus-lannejoki\/","og_locale":"fi_FI","og_type":"article","og_title":"Vapakalastus - Lannejoki - Kyyr\u00e4n osakaskunta","og_description":"Lannejoen vapakalastusta koskevat luvat ja niiden hinnat perho- ja virvel\u00f6intikalastukseen.","og_url":"https:\/\/saarijarvenreitinkalatalousalue.fi\/kyyra\/luvat\/vapakalastus-lannejoki\/","og_site_name":"Kyyr\u00e4n osakaskunta","article_modified_time":"2023-05-05T17:47:03+00:00","twitter_card":"summary_large_image","twitter_misc":{"Arvioitu lukuaika":"1 minuutti"},"schema":{"@context":"https:\/\/schema.org","@graph":[{"@type":"WebPage","@id":"https:\/\/saarijarvenreitinkalatalousalue.fi\/kyyra\/luvat\/vapakalastus-lannejoki\/","url":"https:\/\/saarijarvenreitinkalatalousalue.fi\/kyyra\/luvat\/vapakalastus-lannejoki\/","name":"Vapakalastus - Lannejoki - Kyyr\u00e4n osakaskunta","isPartOf":{"@id":"https:\/\/saarijarvenreitinkalatalousalue.fi\/kyyra\/#website"},"datePublished":"2022-05-17T17:21:25+00:00","dateModified":"2023-05-05T17:47:03+00:00","description":"Lannejoen vapakalastusta koskevat luvat ja niiden hinnat perho- ja virvel\u00f6intikalastukseen.","breadcrumb":{"@id":"https:\/\/saarijarvenreitinkalatalousalue.fi\/kyyra\/luvat\/vapakalastus-lannejoki\/#breadcrumb"},"inLanguage":"fi","potentialAction":[{"@type":"ReadAction","target":["https:\/\/saarijarvenreitinkalatalousalue.fi\/kyyra\/luvat\/vapakalastus-lannejoki\/"]}]},{"@type":"BreadcrumbList","@id":"https:\/\/saarijarvenreitinkalatalousalue.fi\/kyyra\/luvat\/vapakalastus-lannejoki\/#breadcrumb","itemListElement":[{"@type":"ListItem","position":1,"name":"Home","item":"https:\/\/saarijarvenreitinkalatalousalue.fi\/kyyra\/"},{"@type":"ListItem","position":2,"name":"Luvat","item":"https:\/\/saarijarvenreitinkalatalousalue.fi\/kyyra\/luvat\/"},{"@type":"ListItem","position":3,"name":"Vapakalastus &#8211; Lannejoki"}]},{"@type":"WebSite","@id":"https:\/\/saarijarvenreitinkalatalousalue.fi\/kyyra\/#website","url":"https:\/\/saarijarvenreitinkalatalousalue.fi\/kyyra\/","name":"Kyyr\u00e4n osakaskunta","description":"","potentialAction":[{"@type":"SearchAction","target":{"@type":"EntryPoint","urlTemplate":"https:\/\/saarijarvenreitinkalatalousalue.fi\/kyyra\/?s={search_term_string}"},"query-input":{"@type":"PropertyValueSpecification","valueRequired":true,"valueName":"search_term_string"}}],"inLanguage":"fi"}]}},"_links":{"self":[{"href":"https:\/\/saarijarvenreitinkalatalousalue.fi\/kyyra\/wp-json\/wp\/v2\/pages\/302","targetHints":{"allow":["GET"]}}],"collection":[{"href":"https:\/\/saarijarvenreitinkalatalousalue.fi\/kyyra\/wp-json\/wp\/v2\/pages"}],"about":[{"href":"https:\/\/saarijarvenreitinkalatalousalue.fi\/kyyra\/wp-json\/wp\/v2\/types\/page"}],"author":[{"embeddable":true,"href":"https:\/\/saarijarvenreitinkalatalousalue.fi\/kyyra\/wp-json\/wp\/v2\/users\/20"}],"replies":[{"embeddable":true,"href":"https:\/\/saarijarvenreitinkalatalousalue.fi\/kyyra\/wp-json\/wp\/v2\/comments?post=302"}],"version-history":[{"count":6,"href":"https:\/\/saarijarvenreitinkalatalousalue.fi\/kyyra\/wp-json\/wp\/v2\/pages\/302\/revisions"}],"predecessor-version":[{"id":435,"href":"https:\/\/saarijarvenreitinkalatalousalue.fi\/kyyra\/wp-json\/wp\/v2\/pages\/302\/revisions\/435"}],"up":[{"embeddable":true,"href":"https:\/\/saarijarvenreitinkalatalousalue.fi\/kyyra\/wp-json\/wp\/v2\/pages\/45"}],"wp:attachment":[{"href":"https:\/\/saarijarvenreitinkalatalousalue.fi\/kyyra\/wp-json\/wp\/v2\/media?parent=302"}],"curies":[{"name":"wp","href":"https:\/\/api.w.org\/{rel}","templated":true}]}}