{"id":306,"date":"2022-05-17T17:22:23","date_gmt":"2022-05-17T17:22:23","guid":{"rendered":"https:\/\/saarijarvenreitinkalatalousalue.fi\/kyyra\/?page_id=306"},"modified":"2026-05-07T17:04:11","modified_gmt":"2026-05-07T17:04:11","slug":"virkistyskalastus","status":"publish","type":"page","link":"https:\/\/saarijarvenreitinkalatalousalue.fi\/kyyra\/luvat\/virkistyskalastus\/","title":{"rendered":"Virkistyskalastus"},"content":{"rendered":"\n<h1 class=\"wp-block-heading\">Virkistyskalastus&nbsp;<\/h1>\n\n\n\n<p>Valtion kalastonhoitomaksu oikeuttaa viehekalastamiseen<strong> yhdell\u00e4 vavalla ja vieheell\u00e4<\/strong> l\u00e4hes koko Suomen alueella. Kalastuslaissa s\u00e4\u00e4detyn yleiskalastusoikeuden mukaisen kalastusluvan perusteella <strong>pilkkiminen<\/strong> ja <strong>onkiminen<\/strong> sek\u00e4 <strong>viehekalastus<\/strong> <strong>alle 18-vuotiaalla<\/strong> ja <strong>65 vuotta t\u00e4ytt\u00e4neell\u00e4<\/strong> on kuitenkin <strong>maksutonta<\/strong>. Lis\u00e4ksi 18-64 vuotiaat saavat harjoittaa viehekalastusta lunastettuaan kalastonhoitomaksun.<\/p>\n\n\n\n<p>N\u00e4in my\u00f6s Kyyr\u00e4n kalastuskunnan kalastusalueella \u2013 pois lukien yll\u00e4 mainitut Lannejoki ja Summakoski.<\/p>\n\n\n\n<ul class=\"wp-block-list\">\n<li>Valtion kalastonhoitomaksu 2022:\n<ul class=\"wp-block-list\">\n<li>45 \u20ac \/ kalenterivuosi<\/li>\n\n\n\n<li>15 \u20ac \/ 7 vrk<\/li>\n\n\n\n<li>6 \u20ac \/ 1 vrk<\/li>\n<\/ul>\n<\/li>\n\n\n\n<li>Ks. lis\u00e4tiedot:\n<ul class=\"wp-block-list\">\n<li><a href=\"https:\/\/kalastusluvat.kalapaikka.net\/osta-kalastuslupa\/kalastonhoitomaksu-2022\/\" target=\"_blank\" rel=\"noreferrer noopener\">https:\/\/kalastusluvat.kalapaikka.net\/osta-kalastuslupa\/kalastonhoitomaksu-2022\/<\/a><\/li>\n\n\n\n<li><a href=\"https:\/\/kalastusluvat.kalapaikka.net\/tarvittavat-kalastusluvat-2022\/#viehekalastus-kalastuslain-mukaan\">https:\/\/kalastusluvat.kalapaikka.net\/tarvittavat-kalastusluvat-2022\/#viehekalastus-kalastuslain-mukaan<\/a><\/li>\n<\/ul>\n<\/li>\n<\/ul>\n\n\n\n<p>Kyyr\u00e4n kalastuskunnan kalastusalueelle voit hankkia <strong>oikeuden lis\u00e4uistimen k\u00e4ytt\u00f6\u00f6n hintaan 20 \u20ac\/kalastuskausi<\/strong>. Virkistysluvalla voi kalastaa my\u00f6s Sahissa.<\/p>\n\n\n\n<p><strong>Osakkailta<\/strong> ei perit\u00e4 uistelu- ja tuulastusmaksua omilla vesialueilla ja osakkaiden uisteluvapam\u00e4\u00e4r\u00e4\u00e4 ei rajoiteta.<\/p>\n","protected":false},"excerpt":{"rendered":"<p>Virkistyskalastus&nbsp; Valtion kalastonhoitomaksu oikeuttaa viehekalastamiseen<strong> yhdell\u00e4 vavalla ja vieheell\u00e4<\/strong> l\u00e4hes koko Suomen alueella. Kalastuslaissa s\u00e4\u00e4detyn yleiskalastusoikeuden mukaisen kalastusluvan perusteella <strong>pilkkiminen<\/strong> ja <strong>onkiminen<\/strong> sek\u00e4 <strong>viehekalastus<\/strong> <strong>alle 18-vuotiaalla<\/strong> ja <strong>65 vuotta t\u00e4ytt\u00e4neell\u00e4<\/strong> on kuitenkin <strong>maksutonta<\/strong>. Lis\u00e4ksi 18-64 vuotiaat saavat harjoittaa viehekalastusta lunastettuaan kalastonhoitomaksun. N\u00e4in my\u00f6s Kyyr\u00e4n kalastuskunnan<\/p>\n<p><a class=\"moretag\" href=\"https:\/\/saarijarvenreitinkalatalousalue.fi\/kyyra\/luvat\/virkistyskalastus\/\"> Lue lis\u00e4\u00e4 ><\/a><\/p>\n","protected":false},"author":20,"featured_media":0,"parent":45,"menu_order":0,"comment_status":"closed","ping_status":"closed","template":"basic-sivu.php","meta":{"_acf_changed":false,"footnotes":""},"class_list":["post-306","page","type-page","status-publish","hentry"],"acf":[],"yoast_head":"<!-- This site is optimized with the Yoast SEO plugin v27.1.1 - https:\/\/yoast.com\/product\/yoast-seo-wordpress\/ -->\n<title>Virkistyskalastus - Kyyr\u00e4n osakaskunta<\/title>\n<meta name=\"description\" content=\"Valtion kalastonhoitomaksu oikeuttaa viehekalastamiseen yhdell\u00e4 vavalla ja vieheell\u00e4 l\u00e4hes koko Suomen alueella.\" \/>\n<meta name=\"robots\" content=\"index, follow, max-snippet:-1, max-image-preview:large, max-video-preview:-1\" \/>\n<link rel=\"canonical\" href=\"https:\/\/saarijarvenreitinkalatalousalue.fi\/kyyra\/luvat\/virkistyskalastus\/\" \/>\n<meta property=\"og:locale\" content=\"fi_FI\" \/>\n<meta property=\"og:type\" content=\"article\" \/>\n<meta property=\"og:title\" content=\"Virkistyskalastus - Kyyr\u00e4n osakaskunta\" \/>\n<meta property=\"og:description\" content=\"Valtion kalastonhoitomaksu oikeuttaa viehekalastamiseen yhdell\u00e4 vavalla ja vieheell\u00e4 l\u00e4hes koko Suomen alueella.\" \/>\n<meta property=\"og:url\" content=\"https:\/\/saarijarvenreitinkalatalousalue.fi\/kyyra\/luvat\/virkistyskalastus\/\" \/>\n<meta property=\"og:site_name\" content=\"Kyyr\u00e4n osakaskunta\" \/>\n<meta property=\"article:modified_time\" content=\"2026-05-07T17:04:11+00:00\" \/>\n<meta name=\"twitter:card\" content=\"summary_large_image\" \/>\n<meta name=\"twitter:label1\" content=\"Arvioitu lukuaika\" \/>\n\t<meta name=\"twitter:data1\" content=\"1 minuutti\" \/>\n<script type=\"application\/ld+json\" class=\"yoast-schema-graph\">{\"@context\":\"https:\/\/schema.org\",\"@graph\":[{\"@type\":\"WebPage\",\"@id\":\"https:\/\/saarijarvenreitinkalatalousalue.fi\/kyyra\/luvat\/virkistyskalastus\/\",\"url\":\"https:\/\/saarijarvenreitinkalatalousalue.fi\/kyyra\/luvat\/virkistyskalastus\/\",\"name\":\"Virkistyskalastus - Kyyr\u00e4n osakaskunta\",\"isPartOf\":{\"@id\":\"https:\/\/saarijarvenreitinkalatalousalue.fi\/kyyra\/#website\"},\"datePublished\":\"2022-05-17T17:22:23+00:00\",\"dateModified\":\"2026-05-07T17:04:11+00:00\",\"description\":\"Valtion kalastonhoitomaksu oikeuttaa viehekalastamiseen yhdell\u00e4 vavalla ja vieheell\u00e4 l\u00e4hes koko Suomen alueella.\",\"breadcrumb\":{\"@id\":\"https:\/\/saarijarvenreitinkalatalousalue.fi\/kyyra\/luvat\/virkistyskalastus\/#breadcrumb\"},\"inLanguage\":\"fi\",\"potentialAction\":[{\"@type\":\"ReadAction\",\"target\":[\"https:\/\/saarijarvenreitinkalatalousalue.fi\/kyyra\/luvat\/virkistyskalastus\/\"]}]},{\"@type\":\"BreadcrumbList\",\"@id\":\"https:\/\/saarijarvenreitinkalatalousalue.fi\/kyyra\/luvat\/virkistyskalastus\/#breadcrumb\",\"itemListElement\":[{\"@type\":\"ListItem\",\"position\":1,\"name\":\"Home\",\"item\":\"https:\/\/saarijarvenreitinkalatalousalue.fi\/kyyra\/\"},{\"@type\":\"ListItem\",\"position\":2,\"name\":\"Luvat\",\"item\":\"https:\/\/saarijarvenreitinkalatalousalue.fi\/kyyra\/luvat\/\"},{\"@type\":\"ListItem\",\"position\":3,\"name\":\"Virkistyskalastus\"}]},{\"@type\":\"WebSite\",\"@id\":\"https:\/\/saarijarvenreitinkalatalousalue.fi\/kyyra\/#website\",\"url\":\"https:\/\/saarijarvenreitinkalatalousalue.fi\/kyyra\/\",\"name\":\"Kyyr\u00e4n osakaskunta\",\"description\":\"\",\"potentialAction\":[{\"@type\":\"SearchAction\",\"target\":{\"@type\":\"EntryPoint\",\"urlTemplate\":\"https:\/\/saarijarvenreitinkalatalousalue.fi\/kyyra\/?s={search_term_string}\"},\"query-input\":{\"@type\":\"PropertyValueSpecification\",\"valueRequired\":true,\"valueName\":\"search_term_string\"}}],\"inLanguage\":\"fi\"}]}<\/script>\n<!-- \/ Yoast SEO plugin. -->","yoast_head_json":{"title":"Virkistyskalastus - Kyyr\u00e4n osakaskunta","description":"Valtion kalastonhoitomaksu oikeuttaa viehekalastamiseen yhdell\u00e4 vavalla ja vieheell\u00e4 l\u00e4hes koko Suomen alueella.","robots":{"index":"index","follow":"follow","max-snippet":"max-snippet:-1","max-image-preview":"max-image-preview:large","max-video-preview":"max-video-preview:-1"},"canonical":"https:\/\/saarijarvenreitinkalatalousalue.fi\/kyyra\/luvat\/virkistyskalastus\/","og_locale":"fi_FI","og_type":"article","og_title":"Virkistyskalastus - Kyyr\u00e4n osakaskunta","og_description":"Valtion kalastonhoitomaksu oikeuttaa viehekalastamiseen yhdell\u00e4 vavalla ja vieheell\u00e4 l\u00e4hes koko Suomen alueella.","og_url":"https:\/\/saarijarvenreitinkalatalousalue.fi\/kyyra\/luvat\/virkistyskalastus\/","og_site_name":"Kyyr\u00e4n osakaskunta","article_modified_time":"2026-05-07T17:04:11+00:00","twitter_card":"summary_large_image","twitter_misc":{"Arvioitu lukuaika":"1 minuutti"},"schema":{"@context":"https:\/\/schema.org","@graph":[{"@type":"WebPage","@id":"https:\/\/saarijarvenreitinkalatalousalue.fi\/kyyra\/luvat\/virkistyskalastus\/","url":"https:\/\/saarijarvenreitinkalatalousalue.fi\/kyyra\/luvat\/virkistyskalastus\/","name":"Virkistyskalastus - Kyyr\u00e4n osakaskunta","isPartOf":{"@id":"https:\/\/saarijarvenreitinkalatalousalue.fi\/kyyra\/#website"},"datePublished":"2022-05-17T17:22:23+00:00","dateModified":"2026-05-07T17:04:11+00:00","description":"Valtion kalastonhoitomaksu oikeuttaa viehekalastamiseen yhdell\u00e4 vavalla ja vieheell\u00e4 l\u00e4hes koko Suomen alueella.","breadcrumb":{"@id":"https:\/\/saarijarvenreitinkalatalousalue.fi\/kyyra\/luvat\/virkistyskalastus\/#breadcrumb"},"inLanguage":"fi","potentialAction":[{"@type":"ReadAction","target":["https:\/\/saarijarvenreitinkalatalousalue.fi\/kyyra\/luvat\/virkistyskalastus\/"]}]},{"@type":"BreadcrumbList","@id":"https:\/\/saarijarvenreitinkalatalousalue.fi\/kyyra\/luvat\/virkistyskalastus\/#breadcrumb","itemListElement":[{"@type":"ListItem","position":1,"name":"Home","item":"https:\/\/saarijarvenreitinkalatalousalue.fi\/kyyra\/"},{"@type":"ListItem","position":2,"name":"Luvat","item":"https:\/\/saarijarvenreitinkalatalousalue.fi\/kyyra\/luvat\/"},{"@type":"ListItem","position":3,"name":"Virkistyskalastus"}]},{"@type":"WebSite","@id":"https:\/\/saarijarvenreitinkalatalousalue.fi\/kyyra\/#website","url":"https:\/\/saarijarvenreitinkalatalousalue.fi\/kyyra\/","name":"Kyyr\u00e4n osakaskunta","description":"","potentialAction":[{"@type":"SearchAction","target":{"@type":"EntryPoint","urlTemplate":"https:\/\/saarijarvenreitinkalatalousalue.fi\/kyyra\/?s={search_term_string}"},"query-input":{"@type":"PropertyValueSpecification","valueRequired":true,"valueName":"search_term_string"}}],"inLanguage":"fi"}]}},"_links":{"self":[{"href":"https:\/\/saarijarvenreitinkalatalousalue.fi\/kyyra\/wp-json\/wp\/v2\/pages\/306","targetHints":{"allow":["GET"]}}],"collection":[{"href":"https:\/\/saarijarvenreitinkalatalousalue.fi\/kyyra\/wp-json\/wp\/v2\/pages"}],"about":[{"href":"https:\/\/saarijarvenreitinkalatalousalue.fi\/kyyra\/wp-json\/wp\/v2\/types\/page"}],"author":[{"embeddable":true,"href":"https:\/\/saarijarvenreitinkalatalousalue.fi\/kyyra\/wp-json\/wp\/v2\/users\/20"}],"replies":[{"embeddable":true,"href":"https:\/\/saarijarvenreitinkalatalousalue.fi\/kyyra\/wp-json\/wp\/v2\/comments?post=306"}],"version-history":[{"count":7,"href":"https:\/\/saarijarvenreitinkalatalousalue.fi\/kyyra\/wp-json\/wp\/v2\/pages\/306\/revisions"}],"predecessor-version":[{"id":532,"href":"https:\/\/saarijarvenreitinkalatalousalue.fi\/kyyra\/wp-json\/wp\/v2\/pages\/306\/revisions\/532"}],"up":[{"embeddable":true,"href":"https:\/\/saarijarvenreitinkalatalousalue.fi\/kyyra\/wp-json\/wp\/v2\/pages\/45"}],"wp:attachment":[{"href":"https:\/\/saarijarvenreitinkalatalousalue.fi\/kyyra\/wp-json\/wp\/v2\/media?parent=306"}],"curies":[{"name":"wp","href":"https:\/\/api.w.org\/{rel}","templated":true}]}}