{"id":308,"date":"2022-05-17T17:22:57","date_gmt":"2022-05-17T17:22:57","guid":{"rendered":"https:\/\/saarijarvenreitinkalatalousalue.fi\/kyyra\/?page_id=308"},"modified":"2023-04-25T17:14:32","modified_gmt":"2023-04-25T17:14:32","slug":"metsastys","status":"publish","type":"page","link":"https:\/\/saarijarvenreitinkalatalousalue.fi\/kyyra\/luvat\/metsastys\/","title":{"rendered":"Mets\u00e4stys"},"content":{"rendered":"\n<h1 class=\"wp-block-heading\">Mets\u00e4stysluvat<\/h1>\n\n\n\n<ul class=\"wp-block-list\">\n<li>Kyyr\u00e4n kalastuskunnan osakkaat ja Kiimasj\u00e4rven rekisterikyl\u00e4ss\u00e4 (kiinteist\u00f6tunnus -403-) asuvat\n<ul class=\"wp-block-list\">\n<li>Vesilintujen mets\u00e4stys on maksutonta<\/li>\n<\/ul>\n<\/li>\n\n\n\n<li>Vieraat\n<ul class=\"wp-block-list\">\n<li>30 \u20ac \/ kausi \/ vieras<\/li>\n\n\n\n<li>10 \u20ac \/ vrk \/ vieras<\/li>\n\n\n\n<li>Vieraan mukana on oltava osakas<\/li>\n<\/ul>\n<\/li>\n\n\n\n<li>Vierasluvan maksaminen\n<ul class=\"wp-block-list\">\n<li>Vesilintujen mets\u00e4stysluvan voi suorittaa Kyyr\u00e4n kalastuskunnan tilille:\n<ul class=\"wp-block-list\">\n<li>Lanneveden POP<\/li>\n\n\n\n<li>FI87 47661 02000 3442<\/li>\n\n\n\n<li>Viesti: Vesilintujen mets\u00e4stys, kausilupa\/vrklupa<\/li>\n<\/ul>\n<\/li>\n\n\n\n<li>Maksukuitti toimii mets\u00e4styksen lupana<\/li>\n<\/ul>\n<\/li>\n\n\n\n<li>Piisamin pyynti on sallittu kaikille<\/li>\n<\/ul>\n","protected":false},"excerpt":{"rendered":"<p>Mets\u00e4stysluvat Kyyr\u00e4n kalastuskunnan osakkaat ja Kiimasj\u00e4rven rekisterikyl\u00e4ss\u00e4 (kiinteist\u00f6tunnus -403-) asuvat Vesilintujen mets\u00e4stys on maksutonta Vieraat 30 \u20ac \/ kausi \/ vieras 10 \u20ac \/ vrk \/ vieras Vieraan mukana on oltava osakas Vierasluvan maksaminen Vesilintujen mets\u00e4stysluvan voi suorittaa Kyyr\u00e4n kalastuskunnan tilille: Lanneveden POP FI87 47661<\/p>\n<p><a class=\"moretag\" href=\"https:\/\/saarijarvenreitinkalatalousalue.fi\/kyyra\/luvat\/metsastys\/\"> Lue lis\u00e4\u00e4 ><\/a><\/p>\n","protected":false},"author":20,"featured_media":0,"parent":45,"menu_order":0,"comment_status":"closed","ping_status":"closed","template":"basic-sivu.php","meta":{"_acf_changed":false,"footnotes":""},"class_list":["post-308","page","type-page","status-publish","hentry"],"acf":[],"yoast_head":"<!-- This site is optimized with the Yoast SEO plugin v27.1.1 - https:\/\/yoast.com\/product\/yoast-seo-wordpress\/ -->\n<title>Mets\u00e4stys - Kyyr\u00e4n osakaskunta<\/title>\n<meta name=\"description\" content=\"Kyyr\u00e4n osakaskunnan alueilla mets\u00e4styst\u00e4 koskevat luvat ja niiden hinnat.\" \/>\n<meta name=\"robots\" content=\"index, follow, max-snippet:-1, max-image-preview:large, max-video-preview:-1\" \/>\n<link rel=\"canonical\" href=\"https:\/\/saarijarvenreitinkalatalousalue.fi\/kyyra\/luvat\/metsastys\/\" \/>\n<meta property=\"og:locale\" content=\"fi_FI\" \/>\n<meta property=\"og:type\" content=\"article\" \/>\n<meta property=\"og:title\" content=\"Mets\u00e4stys - Kyyr\u00e4n osakaskunta\" \/>\n<meta property=\"og:description\" content=\"Kyyr\u00e4n osakaskunnan alueilla mets\u00e4styst\u00e4 koskevat luvat ja niiden hinnat.\" \/>\n<meta property=\"og:url\" content=\"https:\/\/saarijarvenreitinkalatalousalue.fi\/kyyra\/luvat\/metsastys\/\" \/>\n<meta property=\"og:site_name\" content=\"Kyyr\u00e4n osakaskunta\" \/>\n<meta property=\"article:modified_time\" content=\"2023-04-25T17:14:32+00:00\" \/>\n<meta name=\"twitter:card\" content=\"summary_large_image\" \/>\n<meta name=\"twitter:label1\" content=\"Arvioitu lukuaika\" \/>\n\t<meta name=\"twitter:data1\" content=\"1 minuutti\" \/>\n<script type=\"application\/ld+json\" class=\"yoast-schema-graph\">{\"@context\":\"https:\/\/schema.org\",\"@graph\":[{\"@type\":\"WebPage\",\"@id\":\"https:\/\/saarijarvenreitinkalatalousalue.fi\/kyyra\/luvat\/metsastys\/\",\"url\":\"https:\/\/saarijarvenreitinkalatalousalue.fi\/kyyra\/luvat\/metsastys\/\",\"name\":\"Mets\u00e4stys - Kyyr\u00e4n osakaskunta\",\"isPartOf\":{\"@id\":\"https:\/\/saarijarvenreitinkalatalousalue.fi\/kyyra\/#website\"},\"datePublished\":\"2022-05-17T17:22:57+00:00\",\"dateModified\":\"2023-04-25T17:14:32+00:00\",\"description\":\"Kyyr\u00e4n osakaskunnan alueilla mets\u00e4styst\u00e4 koskevat luvat ja niiden hinnat.\",\"breadcrumb\":{\"@id\":\"https:\/\/saarijarvenreitinkalatalousalue.fi\/kyyra\/luvat\/metsastys\/#breadcrumb\"},\"inLanguage\":\"fi\",\"potentialAction\":[{\"@type\":\"ReadAction\",\"target\":[\"https:\/\/saarijarvenreitinkalatalousalue.fi\/kyyra\/luvat\/metsastys\/\"]}]},{\"@type\":\"BreadcrumbList\",\"@id\":\"https:\/\/saarijarvenreitinkalatalousalue.fi\/kyyra\/luvat\/metsastys\/#breadcrumb\",\"itemListElement\":[{\"@type\":\"ListItem\",\"position\":1,\"name\":\"Home\",\"item\":\"https:\/\/saarijarvenreitinkalatalousalue.fi\/kyyra\/\"},{\"@type\":\"ListItem\",\"position\":2,\"name\":\"Luvat\",\"item\":\"https:\/\/saarijarvenreitinkalatalousalue.fi\/kyyra\/luvat\/\"},{\"@type\":\"ListItem\",\"position\":3,\"name\":\"Mets\u00e4stys\"}]},{\"@type\":\"WebSite\",\"@id\":\"https:\/\/saarijarvenreitinkalatalousalue.fi\/kyyra\/#website\",\"url\":\"https:\/\/saarijarvenreitinkalatalousalue.fi\/kyyra\/\",\"name\":\"Kyyr\u00e4n osakaskunta\",\"description\":\"\",\"potentialAction\":[{\"@type\":\"SearchAction\",\"target\":{\"@type\":\"EntryPoint\",\"urlTemplate\":\"https:\/\/saarijarvenreitinkalatalousalue.fi\/kyyra\/?s={search_term_string}\"},\"query-input\":{\"@type\":\"PropertyValueSpecification\",\"valueRequired\":true,\"valueName\":\"search_term_string\"}}],\"inLanguage\":\"fi\"}]}<\/script>\n<!-- \/ Yoast SEO plugin. -->","yoast_head_json":{"title":"Mets\u00e4stys - Kyyr\u00e4n osakaskunta","description":"Kyyr\u00e4n osakaskunnan alueilla mets\u00e4styst\u00e4 koskevat luvat ja niiden hinnat.","robots":{"index":"index","follow":"follow","max-snippet":"max-snippet:-1","max-image-preview":"max-image-preview:large","max-video-preview":"max-video-preview:-1"},"canonical":"https:\/\/saarijarvenreitinkalatalousalue.fi\/kyyra\/luvat\/metsastys\/","og_locale":"fi_FI","og_type":"article","og_title":"Mets\u00e4stys - Kyyr\u00e4n osakaskunta","og_description":"Kyyr\u00e4n osakaskunnan alueilla mets\u00e4styst\u00e4 koskevat luvat ja niiden hinnat.","og_url":"https:\/\/saarijarvenreitinkalatalousalue.fi\/kyyra\/luvat\/metsastys\/","og_site_name":"Kyyr\u00e4n osakaskunta","article_modified_time":"2023-04-25T17:14:32+00:00","twitter_card":"summary_large_image","twitter_misc":{"Arvioitu lukuaika":"1 minuutti"},"schema":{"@context":"https:\/\/schema.org","@graph":[{"@type":"WebPage","@id":"https:\/\/saarijarvenreitinkalatalousalue.fi\/kyyra\/luvat\/metsastys\/","url":"https:\/\/saarijarvenreitinkalatalousalue.fi\/kyyra\/luvat\/metsastys\/","name":"Mets\u00e4stys - Kyyr\u00e4n osakaskunta","isPartOf":{"@id":"https:\/\/saarijarvenreitinkalatalousalue.fi\/kyyra\/#website"},"datePublished":"2022-05-17T17:22:57+00:00","dateModified":"2023-04-25T17:14:32+00:00","description":"Kyyr\u00e4n osakaskunnan alueilla mets\u00e4styst\u00e4 koskevat luvat ja niiden hinnat.","breadcrumb":{"@id":"https:\/\/saarijarvenreitinkalatalousalue.fi\/kyyra\/luvat\/metsastys\/#breadcrumb"},"inLanguage":"fi","potentialAction":[{"@type":"ReadAction","target":["https:\/\/saarijarvenreitinkalatalousalue.fi\/kyyra\/luvat\/metsastys\/"]}]},{"@type":"BreadcrumbList","@id":"https:\/\/saarijarvenreitinkalatalousalue.fi\/kyyra\/luvat\/metsastys\/#breadcrumb","itemListElement":[{"@type":"ListItem","position":1,"name":"Home","item":"https:\/\/saarijarvenreitinkalatalousalue.fi\/kyyra\/"},{"@type":"ListItem","position":2,"name":"Luvat","item":"https:\/\/saarijarvenreitinkalatalousalue.fi\/kyyra\/luvat\/"},{"@type":"ListItem","position":3,"name":"Mets\u00e4stys"}]},{"@type":"WebSite","@id":"https:\/\/saarijarvenreitinkalatalousalue.fi\/kyyra\/#website","url":"https:\/\/saarijarvenreitinkalatalousalue.fi\/kyyra\/","name":"Kyyr\u00e4n osakaskunta","description":"","potentialAction":[{"@type":"SearchAction","target":{"@type":"EntryPoint","urlTemplate":"https:\/\/saarijarvenreitinkalatalousalue.fi\/kyyra\/?s={search_term_string}"},"query-input":{"@type":"PropertyValueSpecification","valueRequired":true,"valueName":"search_term_string"}}],"inLanguage":"fi"}]}},"_links":{"self":[{"href":"https:\/\/saarijarvenreitinkalatalousalue.fi\/kyyra\/wp-json\/wp\/v2\/pages\/308","targetHints":{"allow":["GET"]}}],"collection":[{"href":"https:\/\/saarijarvenreitinkalatalousalue.fi\/kyyra\/wp-json\/wp\/v2\/pages"}],"about":[{"href":"https:\/\/saarijarvenreitinkalatalousalue.fi\/kyyra\/wp-json\/wp\/v2\/types\/page"}],"author":[{"embeddable":true,"href":"https:\/\/saarijarvenreitinkalatalousalue.fi\/kyyra\/wp-json\/wp\/v2\/users\/20"}],"replies":[{"embeddable":true,"href":"https:\/\/saarijarvenreitinkalatalousalue.fi\/kyyra\/wp-json\/wp\/v2\/comments?post=308"}],"version-history":[{"count":9,"href":"https:\/\/saarijarvenreitinkalatalousalue.fi\/kyyra\/wp-json\/wp\/v2\/pages\/308\/revisions"}],"predecessor-version":[{"id":415,"href":"https:\/\/saarijarvenreitinkalatalousalue.fi\/kyyra\/wp-json\/wp\/v2\/pages\/308\/revisions\/415"}],"up":[{"embeddable":true,"href":"https:\/\/saarijarvenreitinkalatalousalue.fi\/kyyra\/wp-json\/wp\/v2\/pages\/45"}],"wp:attachment":[{"href":"https:\/\/saarijarvenreitinkalatalousalue.fi\/kyyra\/wp-json\/wp\/v2\/media?parent=308"}],"curies":[{"name":"wp","href":"https:\/\/api.w.org\/{rel}","templated":true}]}}