{"id":325,"date":"2022-05-17T17:36:48","date_gmt":"2022-05-17T17:36:48","guid":{"rendered":"https:\/\/saarijarvenreitinkalatalousalue.fi\/kyyra\/?page_id=325"},"modified":"2026-05-07T16:38:20","modified_gmt":"2026-05-07T16:38:20","slug":"kyyran-osakaskunnan-toimihenkilot","status":"publish","type":"page","link":"https:\/\/saarijarvenreitinkalatalousalue.fi\/kyyra\/hallinto\/kyyran-osakaskunnan-toimihenkilot\/","title":{"rendered":"Kyyr\u00e4n kalastuskunnan toimihenkil\u00f6t"},"content":{"rendered":"\n<h2 class=\"wp-block-heading\">Kyyr\u00e4n kalastuskunnan toimihenkil\u00f6t 2026<\/h2>\n\n\n\n<ul class=\"wp-block-list\">\n<li>Puheenjohtaja: Aki Ojala, puh. 040 757 0778<\/li>\n\n\n\n<li>Varapuheenjohtaja: Jarkko Rosenstr\u00f6m, puh. 040 541 9160<\/li>\n\n\n\n<li>Muut j\u00e4senet ja toimihenkil\u00f6t:\n\n\n\n\n\n\n<ul class=\"wp-block-list\">\n<li>Aki Ojala<\/li>\n\n\n\n<li>Henri Piilonen<\/li>\n\n\n\n<li>Ilkka Vesterinen<\/li>\n\n\n\n<li>Jarkko Rosenstr\u00f6m<\/li>\n\n\n\n<li>Otto Rautiainen<\/li>\n\n\n\n<li>Risto Lindberg<\/li>\n<\/ul>\n<\/li>\n\n\n\n<li>Kalatalouskeskuksen kokousedustaja: Aki Ojala\n<ul class=\"wp-block-list\">\n<li>Varalla: Henri Piilonen<\/li>\n<\/ul>\n<\/li>\n\n\n\n<li>Kalatalousalueen kokousedustaja: Aki Ojala\n<ul class=\"wp-block-list\">\n<li>Varalla: Henri Piilonen<\/li>\n<\/ul>\n<\/li>\n<\/ul>\n","protected":false},"excerpt":{"rendered":"<p>Kyyr\u00e4n kalastuskunnan toimihenkil\u00f6t 2026 Puheenjohtaja: Aki Ojala, puh. 040 757 0778 Varapuheenjohtaja: Jarkko Rosenstr\u00f6m, puh. 040 541 9160 Muut j\u00e4senet ja toimihenkil\u00f6t: Aki Ojala Henri Piilonen Ilkka Vesterinen Jarkko Rosenstr\u00f6m Otto Rautiainen Risto Lindberg Kalatalouskeskuksen kokousedustaja: Aki Ojala Varalla: Henri Piilonen Kalatalousalueen kokousedustaja: Aki Ojala<\/p>\n<p><a class=\"moretag\" href=\"https:\/\/saarijarvenreitinkalatalousalue.fi\/kyyra\/hallinto\/kyyran-osakaskunnan-toimihenkilot\/\"> Lue lis\u00e4\u00e4 ><\/a><\/p>\n","protected":false},"author":20,"featured_media":0,"parent":32,"menu_order":0,"comment_status":"closed","ping_status":"closed","template":"basic-sivu.php","meta":{"_acf_changed":false,"footnotes":""},"class_list":["post-325","page","type-page","status-publish","hentry"],"acf":[],"yoast_head":"<!-- This site is optimized with the Yoast SEO plugin v27.1.1 - https:\/\/yoast.com\/product\/yoast-seo-wordpress\/ -->\n<title>Kyyr\u00e4n kalastuskunnan toimihenkil\u00f6t - Kyyr\u00e4n osakaskunta<\/title>\n<meta name=\"description\" content=\"Kyyr\u00e4n kalastuskunnan toimihenkil\u00f6t: puheenjohtaja, varapuheenjohtaja, muut j\u00e4senet ja toimihenkil\u00f6t, kalatalouskeskuksen ja kalatalousalueen kokousedustajat\" \/>\n<meta name=\"robots\" content=\"index, follow, max-snippet:-1, max-image-preview:large, max-video-preview:-1\" \/>\n<link rel=\"canonical\" href=\"https:\/\/saarijarvenreitinkalatalousalue.fi\/kyyra\/hallinto\/kyyran-osakaskunnan-toimihenkilot\/\" \/>\n<meta property=\"og:locale\" content=\"fi_FI\" \/>\n<meta property=\"og:type\" content=\"article\" \/>\n<meta property=\"og:title\" content=\"Kyyr\u00e4n kalastuskunnan toimihenkil\u00f6t - Kyyr\u00e4n osakaskunta\" \/>\n<meta property=\"og:description\" content=\"Kyyr\u00e4n kalastuskunnan toimihenkil\u00f6t: puheenjohtaja, varapuheenjohtaja, muut j\u00e4senet ja toimihenkil\u00f6t, kalatalouskeskuksen ja kalatalousalueen kokousedustajat\" \/>\n<meta property=\"og:url\" content=\"https:\/\/saarijarvenreitinkalatalousalue.fi\/kyyra\/hallinto\/kyyran-osakaskunnan-toimihenkilot\/\" \/>\n<meta property=\"og:site_name\" content=\"Kyyr\u00e4n osakaskunta\" \/>\n<meta property=\"article:modified_time\" content=\"2026-05-07T16:38:20+00:00\" \/>\n<meta name=\"twitter:card\" content=\"summary_large_image\" \/>\n<meta name=\"twitter:label1\" content=\"Arvioitu lukuaika\" \/>\n\t<meta name=\"twitter:data1\" content=\"1 minuutti\" \/>\n<script type=\"application\/ld+json\" class=\"yoast-schema-graph\">{\"@context\":\"https:\/\/schema.org\",\"@graph\":[{\"@type\":\"WebPage\",\"@id\":\"https:\/\/saarijarvenreitinkalatalousalue.fi\/kyyra\/hallinto\/kyyran-osakaskunnan-toimihenkilot\/\",\"url\":\"https:\/\/saarijarvenreitinkalatalousalue.fi\/kyyra\/hallinto\/kyyran-osakaskunnan-toimihenkilot\/\",\"name\":\"Kyyr\u00e4n kalastuskunnan toimihenkil\u00f6t - Kyyr\u00e4n osakaskunta\",\"isPartOf\":{\"@id\":\"https:\/\/saarijarvenreitinkalatalousalue.fi\/kyyra\/#website\"},\"datePublished\":\"2022-05-17T17:36:48+00:00\",\"dateModified\":\"2026-05-07T16:38:20+00:00\",\"description\":\"Kyyr\u00e4n kalastuskunnan toimihenkil\u00f6t: puheenjohtaja, varapuheenjohtaja, muut j\u00e4senet ja toimihenkil\u00f6t, kalatalouskeskuksen ja kalatalousalueen kokousedustajat\",\"breadcrumb\":{\"@id\":\"https:\/\/saarijarvenreitinkalatalousalue.fi\/kyyra\/hallinto\/kyyran-osakaskunnan-toimihenkilot\/#breadcrumb\"},\"inLanguage\":\"fi\",\"potentialAction\":[{\"@type\":\"ReadAction\",\"target\":[\"https:\/\/saarijarvenreitinkalatalousalue.fi\/kyyra\/hallinto\/kyyran-osakaskunnan-toimihenkilot\/\"]}]},{\"@type\":\"BreadcrumbList\",\"@id\":\"https:\/\/saarijarvenreitinkalatalousalue.fi\/kyyra\/hallinto\/kyyran-osakaskunnan-toimihenkilot\/#breadcrumb\",\"itemListElement\":[{\"@type\":\"ListItem\",\"position\":1,\"name\":\"Home\",\"item\":\"https:\/\/saarijarvenreitinkalatalousalue.fi\/kyyra\/\"},{\"@type\":\"ListItem\",\"position\":2,\"name\":\"Hallinto\",\"item\":\"https:\/\/saarijarvenreitinkalatalousalue.fi\/kyyra\/hallinto\/\"},{\"@type\":\"ListItem\",\"position\":3,\"name\":\"Kyyr\u00e4n kalastuskunnan toimihenkil\u00f6t\"}]},{\"@type\":\"WebSite\",\"@id\":\"https:\/\/saarijarvenreitinkalatalousalue.fi\/kyyra\/#website\",\"url\":\"https:\/\/saarijarvenreitinkalatalousalue.fi\/kyyra\/\",\"name\":\"Kyyr\u00e4n osakaskunta\",\"description\":\"\",\"potentialAction\":[{\"@type\":\"SearchAction\",\"target\":{\"@type\":\"EntryPoint\",\"urlTemplate\":\"https:\/\/saarijarvenreitinkalatalousalue.fi\/kyyra\/?s={search_term_string}\"},\"query-input\":{\"@type\":\"PropertyValueSpecification\",\"valueRequired\":true,\"valueName\":\"search_term_string\"}}],\"inLanguage\":\"fi\"}]}<\/script>\n<!-- \/ Yoast SEO plugin. -->","yoast_head_json":{"title":"Kyyr\u00e4n kalastuskunnan toimihenkil\u00f6t - Kyyr\u00e4n osakaskunta","description":"Kyyr\u00e4n kalastuskunnan toimihenkil\u00f6t: puheenjohtaja, varapuheenjohtaja, muut j\u00e4senet ja toimihenkil\u00f6t, kalatalouskeskuksen ja kalatalousalueen kokousedustajat","robots":{"index":"index","follow":"follow","max-snippet":"max-snippet:-1","max-image-preview":"max-image-preview:large","max-video-preview":"max-video-preview:-1"},"canonical":"https:\/\/saarijarvenreitinkalatalousalue.fi\/kyyra\/hallinto\/kyyran-osakaskunnan-toimihenkilot\/","og_locale":"fi_FI","og_type":"article","og_title":"Kyyr\u00e4n kalastuskunnan toimihenkil\u00f6t - Kyyr\u00e4n osakaskunta","og_description":"Kyyr\u00e4n kalastuskunnan toimihenkil\u00f6t: puheenjohtaja, varapuheenjohtaja, muut j\u00e4senet ja toimihenkil\u00f6t, kalatalouskeskuksen ja kalatalousalueen kokousedustajat","og_url":"https:\/\/saarijarvenreitinkalatalousalue.fi\/kyyra\/hallinto\/kyyran-osakaskunnan-toimihenkilot\/","og_site_name":"Kyyr\u00e4n osakaskunta","article_modified_time":"2026-05-07T16:38:20+00:00","twitter_card":"summary_large_image","twitter_misc":{"Arvioitu lukuaika":"1 minuutti"},"schema":{"@context":"https:\/\/schema.org","@graph":[{"@type":"WebPage","@id":"https:\/\/saarijarvenreitinkalatalousalue.fi\/kyyra\/hallinto\/kyyran-osakaskunnan-toimihenkilot\/","url":"https:\/\/saarijarvenreitinkalatalousalue.fi\/kyyra\/hallinto\/kyyran-osakaskunnan-toimihenkilot\/","name":"Kyyr\u00e4n kalastuskunnan toimihenkil\u00f6t - Kyyr\u00e4n osakaskunta","isPartOf":{"@id":"https:\/\/saarijarvenreitinkalatalousalue.fi\/kyyra\/#website"},"datePublished":"2022-05-17T17:36:48+00:00","dateModified":"2026-05-07T16:38:20+00:00","description":"Kyyr\u00e4n kalastuskunnan toimihenkil\u00f6t: puheenjohtaja, varapuheenjohtaja, muut j\u00e4senet ja toimihenkil\u00f6t, kalatalouskeskuksen ja kalatalousalueen kokousedustajat","breadcrumb":{"@id":"https:\/\/saarijarvenreitinkalatalousalue.fi\/kyyra\/hallinto\/kyyran-osakaskunnan-toimihenkilot\/#breadcrumb"},"inLanguage":"fi","potentialAction":[{"@type":"ReadAction","target":["https:\/\/saarijarvenreitinkalatalousalue.fi\/kyyra\/hallinto\/kyyran-osakaskunnan-toimihenkilot\/"]}]},{"@type":"BreadcrumbList","@id":"https:\/\/saarijarvenreitinkalatalousalue.fi\/kyyra\/hallinto\/kyyran-osakaskunnan-toimihenkilot\/#breadcrumb","itemListElement":[{"@type":"ListItem","position":1,"name":"Home","item":"https:\/\/saarijarvenreitinkalatalousalue.fi\/kyyra\/"},{"@type":"ListItem","position":2,"name":"Hallinto","item":"https:\/\/saarijarvenreitinkalatalousalue.fi\/kyyra\/hallinto\/"},{"@type":"ListItem","position":3,"name":"Kyyr\u00e4n kalastuskunnan toimihenkil\u00f6t"}]},{"@type":"WebSite","@id":"https:\/\/saarijarvenreitinkalatalousalue.fi\/kyyra\/#website","url":"https:\/\/saarijarvenreitinkalatalousalue.fi\/kyyra\/","name":"Kyyr\u00e4n osakaskunta","description":"","potentialAction":[{"@type":"SearchAction","target":{"@type":"EntryPoint","urlTemplate":"https:\/\/saarijarvenreitinkalatalousalue.fi\/kyyra\/?s={search_term_string}"},"query-input":{"@type":"PropertyValueSpecification","valueRequired":true,"valueName":"search_term_string"}}],"inLanguage":"fi"}]}},"_links":{"self":[{"href":"https:\/\/saarijarvenreitinkalatalousalue.fi\/kyyra\/wp-json\/wp\/v2\/pages\/325","targetHints":{"allow":["GET"]}}],"collection":[{"href":"https:\/\/saarijarvenreitinkalatalousalue.fi\/kyyra\/wp-json\/wp\/v2\/pages"}],"about":[{"href":"https:\/\/saarijarvenreitinkalatalousalue.fi\/kyyra\/wp-json\/wp\/v2\/types\/page"}],"author":[{"embeddable":true,"href":"https:\/\/saarijarvenreitinkalatalousalue.fi\/kyyra\/wp-json\/wp\/v2\/users\/20"}],"replies":[{"embeddable":true,"href":"https:\/\/saarijarvenreitinkalatalousalue.fi\/kyyra\/wp-json\/wp\/v2\/comments?post=325"}],"version-history":[{"count":11,"href":"https:\/\/saarijarvenreitinkalatalousalue.fi\/kyyra\/wp-json\/wp\/v2\/pages\/325\/revisions"}],"predecessor-version":[{"id":520,"href":"https:\/\/saarijarvenreitinkalatalousalue.fi\/kyyra\/wp-json\/wp\/v2\/pages\/325\/revisions\/520"}],"up":[{"embeddable":true,"href":"https:\/\/saarijarvenreitinkalatalousalue.fi\/kyyra\/wp-json\/wp\/v2\/pages\/32"}],"wp:attachment":[{"href":"https:\/\/saarijarvenreitinkalatalousalue.fi\/kyyra\/wp-json\/wp\/v2\/media?parent=325"}],"curies":[{"name":"wp","href":"https:\/\/api.w.org\/{rel}","templated":true}]}}