{"id":371,"date":"2022-09-06T15:46:15","date_gmt":"2022-09-06T15:46:15","guid":{"rendered":"https:\/\/saarijarvenreitinkalatalousalue.fi\/kyyra\/?page_id=371"},"modified":"2023-04-25T17:17:51","modified_gmt":"2023-04-25T17:17:51","slug":"kartat","status":"publish","type":"page","link":"https:\/\/saarijarvenreitinkalatalousalue.fi\/kyyra\/tiedot\/kartat\/","title":{"rendered":"Kartat"},"content":{"rendered":"\n<h1 class=\"wp-block-heading\">Kyyr\u00e4n kalastuskunnan vesialueet<\/h1>\n\n\n\n<h2 class=\"wp-block-heading\">Summanen<\/h2>\n\n\n\n<figure class=\"wp-block-image size-full\"><img loading=\"lazy\" decoding=\"async\" width=\"648\" height=\"853\" src=\"https:\/\/saarijarvenreitinkalatalousalue.fi\/kyyra\/wp-content\/uploads\/sites\/44\/2022\/09\/kyyra_summanen.png\" alt=\"\" class=\"wp-image-372\" srcset=\"https:\/\/saarijarvenreitinkalatalousalue.fi\/kyyra\/wp-content\/uploads\/sites\/44\/2022\/09\/kyyra_summanen.png 648w, https:\/\/saarijarvenreitinkalatalousalue.fi\/kyyra\/wp-content\/uploads\/sites\/44\/2022\/09\/kyyra_summanen-228x300.png 228w\" sizes=\"auto, (max-width: 648px) 100vw, 648px\" \/><figcaption class=\"wp-element-caption\"><em>Kyyr\u00e4n kalastuskunnan vesialueet Summasessa<\/em><\/figcaption><\/figure>\n\n\n\n<h2 class=\"wp-block-heading\">Kiimasj\u00e4rvi<\/h2>\n\n\n\n<figure class=\"wp-block-image size-full\"><img loading=\"lazy\" decoding=\"async\" width=\"736\" height=\"789\" src=\"https:\/\/saarijarvenreitinkalatalousalue.fi\/kyyra\/wp-content\/uploads\/sites\/44\/2022\/09\/kyyra_kiimasjarvi.png\" alt=\"\" class=\"wp-image-373\" srcset=\"https:\/\/saarijarvenreitinkalatalousalue.fi\/kyyra\/wp-content\/uploads\/sites\/44\/2022\/09\/kyyra_kiimasjarvi.png 736w, https:\/\/saarijarvenreitinkalatalousalue.fi\/kyyra\/wp-content\/uploads\/sites\/44\/2022\/09\/kyyra_kiimasjarvi-280x300.png 280w\" sizes=\"auto, (max-width: 736px) 100vw, 736px\" \/><figcaption class=\"wp-element-caption\"><em>Kyyr\u00e4n kalastuskunnan vesialueet Kiimasj\u00e4rvess\u00e4<\/em><\/figcaption><\/figure>\n\n\n\n<h2 class=\"wp-block-heading\">Lannevesi<\/h2>\n\n\n\n<figure class=\"wp-block-image size-full\"><img loading=\"lazy\" decoding=\"async\" width=\"517\" height=\"786\" src=\"https:\/\/saarijarvenreitinkalatalousalue.fi\/kyyra\/wp-content\/uploads\/sites\/44\/2022\/09\/kyyra_lannevesi_pohjoinen.png\" alt=\"\" class=\"wp-image-374\" srcset=\"https:\/\/saarijarvenreitinkalatalousalue.fi\/kyyra\/wp-content\/uploads\/sites\/44\/2022\/09\/kyyra_lannevesi_pohjoinen.png 517w, https:\/\/saarijarvenreitinkalatalousalue.fi\/kyyra\/wp-content\/uploads\/sites\/44\/2022\/09\/kyyra_lannevesi_pohjoinen-197x300.png 197w\" sizes=\"auto, (max-width: 517px) 100vw, 517px\" \/><figcaption class=\"wp-element-caption\"><em>Kyyr\u00e4n kalastuskunnan pohjoisemmat vesialueet Lannevedess\u00e4<\/em><\/figcaption><\/figure>\n\n\n\n<figure class=\"wp-block-image size-full\"><img loading=\"lazy\" decoding=\"async\" width=\"595\" height=\"818\" src=\"https:\/\/saarijarvenreitinkalatalousalue.fi\/kyyra\/wp-content\/uploads\/sites\/44\/2022\/09\/kyyra_lannevesi_etelainen.png\" alt=\"\" class=\"wp-image-375\" srcset=\"https:\/\/saarijarvenreitinkalatalousalue.fi\/kyyra\/wp-content\/uploads\/sites\/44\/2022\/09\/kyyra_lannevesi_etelainen.png 595w, https:\/\/saarijarvenreitinkalatalousalue.fi\/kyyra\/wp-content\/uploads\/sites\/44\/2022\/09\/kyyra_lannevesi_etelainen-218x300.png 218w\" sizes=\"auto, (max-width: 595px) 100vw, 595px\" \/><figcaption class=\"wp-element-caption\"><em>Kyyr\u00e4n kalastuskunnan etel\u00e4isemm\u00e4t vesialueet Lannevedess\u00e4<\/em><\/figcaption><\/figure>\n","protected":false},"excerpt":{"rendered":"<p>Kyyr\u00e4n kalastuskunnan vesialueet Summanen <em>Kyyr\u00e4n kalastuskunnan vesialueet Summasessa<\/em> Kiimasj\u00e4rvi <em>Kyyr\u00e4n kalastuskunnan vesialueet Kiimasj\u00e4rvess\u00e4<\/em> Lannevesi <em>Kyyr\u00e4n kalastuskunnan pohjoisemmat vesialueet Lannevedess\u00e4<\/em> <em>Kyyr\u00e4n kalastuskunnan etel\u00e4isemm\u00e4t vesialueet Lannevedess\u00e4<\/em><\/p>\n","protected":false},"author":20,"featured_media":0,"parent":379,"menu_order":0,"comment_status":"closed","ping_status":"closed","template":"basic-sivu.php","meta":{"_acf_changed":false,"footnotes":""},"class_list":["post-371","page","type-page","status-publish","hentry"],"acf":[],"yoast_head":"<!-- This site is optimized with the Yoast SEO plugin v27.1.1 - https:\/\/yoast.com\/product\/yoast-seo-wordpress\/ -->\n<title>Kartat - Kyyr\u00e4n osakaskunta<\/title>\n<meta name=\"description\" content=\"Kyyr\u00e4n kalastuskunnan vesialueet kartalla: Summanen, Kiimasj\u00e4rvi, Lannevesi.\" \/>\n<meta name=\"robots\" content=\"index, follow, max-snippet:-1, max-image-preview:large, max-video-preview:-1\" \/>\n<link rel=\"canonical\" href=\"https:\/\/saarijarvenreitinkalatalousalue.fi\/kyyra\/tiedot\/kartat\/\" \/>\n<meta property=\"og:locale\" content=\"fi_FI\" \/>\n<meta property=\"og:type\" content=\"article\" \/>\n<meta property=\"og:title\" content=\"Kartat - Kyyr\u00e4n osakaskunta\" \/>\n<meta property=\"og:description\" content=\"Kyyr\u00e4n kalastuskunnan vesialueet kartalla: Summanen, Kiimasj\u00e4rvi, Lannevesi.\" \/>\n<meta property=\"og:url\" content=\"https:\/\/saarijarvenreitinkalatalousalue.fi\/kyyra\/tiedot\/kartat\/\" \/>\n<meta property=\"og:site_name\" content=\"Kyyr\u00e4n osakaskunta\" \/>\n<meta property=\"article:modified_time\" content=\"2023-04-25T17:17:51+00:00\" \/>\n<meta property=\"og:image\" content=\"https:\/\/saarijarvenreitinkalatalousalue.fi\/kyyra\/wp-content\/uploads\/sites\/44\/2022\/09\/kyyra_summanen.png\" \/>\n<meta name=\"twitter:card\" content=\"summary_large_image\" \/>\n<meta name=\"twitter:label1\" content=\"Arvioitu lukuaika\" \/>\n\t<meta name=\"twitter:data1\" content=\"1 minuutti\" \/>\n<script type=\"application\/ld+json\" class=\"yoast-schema-graph\">{\"@context\":\"https:\/\/schema.org\",\"@graph\":[{\"@type\":\"WebPage\",\"@id\":\"https:\/\/saarijarvenreitinkalatalousalue.fi\/kyyra\/tiedot\/kartat\/\",\"url\":\"https:\/\/saarijarvenreitinkalatalousalue.fi\/kyyra\/tiedot\/kartat\/\",\"name\":\"Kartat - Kyyr\u00e4n osakaskunta\",\"isPartOf\":{\"@id\":\"https:\/\/saarijarvenreitinkalatalousalue.fi\/kyyra\/#website\"},\"primaryImageOfPage\":{\"@id\":\"https:\/\/saarijarvenreitinkalatalousalue.fi\/kyyra\/tiedot\/kartat\/#primaryimage\"},\"image\":{\"@id\":\"https:\/\/saarijarvenreitinkalatalousalue.fi\/kyyra\/tiedot\/kartat\/#primaryimage\"},\"thumbnailUrl\":\"https:\/\/saarijarvenreitinkalatalousalue.fi\/kyyra\/wp-content\/uploads\/sites\/44\/2022\/09\/kyyra_summanen.png\",\"datePublished\":\"2022-09-06T15:46:15+00:00\",\"dateModified\":\"2023-04-25T17:17:51+00:00\",\"description\":\"Kyyr\u00e4n kalastuskunnan vesialueet kartalla: Summanen, Kiimasj\u00e4rvi, Lannevesi.\",\"breadcrumb\":{\"@id\":\"https:\/\/saarijarvenreitinkalatalousalue.fi\/kyyra\/tiedot\/kartat\/#breadcrumb\"},\"inLanguage\":\"fi\",\"potentialAction\":[{\"@type\":\"ReadAction\",\"target\":[\"https:\/\/saarijarvenreitinkalatalousalue.fi\/kyyra\/tiedot\/kartat\/\"]}]},{\"@type\":\"ImageObject\",\"inLanguage\":\"fi\",\"@id\":\"https:\/\/saarijarvenreitinkalatalousalue.fi\/kyyra\/tiedot\/kartat\/#primaryimage\",\"url\":\"https:\/\/saarijarvenreitinkalatalousalue.fi\/kyyra\/wp-content\/uploads\/sites\/44\/2022\/09\/kyyra_summanen.png\",\"contentUrl\":\"https:\/\/saarijarvenreitinkalatalousalue.fi\/kyyra\/wp-content\/uploads\/sites\/44\/2022\/09\/kyyra_summanen.png\",\"width\":648,\"height\":853},{\"@type\":\"BreadcrumbList\",\"@id\":\"https:\/\/saarijarvenreitinkalatalousalue.fi\/kyyra\/tiedot\/kartat\/#breadcrumb\",\"itemListElement\":[{\"@type\":\"ListItem\",\"position\":1,\"name\":\"Home\",\"item\":\"https:\/\/saarijarvenreitinkalatalousalue.fi\/kyyra\/\"},{\"@type\":\"ListItem\",\"position\":2,\"name\":\"Tiedot\",\"item\":\"https:\/\/saarijarvenreitinkalatalousalue.fi\/kyyra\/tiedot\/\"},{\"@type\":\"ListItem\",\"position\":3,\"name\":\"Kartat\"}]},{\"@type\":\"WebSite\",\"@id\":\"https:\/\/saarijarvenreitinkalatalousalue.fi\/kyyra\/#website\",\"url\":\"https:\/\/saarijarvenreitinkalatalousalue.fi\/kyyra\/\",\"name\":\"Kyyr\u00e4n osakaskunta\",\"description\":\"\",\"potentialAction\":[{\"@type\":\"SearchAction\",\"target\":{\"@type\":\"EntryPoint\",\"urlTemplate\":\"https:\/\/saarijarvenreitinkalatalousalue.fi\/kyyra\/?s={search_term_string}\"},\"query-input\":{\"@type\":\"PropertyValueSpecification\",\"valueRequired\":true,\"valueName\":\"search_term_string\"}}],\"inLanguage\":\"fi\"}]}<\/script>\n<!-- \/ Yoast SEO plugin. -->","yoast_head_json":{"title":"Kartat - Kyyr\u00e4n osakaskunta","description":"Kyyr\u00e4n kalastuskunnan vesialueet kartalla: Summanen, Kiimasj\u00e4rvi, Lannevesi.","robots":{"index":"index","follow":"follow","max-snippet":"max-snippet:-1","max-image-preview":"max-image-preview:large","max-video-preview":"max-video-preview:-1"},"canonical":"https:\/\/saarijarvenreitinkalatalousalue.fi\/kyyra\/tiedot\/kartat\/","og_locale":"fi_FI","og_type":"article","og_title":"Kartat - Kyyr\u00e4n osakaskunta","og_description":"Kyyr\u00e4n kalastuskunnan vesialueet kartalla: Summanen, Kiimasj\u00e4rvi, Lannevesi.","og_url":"https:\/\/saarijarvenreitinkalatalousalue.fi\/kyyra\/tiedot\/kartat\/","og_site_name":"Kyyr\u00e4n osakaskunta","article_modified_time":"2023-04-25T17:17:51+00:00","og_image":[{"url":"https:\/\/saarijarvenreitinkalatalousalue.fi\/kyyra\/wp-content\/uploads\/sites\/44\/2022\/09\/kyyra_summanen.png","type":"","width":"","height":""}],"twitter_card":"summary_large_image","twitter_misc":{"Arvioitu lukuaika":"1 minuutti"},"schema":{"@context":"https:\/\/schema.org","@graph":[{"@type":"WebPage","@id":"https:\/\/saarijarvenreitinkalatalousalue.fi\/kyyra\/tiedot\/kartat\/","url":"https:\/\/saarijarvenreitinkalatalousalue.fi\/kyyra\/tiedot\/kartat\/","name":"Kartat - Kyyr\u00e4n osakaskunta","isPartOf":{"@id":"https:\/\/saarijarvenreitinkalatalousalue.fi\/kyyra\/#website"},"primaryImageOfPage":{"@id":"https:\/\/saarijarvenreitinkalatalousalue.fi\/kyyra\/tiedot\/kartat\/#primaryimage"},"image":{"@id":"https:\/\/saarijarvenreitinkalatalousalue.fi\/kyyra\/tiedot\/kartat\/#primaryimage"},"thumbnailUrl":"https:\/\/saarijarvenreitinkalatalousalue.fi\/kyyra\/wp-content\/uploads\/sites\/44\/2022\/09\/kyyra_summanen.png","datePublished":"2022-09-06T15:46:15+00:00","dateModified":"2023-04-25T17:17:51+00:00","description":"Kyyr\u00e4n kalastuskunnan vesialueet kartalla: Summanen, Kiimasj\u00e4rvi, Lannevesi.","breadcrumb":{"@id":"https:\/\/saarijarvenreitinkalatalousalue.fi\/kyyra\/tiedot\/kartat\/#breadcrumb"},"inLanguage":"fi","potentialAction":[{"@type":"ReadAction","target":["https:\/\/saarijarvenreitinkalatalousalue.fi\/kyyra\/tiedot\/kartat\/"]}]},{"@type":"ImageObject","inLanguage":"fi","@id":"https:\/\/saarijarvenreitinkalatalousalue.fi\/kyyra\/tiedot\/kartat\/#primaryimage","url":"https:\/\/saarijarvenreitinkalatalousalue.fi\/kyyra\/wp-content\/uploads\/sites\/44\/2022\/09\/kyyra_summanen.png","contentUrl":"https:\/\/saarijarvenreitinkalatalousalue.fi\/kyyra\/wp-content\/uploads\/sites\/44\/2022\/09\/kyyra_summanen.png","width":648,"height":853},{"@type":"BreadcrumbList","@id":"https:\/\/saarijarvenreitinkalatalousalue.fi\/kyyra\/tiedot\/kartat\/#breadcrumb","itemListElement":[{"@type":"ListItem","position":1,"name":"Home","item":"https:\/\/saarijarvenreitinkalatalousalue.fi\/kyyra\/"},{"@type":"ListItem","position":2,"name":"Tiedot","item":"https:\/\/saarijarvenreitinkalatalousalue.fi\/kyyra\/tiedot\/"},{"@type":"ListItem","position":3,"name":"Kartat"}]},{"@type":"WebSite","@id":"https:\/\/saarijarvenreitinkalatalousalue.fi\/kyyra\/#website","url":"https:\/\/saarijarvenreitinkalatalousalue.fi\/kyyra\/","name":"Kyyr\u00e4n osakaskunta","description":"","potentialAction":[{"@type":"SearchAction","target":{"@type":"EntryPoint","urlTemplate":"https:\/\/saarijarvenreitinkalatalousalue.fi\/kyyra\/?s={search_term_string}"},"query-input":{"@type":"PropertyValueSpecification","valueRequired":true,"valueName":"search_term_string"}}],"inLanguage":"fi"}]}},"_links":{"self":[{"href":"https:\/\/saarijarvenreitinkalatalousalue.fi\/kyyra\/wp-json\/wp\/v2\/pages\/371","targetHints":{"allow":["GET"]}}],"collection":[{"href":"https:\/\/saarijarvenreitinkalatalousalue.fi\/kyyra\/wp-json\/wp\/v2\/pages"}],"about":[{"href":"https:\/\/saarijarvenreitinkalatalousalue.fi\/kyyra\/wp-json\/wp\/v2\/types\/page"}],"author":[{"embeddable":true,"href":"https:\/\/saarijarvenreitinkalatalousalue.fi\/kyyra\/wp-json\/wp\/v2\/users\/20"}],"replies":[{"embeddable":true,"href":"https:\/\/saarijarvenreitinkalatalousalue.fi\/kyyra\/wp-json\/wp\/v2\/comments?post=371"}],"version-history":[{"count":3,"href":"https:\/\/saarijarvenreitinkalatalousalue.fi\/kyyra\/wp-json\/wp\/v2\/pages\/371\/revisions"}],"predecessor-version":[{"id":420,"href":"https:\/\/saarijarvenreitinkalatalousalue.fi\/kyyra\/wp-json\/wp\/v2\/pages\/371\/revisions\/420"}],"up":[{"embeddable":true,"href":"https:\/\/saarijarvenreitinkalatalousalue.fi\/kyyra\/wp-json\/wp\/v2\/pages\/379"}],"wp:attachment":[{"href":"https:\/\/saarijarvenreitinkalatalousalue.fi\/kyyra\/wp-json\/wp\/v2\/media?parent=371"}],"curies":[{"name":"wp","href":"https:\/\/api.w.org\/{rel}","templated":true}]}}