{"id":524,"date":"2026-05-07T16:48:22","date_gmt":"2026-05-07T16:48:22","guid":{"rendered":"https:\/\/saarijarvenreitinkalatalousalue.fi\/kyyra\/?page_id=524"},"modified":"2026-05-07T16:55:42","modified_gmt":"2026-05-07T16:55:42","slug":"poytakirjat-2026","status":"publish","type":"page","link":"https:\/\/saarijarvenreitinkalatalousalue.fi\/kyyra\/hallinto\/vuosikokous\/poytakirjat-2026\/","title":{"rendered":"P\u00f6yt\u00e4kirjat 2026"},"content":{"rendered":"\n<h2 class=\"wp-block-heading\">Osakaskunnan yleisen kokouksen sek\u00e4 hoitokunnan j\u00e4rjest\u00e4ytymiskokouksen p\u00f6yt\u00e4kirjat 2026<\/h2>\n\n\n\n<div class=\"wp-block-file\"><a id=\"wp-block-file--media-e50f4426-c3d9-458d-9588-270399ad55d2\" href=\"https:\/\/saarijarvenreitinkalatalousalue.fi\/kyyra\/wp-content\/uploads\/sites\/44\/2026\/05\/kyyra-yleinen-kokous-2026.pdf\">Yleinen kokous 2026<\/a><a href=\"https:\/\/saarijarvenreitinkalatalousalue.fi\/kyyra\/wp-content\/uploads\/sites\/44\/2026\/05\/kyyra-yleinen-kokous-2026.pdf\" class=\"wp-block-file__button wp-element-button\" download aria-describedby=\"wp-block-file--media-e50f4426-c3d9-458d-9588-270399ad55d2\">Download<\/a><\/div>\n\n\n\n<div class=\"wp-block-file\"><a id=\"wp-block-file--media-056aabdf-3ae8-4907-92f2-d067be7436cc\" href=\"https:\/\/saarijarvenreitinkalatalousalue.fi\/kyyra\/wp-content\/uploads\/sites\/44\/2026\/05\/kyyra-jarjestaytymiskokous-2026.pdf\">J\u00e4rjest\u00e4ytymiskokokous 2026<\/a><a href=\"https:\/\/saarijarvenreitinkalatalousalue.fi\/kyyra\/wp-content\/uploads\/sites\/44\/2026\/05\/kyyra-jarjestaytymiskokous-2026.pdf\" class=\"wp-block-file__button wp-element-button\" download aria-describedby=\"wp-block-file--media-056aabdf-3ae8-4907-92f2-d067be7436cc\">Download<\/a><\/div>\n\n\n\n<p><\/p>\n","protected":false},"excerpt":{"rendered":"<p>Osakaskunnan yleisen kokouksen sek\u00e4 hoitokunnan j\u00e4rjest\u00e4ytymiskokouksen p\u00f6yt\u00e4kirjat 2026 <a id=\"wp-block-file--media-e50f4426-c3d9-458d-9588-270399ad55d2\" href=\"https:\/\/saarijarvenreitinkalatalousalue.fi\/kyyra\/wp-content\/uploads\/sites\/44\/2026\/05\/kyyra-yleinen-kokous-2026.pdf\">Yleinen kokous 2026<\/a><a href=\"https:\/\/saarijarvenreitinkalatalousalue.fi\/kyyra\/wp-content\/uploads\/sites\/44\/2026\/05\/kyyra-yleinen-kokous-2026.pdf\" class=\"wp-block-file__button wp-element-button\" download aria-describedby=\"wp-block-file--media-e50f4426-c3d9-458d-9588-270399ad55d2\">Download<\/a> <a id=\"wp-block-file--media-056aabdf-3ae8-4907-92f2-d067be7436cc\" href=\"https:\/\/saarijarvenreitinkalatalousalue.fi\/kyyra\/wp-content\/uploads\/sites\/44\/2026\/05\/kyyra-jarjestaytymiskokous-2026.pdf\">J\u00e4rjest\u00e4ytymiskokokous 2026<\/a><a href=\"https:\/\/saarijarvenreitinkalatalousalue.fi\/kyyra\/wp-content\/uploads\/sites\/44\/2026\/05\/kyyra-jarjestaytymiskokous-2026.pdf\" class=\"wp-block-file__button wp-element-button\" download aria-describedby=\"wp-block-file--media-056aabdf-3ae8-4907-92f2-d067be7436cc\">Download<\/a><\/p>\n","protected":false},"author":20,"featured_media":0,"parent":158,"menu_order":0,"comment_status":"closed","ping_status":"closed","template":"basic-sivu.php","meta":{"_acf_changed":false,"footnotes":""},"class_list":["post-524","page","type-page","status-publish","hentry"],"acf":[],"yoast_head":"<!-- This site is optimized with the Yoast SEO plugin v27.1.1 - https:\/\/yoast.com\/product\/yoast-seo-wordpress\/ -->\n<title>P\u00f6yt\u00e4kirjat 2026 - Kyyr\u00e4n osakaskunta<\/title>\n<meta name=\"description\" content=\"Kyyr\u00e4n osakaskunnan s\u00e4\u00e4nt\u00f6m\u00e4\u00e4r\u00e4isen vuosikokouksen sek\u00e4 hoitokunnan j\u00e4rjest\u00e4ytymiskokouksen p\u00f6yt\u00e4kirjat 2026.\" \/>\n<meta name=\"robots\" content=\"index, follow, max-snippet:-1, max-image-preview:large, max-video-preview:-1\" \/>\n<link rel=\"canonical\" href=\"https:\/\/saarijarvenreitinkalatalousalue.fi\/kyyra\/hallinto\/vuosikokous\/poytakirjat-2026\/\" \/>\n<meta property=\"og:locale\" content=\"fi_FI\" \/>\n<meta property=\"og:type\" content=\"article\" \/>\n<meta property=\"og:title\" content=\"P\u00f6yt\u00e4kirjat 2026 - Kyyr\u00e4n osakaskunta\" \/>\n<meta property=\"og:description\" content=\"Kyyr\u00e4n osakaskunnan s\u00e4\u00e4nt\u00f6m\u00e4\u00e4r\u00e4isen vuosikokouksen sek\u00e4 hoitokunnan j\u00e4rjest\u00e4ytymiskokouksen p\u00f6yt\u00e4kirjat 2026.\" \/>\n<meta property=\"og:url\" content=\"https:\/\/saarijarvenreitinkalatalousalue.fi\/kyyra\/hallinto\/vuosikokous\/poytakirjat-2026\/\" \/>\n<meta property=\"og:site_name\" content=\"Kyyr\u00e4n osakaskunta\" \/>\n<meta property=\"article:modified_time\" content=\"2026-05-07T16:55:42+00:00\" \/>\n<meta name=\"twitter:card\" content=\"summary_large_image\" \/>\n<meta name=\"twitter:label1\" content=\"Arvioitu lukuaika\" \/>\n\t<meta name=\"twitter:data1\" content=\"1 minuutti\" \/>\n<script type=\"application\/ld+json\" class=\"yoast-schema-graph\">{\"@context\":\"https:\/\/schema.org\",\"@graph\":[{\"@type\":\"WebPage\",\"@id\":\"https:\/\/saarijarvenreitinkalatalousalue.fi\/kyyra\/hallinto\/vuosikokous\/poytakirjat-2026\/\",\"url\":\"https:\/\/saarijarvenreitinkalatalousalue.fi\/kyyra\/hallinto\/vuosikokous\/poytakirjat-2026\/\",\"name\":\"P\u00f6yt\u00e4kirjat 2026 - Kyyr\u00e4n osakaskunta\",\"isPartOf\":{\"@id\":\"https:\/\/saarijarvenreitinkalatalousalue.fi\/kyyra\/#website\"},\"datePublished\":\"2026-05-07T16:48:22+00:00\",\"dateModified\":\"2026-05-07T16:55:42+00:00\",\"description\":\"Kyyr\u00e4n osakaskunnan s\u00e4\u00e4nt\u00f6m\u00e4\u00e4r\u00e4isen vuosikokouksen sek\u00e4 hoitokunnan j\u00e4rjest\u00e4ytymiskokouksen p\u00f6yt\u00e4kirjat 2026.\",\"breadcrumb\":{\"@id\":\"https:\/\/saarijarvenreitinkalatalousalue.fi\/kyyra\/hallinto\/vuosikokous\/poytakirjat-2026\/#breadcrumb\"},\"inLanguage\":\"fi\",\"potentialAction\":[{\"@type\":\"ReadAction\",\"target\":[\"https:\/\/saarijarvenreitinkalatalousalue.fi\/kyyra\/hallinto\/vuosikokous\/poytakirjat-2026\/\"]}]},{\"@type\":\"BreadcrumbList\",\"@id\":\"https:\/\/saarijarvenreitinkalatalousalue.fi\/kyyra\/hallinto\/vuosikokous\/poytakirjat-2026\/#breadcrumb\",\"itemListElement\":[{\"@type\":\"ListItem\",\"position\":1,\"name\":\"Home\",\"item\":\"https:\/\/saarijarvenreitinkalatalousalue.fi\/kyyra\/\"},{\"@type\":\"ListItem\",\"position\":2,\"name\":\"Hallinto\",\"item\":\"https:\/\/saarijarvenreitinkalatalousalue.fi\/kyyra\/hallinto\/\"},{\"@type\":\"ListItem\",\"position\":3,\"name\":\"Vuosikokous\",\"item\":\"https:\/\/saarijarvenreitinkalatalousalue.fi\/kyyra\/hallinto\/vuosikokous\/\"},{\"@type\":\"ListItem\",\"position\":4,\"name\":\"P\u00f6yt\u00e4kirjat 2026\"}]},{\"@type\":\"WebSite\",\"@id\":\"https:\/\/saarijarvenreitinkalatalousalue.fi\/kyyra\/#website\",\"url\":\"https:\/\/saarijarvenreitinkalatalousalue.fi\/kyyra\/\",\"name\":\"Kyyr\u00e4n osakaskunta\",\"description\":\"\",\"potentialAction\":[{\"@type\":\"SearchAction\",\"target\":{\"@type\":\"EntryPoint\",\"urlTemplate\":\"https:\/\/saarijarvenreitinkalatalousalue.fi\/kyyra\/?s={search_term_string}\"},\"query-input\":{\"@type\":\"PropertyValueSpecification\",\"valueRequired\":true,\"valueName\":\"search_term_string\"}}],\"inLanguage\":\"fi\"}]}<\/script>\n<!-- \/ Yoast SEO plugin. -->","yoast_head_json":{"title":"P\u00f6yt\u00e4kirjat 2026 - Kyyr\u00e4n osakaskunta","description":"Kyyr\u00e4n osakaskunnan s\u00e4\u00e4nt\u00f6m\u00e4\u00e4r\u00e4isen vuosikokouksen sek\u00e4 hoitokunnan j\u00e4rjest\u00e4ytymiskokouksen p\u00f6yt\u00e4kirjat 2026.","robots":{"index":"index","follow":"follow","max-snippet":"max-snippet:-1","max-image-preview":"max-image-preview:large","max-video-preview":"max-video-preview:-1"},"canonical":"https:\/\/saarijarvenreitinkalatalousalue.fi\/kyyra\/hallinto\/vuosikokous\/poytakirjat-2026\/","og_locale":"fi_FI","og_type":"article","og_title":"P\u00f6yt\u00e4kirjat 2026 - Kyyr\u00e4n osakaskunta","og_description":"Kyyr\u00e4n osakaskunnan s\u00e4\u00e4nt\u00f6m\u00e4\u00e4r\u00e4isen vuosikokouksen sek\u00e4 hoitokunnan j\u00e4rjest\u00e4ytymiskokouksen p\u00f6yt\u00e4kirjat 2026.","og_url":"https:\/\/saarijarvenreitinkalatalousalue.fi\/kyyra\/hallinto\/vuosikokous\/poytakirjat-2026\/","og_site_name":"Kyyr\u00e4n osakaskunta","article_modified_time":"2026-05-07T16:55:42+00:00","twitter_card":"summary_large_image","twitter_misc":{"Arvioitu lukuaika":"1 minuutti"},"schema":{"@context":"https:\/\/schema.org","@graph":[{"@type":"WebPage","@id":"https:\/\/saarijarvenreitinkalatalousalue.fi\/kyyra\/hallinto\/vuosikokous\/poytakirjat-2026\/","url":"https:\/\/saarijarvenreitinkalatalousalue.fi\/kyyra\/hallinto\/vuosikokous\/poytakirjat-2026\/","name":"P\u00f6yt\u00e4kirjat 2026 - Kyyr\u00e4n osakaskunta","isPartOf":{"@id":"https:\/\/saarijarvenreitinkalatalousalue.fi\/kyyra\/#website"},"datePublished":"2026-05-07T16:48:22+00:00","dateModified":"2026-05-07T16:55:42+00:00","description":"Kyyr\u00e4n osakaskunnan s\u00e4\u00e4nt\u00f6m\u00e4\u00e4r\u00e4isen vuosikokouksen sek\u00e4 hoitokunnan j\u00e4rjest\u00e4ytymiskokouksen p\u00f6yt\u00e4kirjat 2026.","breadcrumb":{"@id":"https:\/\/saarijarvenreitinkalatalousalue.fi\/kyyra\/hallinto\/vuosikokous\/poytakirjat-2026\/#breadcrumb"},"inLanguage":"fi","potentialAction":[{"@type":"ReadAction","target":["https:\/\/saarijarvenreitinkalatalousalue.fi\/kyyra\/hallinto\/vuosikokous\/poytakirjat-2026\/"]}]},{"@type":"BreadcrumbList","@id":"https:\/\/saarijarvenreitinkalatalousalue.fi\/kyyra\/hallinto\/vuosikokous\/poytakirjat-2026\/#breadcrumb","itemListElement":[{"@type":"ListItem","position":1,"name":"Home","item":"https:\/\/saarijarvenreitinkalatalousalue.fi\/kyyra\/"},{"@type":"ListItem","position":2,"name":"Hallinto","item":"https:\/\/saarijarvenreitinkalatalousalue.fi\/kyyra\/hallinto\/"},{"@type":"ListItem","position":3,"name":"Vuosikokous","item":"https:\/\/saarijarvenreitinkalatalousalue.fi\/kyyra\/hallinto\/vuosikokous\/"},{"@type":"ListItem","position":4,"name":"P\u00f6yt\u00e4kirjat 2026"}]},{"@type":"WebSite","@id":"https:\/\/saarijarvenreitinkalatalousalue.fi\/kyyra\/#website","url":"https:\/\/saarijarvenreitinkalatalousalue.fi\/kyyra\/","name":"Kyyr\u00e4n osakaskunta","description":"","potentialAction":[{"@type":"SearchAction","target":{"@type":"EntryPoint","urlTemplate":"https:\/\/saarijarvenreitinkalatalousalue.fi\/kyyra\/?s={search_term_string}"},"query-input":{"@type":"PropertyValueSpecification","valueRequired":true,"valueName":"search_term_string"}}],"inLanguage":"fi"}]}},"_links":{"self":[{"href":"https:\/\/saarijarvenreitinkalatalousalue.fi\/kyyra\/wp-json\/wp\/v2\/pages\/524","targetHints":{"allow":["GET"]}}],"collection":[{"href":"https:\/\/saarijarvenreitinkalatalousalue.fi\/kyyra\/wp-json\/wp\/v2\/pages"}],"about":[{"href":"https:\/\/saarijarvenreitinkalatalousalue.fi\/kyyra\/wp-json\/wp\/v2\/types\/page"}],"author":[{"embeddable":true,"href":"https:\/\/saarijarvenreitinkalatalousalue.fi\/kyyra\/wp-json\/wp\/v2\/users\/20"}],"replies":[{"embeddable":true,"href":"https:\/\/saarijarvenreitinkalatalousalue.fi\/kyyra\/wp-json\/wp\/v2\/comments?post=524"}],"version-history":[{"count":3,"href":"https:\/\/saarijarvenreitinkalatalousalue.fi\/kyyra\/wp-json\/wp\/v2\/pages\/524\/revisions"}],"predecessor-version":[{"id":531,"href":"https:\/\/saarijarvenreitinkalatalousalue.fi\/kyyra\/wp-json\/wp\/v2\/pages\/524\/revisions\/531"}],"up":[{"embeddable":true,"href":"https:\/\/saarijarvenreitinkalatalousalue.fi\/kyyra\/wp-json\/wp\/v2\/pages\/158"}],"wp:attachment":[{"href":"https:\/\/saarijarvenreitinkalatalousalue.fi\/kyyra\/wp-json\/wp\/v2\/media?parent=524"}],"curies":[{"name":"wp","href":"https:\/\/api.w.org\/{rel}","templated":true}]}}