{"id":86,"date":"2020-10-29T11:39:36","date_gmt":"2020-10-29T11:39:36","guid":{"rendered":"http:\/\/89.166.51.80\/~saarijarven\/hameenmaen-osakaskunta\/?page_id=86"},"modified":"2024-12-18T13:19:21","modified_gmt":"2024-12-18T13:19:21","slug":"lupamaksut-ja-ohjeet","status":"publish","type":"page","link":"https:\/\/saarijarvenreitinkalatalousalue.fi\/paajala\/luvat\/lupamaksut-ja-ohjeet\/","title":{"rendered":"Lupamaksut ja ohjeet"},"content":{"rendered":"\n<h2 class=\"wp-block-heading\">Lupamaksut ja ohjeet<\/h2>\n\n\n\n<p>Lupien myyntipaikat : <a href=\"https:\/\/www.ostaluvat.fi\/\" target=\"_blank\" rel=\"noreferrer noopener\">www.Ostaluvat.fi<\/a><br><\/p>\n\n\n\n<h2 class=\"wp-block-heading\"><br><\/h2>\n\n\n\n<div data-wp-interactive=\"core\/file\" class=\"wp-block-file\"><object data-wp-bind--hidden=\"!state.hasPdfPreview\" hidden class=\"wp-block-file__embed\" data=\"https:\/\/saarijarvenreitinkalatalousalue.fi\/paajala\/wp-content\/uploads\/sites\/60\/2024\/01\/Lupaohje-Paajalan-osakaskunta.pdf\" type=\"application\/pdf\" style=\"width:100%;height:600px\" aria-label=\"Tiedoston Lupaohje Paajalan osakaskunta upotus.\"><\/object><a id=\"wp-block-file--media-bfbe1374-eb87-4cab-98d6-7c58cf87e2a4\" href=\"https:\/\/saarijarvenreitinkalatalousalue.fi\/paajala\/wp-content\/uploads\/sites\/60\/2024\/01\/Lupaohje-Paajalan-osakaskunta.pdf\">Lupaohje Paajalan osakaskunta<\/a><a href=\"https:\/\/saarijarvenreitinkalatalousalue.fi\/paajala\/wp-content\/uploads\/sites\/60\/2024\/01\/Lupaohje-Paajalan-osakaskunta.pdf\" class=\"wp-block-file__button wp-element-button\" download aria-describedby=\"wp-block-file--media-bfbe1374-eb87-4cab-98d6-7c58cf87e2a4\">Lataa<\/a><\/div>\n\n\n\n<p><strong>Vesilintujen mets\u00e4stys<\/strong><br>Paajalan osakaskunta myy vesilinnustuslupaa Paajalan osakaskunnan omille ja Kiminki-Kukon sopimusalueille. Vesilinnustusalueenseen ei kuulu Mets\u00e4hallitukselta vuokratut alueet Luotoj\u00e4rvess\u00e4 ja Sammalisessa. Vesilinnustusluvan hinta on 5\u20ac\/kausi ja luvalla saa pyyt\u00e4\u00e4 my\u00f6s minkki\u00e4 ja kanadanmajavaa.<\/p>\n\n\n\n<p>Paajalan osakaksunnan vesialueet: Paajalan osakaskunta, Kukon kalastuskunnan sopimusalueet ja Mets\u00e4hallitukselta vuokratut vesialueet<\/p>\n\n\n\n<p><strong>Paajalan osakaskunnan vesialueet<\/strong><\/p>\n\n\n\n<div class=\"wp-block-file\"><a id=\"wp-block-file--media-a5c657eb-ca05-415e-b7e8-fb5fcbb7fb5d\" href=\"https:\/\/saarijarvenreitinkalatalousalue.fi\/paajala\/wp-content\/uploads\/sites\/60\/2024\/02\/paajalan-ok.png\">paajalan ok<\/a><a href=\"https:\/\/saarijarvenreitinkalatalousalue.fi\/paajala\/wp-content\/uploads\/sites\/60\/2024\/02\/paajalan-ok.png\" class=\"wp-block-file__button wp-element-button\" download aria-describedby=\"wp-block-file--media-a5c657eb-ca05-415e-b7e8-fb5fcbb7fb5d\">Lataa<\/a><\/div>\n\n\n\n<div class=\"wp-block-file\"><a id=\"wp-block-file--media-95220d08-90fc-40f7-a2d7-aee1b5196ae4\" href=\"https:\/\/saarijarvenreitinkalatalousalue.fi\/paajala\/wp-content\/uploads\/sites\/60\/2024\/02\/Kiminkikukon-ok.png\">Kiminkikukon ok<\/a><a href=\"https:\/\/saarijarvenreitinkalatalousalue.fi\/paajala\/wp-content\/uploads\/sites\/60\/2024\/02\/Kiminkikukon-ok.png\" class=\"wp-block-file__button wp-element-button\" download aria-describedby=\"wp-block-file--media-95220d08-90fc-40f7-a2d7-aee1b5196ae4\">Lataa<\/a><\/div>\n\n\n\n<div class=\"wp-block-file\"><a id=\"wp-block-file--media-e6fe7f81-9e1d-4cc6-a522-5f2b005aaf7d\" href=\"https:\/\/saarijarvenreitinkalatalousalue.fi\/paajala\/wp-content\/uploads\/sites\/60\/2024\/02\/Metsahallitukselta-vuokratut-vesialueet-Saammalisessa-ja-Luotojarvessa.pdf\">Mets\u00e4hallitukselta vuokratut vesialueet Saammalisessa ja Luotoj\u00e4rvess\u00e4<\/a><a href=\"https:\/\/saarijarvenreitinkalatalousalue.fi\/paajala\/wp-content\/uploads\/sites\/60\/2024\/02\/Metsahallitukselta-vuokratut-vesialueet-Saammalisessa-ja-Luotojarvessa.pdf\" class=\"wp-block-file__button wp-element-button\" download aria-describedby=\"wp-block-file--media-e6fe7f81-9e1d-4cc6-a522-5f2b005aaf7d\">Lataa<\/a><\/div>\n\n\n\n<p>Saarij\u00e4rven osakaskuntien indeksikartta l\u00f6ytyy kalatalousalueen osakaskunnat sivulta: <br><a href=\"https:\/\/saarijarvenreitinkalatalousalue.fi\/osakaskunnat\/\" target=\"_blank\" rel=\"noreferrer noopener\">https:\/\/saarijarvenreitinkalatalousalue.fi\/osakaskunnat\/<\/a><\/p>\n","protected":false},"excerpt":{"rendered":"<p>Lupamaksut ja ohjeet Lupien myyntipaikat : <a href=\"https:\/\/www.ostaluvat.fi\/\" target=\"_blank\" rel=\"noreferrer noopener\">www.Ostaluvat.fi<\/a> <a id=\"wp-block-file--media-bfbe1374-eb87-4cab-98d6-7c58cf87e2a4\" href=\"https:\/\/saarijarvenreitinkalatalousalue.fi\/paajala\/wp-content\/uploads\/sites\/60\/2024\/01\/Lupaohje-Paajalan-osakaskunta.pdf\">Lupaohje Paajalan osakaskunta<\/a><a href=\"https:\/\/saarijarvenreitinkalatalousalue.fi\/paajala\/wp-content\/uploads\/sites\/60\/2024\/01\/Lupaohje-Paajalan-osakaskunta.pdf\" class=\"wp-block-file__button wp-element-button\" download aria-describedby=\"wp-block-file--media-bfbe1374-eb87-4cab-98d6-7c58cf87e2a4\">Lataa<\/a> <strong>Vesilintujen mets\u00e4stys<\/strong>Paajalan osakaskunta myy vesilinnustuslupaa Paajalan osakaskunnan omille ja Kiminki-Kukon sopimusalueille. Vesilinnustusalueenseen ei kuulu Mets\u00e4hallitukselta vuokratut alueet Luotoj\u00e4rvess\u00e4 ja Sammalisessa. Vesilinnustusluvan hinta on 5\u20ac\/kausi<\/p>\n<p><a class=\"moretag\" href=\"https:\/\/saarijarvenreitinkalatalousalue.fi\/paajala\/luvat\/lupamaksut-ja-ohjeet\/\"> Lue lis\u00e4\u00e4 ><\/a><\/p>\n","protected":false},"author":1,"featured_media":0,"parent":45,"menu_order":0,"comment_status":"closed","ping_status":"closed","template":"basic-sivu.php","meta":{"_acf_changed":false,"footnotes":""},"class_list":["post-86","page","type-page","status-publish","hentry"],"acf":[],"yoast_head":"<!-- This site is optimized with the Yoast SEO plugin v27.1.1 - https:\/\/yoast.com\/product\/yoast-seo-wordpress\/ -->\n<title>Lupamaksut ja ohjeet - Paajalan osakaskunta<\/title>\n<meta name=\"robots\" content=\"index, follow, max-snippet:-1, max-image-preview:large, max-video-preview:-1\" \/>\n<link rel=\"canonical\" href=\"https:\/\/saarijarvenreitinkalatalousalue.fi\/paajala\/luvat\/lupamaksut-ja-ohjeet\/\" \/>\n<meta property=\"og:locale\" content=\"fi_FI\" \/>\n<meta property=\"og:type\" content=\"article\" \/>\n<meta property=\"og:title\" content=\"Lupamaksut ja ohjeet - Paajalan osakaskunta\" \/>\n<meta property=\"og:description\" content=\"Lupamaksut ja ohjeet Lupien myyntipaikat : www.Ostaluvat.fi Lupaohje Paajalan osakaskuntaLataa Vesilintujen mets\u00e4stysPaajalan osakaskunta myy vesilinnustuslupaa Paajalan osakaskunnan omille ja Kiminki-Kukon sopimusalueille. Vesilinnustusalueenseen ei kuulu Mets\u00e4hallitukselta vuokratut alueet Luotoj\u00e4rvess\u00e4 ja Sammalisessa. Vesilinnustusluvan hinta on 5\u20ac\/kausi Lue lis\u00e4\u00e4 &gt;\" \/>\n<meta property=\"og:url\" content=\"https:\/\/saarijarvenreitinkalatalousalue.fi\/paajala\/luvat\/lupamaksut-ja-ohjeet\/\" \/>\n<meta property=\"og:site_name\" content=\"Paajalan osakaskunta\" \/>\n<meta property=\"article:modified_time\" content=\"2024-12-18T13:19:21+00:00\" \/>\n<meta name=\"twitter:card\" content=\"summary_large_image\" \/>\n<meta name=\"twitter:label1\" content=\"Arvioitu lukuaika\" \/>\n\t<meta name=\"twitter:data1\" content=\"1 minuutti\" \/>\n<script type=\"application\/ld+json\" class=\"yoast-schema-graph\">{\"@context\":\"https:\/\/schema.org\",\"@graph\":[{\"@type\":\"WebPage\",\"@id\":\"https:\/\/saarijarvenreitinkalatalousalue.fi\/paajala\/luvat\/lupamaksut-ja-ohjeet\/\",\"url\":\"https:\/\/saarijarvenreitinkalatalousalue.fi\/paajala\/luvat\/lupamaksut-ja-ohjeet\/\",\"name\":\"Lupamaksut ja ohjeet - Paajalan osakaskunta\",\"isPartOf\":{\"@id\":\"https:\/\/saarijarvenreitinkalatalousalue.fi\/paajala\/#website\"},\"datePublished\":\"2020-10-29T11:39:36+00:00\",\"dateModified\":\"2024-12-18T13:19:21+00:00\",\"breadcrumb\":{\"@id\":\"https:\/\/saarijarvenreitinkalatalousalue.fi\/paajala\/luvat\/lupamaksut-ja-ohjeet\/#breadcrumb\"},\"inLanguage\":\"fi\",\"potentialAction\":[{\"@type\":\"ReadAction\",\"target\":[\"https:\/\/saarijarvenreitinkalatalousalue.fi\/paajala\/luvat\/lupamaksut-ja-ohjeet\/\"]}]},{\"@type\":\"BreadcrumbList\",\"@id\":\"https:\/\/saarijarvenreitinkalatalousalue.fi\/paajala\/luvat\/lupamaksut-ja-ohjeet\/#breadcrumb\",\"itemListElement\":[{\"@type\":\"ListItem\",\"position\":1,\"name\":\"Home\",\"item\":\"https:\/\/saarijarvenreitinkalatalousalue.fi\/paajala\/\"},{\"@type\":\"ListItem\",\"position\":2,\"name\":\"Yksityinen: Luvat\",\"item\":\"https:\/\/saarijarvenreitinkalatalousalue.fi\/paajala\/?page_id=45\"},{\"@type\":\"ListItem\",\"position\":3,\"name\":\"Lupamaksut ja ohjeet\"}]},{\"@type\":\"WebSite\",\"@id\":\"https:\/\/saarijarvenreitinkalatalousalue.fi\/paajala\/#website\",\"url\":\"https:\/\/saarijarvenreitinkalatalousalue.fi\/paajala\/\",\"name\":\"Paajalan osakaskunta\",\"description\":\"\",\"potentialAction\":[{\"@type\":\"SearchAction\",\"target\":{\"@type\":\"EntryPoint\",\"urlTemplate\":\"https:\/\/saarijarvenreitinkalatalousalue.fi\/paajala\/?s={search_term_string}\"},\"query-input\":{\"@type\":\"PropertyValueSpecification\",\"valueRequired\":true,\"valueName\":\"search_term_string\"}}],\"inLanguage\":\"fi\"}]}<\/script>\n<!-- \/ Yoast SEO plugin. -->","yoast_head_json":{"title":"Lupamaksut ja ohjeet - Paajalan osakaskunta","robots":{"index":"index","follow":"follow","max-snippet":"max-snippet:-1","max-image-preview":"max-image-preview:large","max-video-preview":"max-video-preview:-1"},"canonical":"https:\/\/saarijarvenreitinkalatalousalue.fi\/paajala\/luvat\/lupamaksut-ja-ohjeet\/","og_locale":"fi_FI","og_type":"article","og_title":"Lupamaksut ja ohjeet - Paajalan osakaskunta","og_description":"Lupamaksut ja ohjeet Lupien myyntipaikat : www.Ostaluvat.fi Lupaohje Paajalan osakaskuntaLataa Vesilintujen mets\u00e4stysPaajalan osakaskunta myy vesilinnustuslupaa Paajalan osakaskunnan omille ja Kiminki-Kukon sopimusalueille. Vesilinnustusalueenseen ei kuulu Mets\u00e4hallitukselta vuokratut alueet Luotoj\u00e4rvess\u00e4 ja Sammalisessa. Vesilinnustusluvan hinta on 5\u20ac\/kausi Lue lis\u00e4\u00e4 >","og_url":"https:\/\/saarijarvenreitinkalatalousalue.fi\/paajala\/luvat\/lupamaksut-ja-ohjeet\/","og_site_name":"Paajalan osakaskunta","article_modified_time":"2024-12-18T13:19:21+00:00","twitter_card":"summary_large_image","twitter_misc":{"Arvioitu lukuaika":"1 minuutti"},"schema":{"@context":"https:\/\/schema.org","@graph":[{"@type":"WebPage","@id":"https:\/\/saarijarvenreitinkalatalousalue.fi\/paajala\/luvat\/lupamaksut-ja-ohjeet\/","url":"https:\/\/saarijarvenreitinkalatalousalue.fi\/paajala\/luvat\/lupamaksut-ja-ohjeet\/","name":"Lupamaksut ja ohjeet - Paajalan osakaskunta","isPartOf":{"@id":"https:\/\/saarijarvenreitinkalatalousalue.fi\/paajala\/#website"},"datePublished":"2020-10-29T11:39:36+00:00","dateModified":"2024-12-18T13:19:21+00:00","breadcrumb":{"@id":"https:\/\/saarijarvenreitinkalatalousalue.fi\/paajala\/luvat\/lupamaksut-ja-ohjeet\/#breadcrumb"},"inLanguage":"fi","potentialAction":[{"@type":"ReadAction","target":["https:\/\/saarijarvenreitinkalatalousalue.fi\/paajala\/luvat\/lupamaksut-ja-ohjeet\/"]}]},{"@type":"BreadcrumbList","@id":"https:\/\/saarijarvenreitinkalatalousalue.fi\/paajala\/luvat\/lupamaksut-ja-ohjeet\/#breadcrumb","itemListElement":[{"@type":"ListItem","position":1,"name":"Home","item":"https:\/\/saarijarvenreitinkalatalousalue.fi\/paajala\/"},{"@type":"ListItem","position":2,"name":"Yksityinen: Luvat","item":"https:\/\/saarijarvenreitinkalatalousalue.fi\/paajala\/?page_id=45"},{"@type":"ListItem","position":3,"name":"Lupamaksut ja ohjeet"}]},{"@type":"WebSite","@id":"https:\/\/saarijarvenreitinkalatalousalue.fi\/paajala\/#website","url":"https:\/\/saarijarvenreitinkalatalousalue.fi\/paajala\/","name":"Paajalan osakaskunta","description":"","potentialAction":[{"@type":"SearchAction","target":{"@type":"EntryPoint","urlTemplate":"https:\/\/saarijarvenreitinkalatalousalue.fi\/paajala\/?s={search_term_string}"},"query-input":{"@type":"PropertyValueSpecification","valueRequired":true,"valueName":"search_term_string"}}],"inLanguage":"fi"}]}},"_links":{"self":[{"href":"https:\/\/saarijarvenreitinkalatalousalue.fi\/paajala\/wp-json\/wp\/v2\/pages\/86","targetHints":{"allow":["GET"]}}],"collection":[{"href":"https:\/\/saarijarvenreitinkalatalousalue.fi\/paajala\/wp-json\/wp\/v2\/pages"}],"about":[{"href":"https:\/\/saarijarvenreitinkalatalousalue.fi\/paajala\/wp-json\/wp\/v2\/types\/page"}],"author":[{"embeddable":true,"href":"https:\/\/saarijarvenreitinkalatalousalue.fi\/paajala\/wp-json\/wp\/v2\/users\/1"}],"replies":[{"embeddable":true,"href":"https:\/\/saarijarvenreitinkalatalousalue.fi\/paajala\/wp-json\/wp\/v2\/comments?post=86"}],"version-history":[{"count":16,"href":"https:\/\/saarijarvenreitinkalatalousalue.fi\/paajala\/wp-json\/wp\/v2\/pages\/86\/revisions"}],"predecessor-version":[{"id":283,"href":"https:\/\/saarijarvenreitinkalatalousalue.fi\/paajala\/wp-json\/wp\/v2\/pages\/86\/revisions\/283"}],"up":[{"embeddable":true,"href":"https:\/\/saarijarvenreitinkalatalousalue.fi\/paajala\/wp-json\/wp\/v2\/pages\/45"}],"wp:attachment":[{"href":"https:\/\/saarijarvenreitinkalatalousalue.fi\/paajala\/wp-json\/wp\/v2\/media?parent=86"}],"curies":[{"name":"wp","href":"https:\/\/api.w.org\/{rel}","templated":true}]}}