{"id":2,"date":"2020-10-22T07:32:51","date_gmt":"2020-10-22T07:32:51","guid":{"rendered":"http:\/\/89.166.51.80\/~saarijarven\/hameenmaen-osakaskunta\/?page_id=2"},"modified":"2026-04-29T14:08:01","modified_gmt":"2026-04-29T14:08:01","slug":"etusivu","status":"publish","type":"page","link":"https:\/\/saarijarvenreitinkalatalousalue.fi\/pyhahakki\/","title":{"rendered":"Etusivu"},"content":{"rendered":"\n<h2 class=\"wp-block-heading\">Tervetuloa Pyh\u00e4h\u00e4kin osakaskunnan verkkosivuille<\/h2>\n\n\n\n<p><strong>Ajankohtaista<\/strong><\/p>\n\n\n\n<p><\/p>\n\n\n\n<p>2026:<\/p>\n\n\n\n<p>Pyh\u00e4h\u00e4kin osakaskunnan vuosikokous pidettiin su 26.4.2026 Peltokyl\u00e4n kyl\u00e4talolla.<\/p>\n\n\n\n<p>Kokouksessa k\u00e4siteltiin s\u00e4\u00e4nt\u00f6m\u00e4\u00e4r\u00e4iset, varsinaiselle kokoukselle kuuluvat sek\u00e4 muut osakaskunnan omistamia alueita koskevat asiat. Paikalla oli 27 osanottajaa.<\/p>\n\n\n\n<div style=\"height:29px\" aria-hidden=\"true\" class=\"wp-block-spacer\"><\/div>\n\n\n\n<p>T\u00e4rkeimm\u00e4t p\u00e4\u00e4t\u00f6kset:<\/p>\n\n\n\n<p><br>Peltojoen kunnostuksessa edet\u00e4\u00e4n hankesuunnitelman mukaan.<\/p>\n\n\n\n<p>Hyv\u00e4ksyttiin Pukkisaaren ymp\u00e4rist\u00f6tukihakemus ja&nbsp;Matinsaaren tontin vuokraus 30 vuodeksi.<\/p>\n\n\n\n<p>Poistettiin solmuv\u00e4lirajoitukset siian kutupyynniss\u00e4.<\/p>\n\n\n\n<p>Vesilintujen ruokinta kiellet\u00e4\u00e4n osakaskunnan omistamilla alueilla.<\/p>\n\n\n\n<p>Kehoitetaan kokemaan seisovat pyydykset riitt\u00e4v\u00e4n usein haittojen v\u00e4ltt\u00e4miseksi.<\/p>\n\n\n\n<p><\/p>\n\n\n\n<div style=\"height:33px\" aria-hidden=\"true\" class=\"wp-block-spacer\"><\/div>\n\n\n\n<p><strong>Peltojoen kunnostushanke<\/strong><\/p>\n\n\n\n<p><a href=\"https:\/\/saarijarvenreitinkalatalousalue.fi\/pyhahakki\/wp-content\/uploads\/sites\/49\/2026\/02\/Peltojoen-taydennyskunnostussuunnitelma-2025.pdf\" target=\"_blank\" rel=\"noreferrer noopener\">Peltojoen t\u00e4ydennyskunnostussuunnitelma<\/a><\/p>\n\n\n\n<p><a href=\"https:\/\/saarijarvenreitinkalatalousalue.fi\/pyhahakki\/wp-content\/uploads\/sites\/49\/2026\/04\/Peltojoen-kunnostus-muistio-1-2025.pdf\" target=\"_blank\" rel=\"noreferrer noopener\">T\u00e4ydennyskunnostussuunnittelun avauskokous<\/a><\/p>\n\n\n\n<p><\/p>\n","protected":false},"excerpt":{"rendered":"<p>Tervetuloa Pyh\u00e4h\u00e4kin osakaskunnan verkkosivuille <strong>Ajankohtaista<\/strong> 2026: Pyh\u00e4h\u00e4kin osakaskunnan vuosikokous pidettiin su 26.4.2026 Peltokyl\u00e4n kyl\u00e4talolla. Kokouksessa k\u00e4siteltiin s\u00e4\u00e4nt\u00f6m\u00e4\u00e4r\u00e4iset, varsinaiselle kokoukselle kuuluvat sek\u00e4 muut osakaskunnan omistamia alueita koskevat asiat. Paikalla oli 27 osanottajaa. T\u00e4rkeimm\u00e4t p\u00e4\u00e4t\u00f6kset: Peltojoen kunnostuksessa edet\u00e4\u00e4n hankesuunnitelman mukaan. Hyv\u00e4ksyttiin Pukkisaaren ymp\u00e4rist\u00f6tukihakemus ja&nbsp;Matinsaaren tontin vuokraus 30<\/p>\n<p><a class=\"moretag\" href=\"https:\/\/saarijarvenreitinkalatalousalue.fi\/pyhahakki\/\"> Lue lis\u00e4\u00e4 ><\/a><\/p>\n","protected":false},"author":1,"featured_media":0,"parent":0,"menu_order":0,"comment_status":"closed","ping_status":"open","template":"","meta":{"_acf_changed":false,"footnotes":""},"class_list":["post-2","page","type-page","status-publish","hentry"],"acf":[],"yoast_head":"<!-- This site is optimized with the Yoast SEO plugin v27.1.1 - https:\/\/yoast.com\/product\/yoast-seo-wordpress\/ -->\n<title>Etusivu - Pyh\u00e4h\u00e4kin kalastuskunta<\/title>\n<meta name=\"robots\" content=\"index, follow, max-snippet:-1, max-image-preview:large, max-video-preview:-1\" \/>\n<link rel=\"canonical\" href=\"https:\/\/saarijarvenreitinkalatalousalue.fi\/pyhahakki\/\" \/>\n<meta property=\"og:locale\" content=\"fi_FI\" \/>\n<meta property=\"og:type\" content=\"article\" \/>\n<meta property=\"og:title\" content=\"Etusivu - Pyh\u00e4h\u00e4kin kalastuskunta\" \/>\n<meta property=\"og:description\" content=\"Tervetuloa Pyh\u00e4h\u00e4kin osakaskunnan verkkosivuille Ajankohtaista 2026: Pyh\u00e4h\u00e4kin osakaskunnan vuosikokous pidettiin su 26.4.2026 Peltokyl\u00e4n kyl\u00e4talolla. Kokouksessa k\u00e4siteltiin s\u00e4\u00e4nt\u00f6m\u00e4\u00e4r\u00e4iset, varsinaiselle kokoukselle kuuluvat sek\u00e4 muut osakaskunnan omistamia alueita koskevat asiat. Paikalla oli 27 osanottajaa. T\u00e4rkeimm\u00e4t p\u00e4\u00e4t\u00f6kset: Peltojoen kunnostuksessa edet\u00e4\u00e4n hankesuunnitelman mukaan. Hyv\u00e4ksyttiin Pukkisaaren ymp\u00e4rist\u00f6tukihakemus ja&nbsp;Matinsaaren tontin vuokraus 30 Lue lis\u00e4\u00e4 &gt;\" \/>\n<meta property=\"og:url\" content=\"https:\/\/saarijarvenreitinkalatalousalue.fi\/pyhahakki\/\" \/>\n<meta property=\"og:site_name\" content=\"Pyh\u00e4h\u00e4kin kalastuskunta\" \/>\n<meta property=\"article:modified_time\" content=\"2026-04-29T14:08:01+00:00\" \/>\n<meta name=\"twitter:card\" content=\"summary_large_image\" \/>\n<meta name=\"twitter:label1\" content=\"Arvioitu lukuaika\" \/>\n\t<meta name=\"twitter:data1\" content=\"1 minuutti\" \/>\n<script type=\"application\/ld+json\" class=\"yoast-schema-graph\">{\"@context\":\"https:\/\/schema.org\",\"@graph\":[{\"@type\":\"WebPage\",\"@id\":\"https:\/\/saarijarvenreitinkalatalousalue.fi\/pyhahakki\/\",\"url\":\"https:\/\/saarijarvenreitinkalatalousalue.fi\/pyhahakki\/\",\"name\":\"Etusivu - Pyh\u00e4h\u00e4kin kalastuskunta\",\"isPartOf\":{\"@id\":\"https:\/\/saarijarvenreitinkalatalousalue.fi\/pyhahakki\/#website\"},\"datePublished\":\"2020-10-22T07:32:51+00:00\",\"dateModified\":\"2026-04-29T14:08:01+00:00\",\"breadcrumb\":{\"@id\":\"https:\/\/saarijarvenreitinkalatalousalue.fi\/pyhahakki\/#breadcrumb\"},\"inLanguage\":\"fi\",\"potentialAction\":[{\"@type\":\"ReadAction\",\"target\":[\"https:\/\/saarijarvenreitinkalatalousalue.fi\/pyhahakki\/\"]}]},{\"@type\":\"BreadcrumbList\",\"@id\":\"https:\/\/saarijarvenreitinkalatalousalue.fi\/pyhahakki\/#breadcrumb\",\"itemListElement\":[{\"@type\":\"ListItem\",\"position\":1,\"name\":\"Home\",\"item\":\"https:\/\/saarijarvenreitinkalatalousalue.fi\/pyhahakki\/\"},{\"@type\":\"ListItem\",\"position\":2,\"name\":\"Etusivu\"}]},{\"@type\":\"WebSite\",\"@id\":\"https:\/\/saarijarvenreitinkalatalousalue.fi\/pyhahakki\/#website\",\"url\":\"https:\/\/saarijarvenreitinkalatalousalue.fi\/pyhahakki\/\",\"name\":\"Pyh\u00e4h\u00e4kin kalastuskunta\",\"description\":\"\",\"potentialAction\":[{\"@type\":\"SearchAction\",\"target\":{\"@type\":\"EntryPoint\",\"urlTemplate\":\"https:\/\/saarijarvenreitinkalatalousalue.fi\/pyhahakki\/?s={search_term_string}\"},\"query-input\":{\"@type\":\"PropertyValueSpecification\",\"valueRequired\":true,\"valueName\":\"search_term_string\"}}],\"inLanguage\":\"fi\"}]}<\/script>\n<!-- \/ Yoast SEO plugin. -->","yoast_head_json":{"title":"Etusivu - Pyh\u00e4h\u00e4kin kalastuskunta","robots":{"index":"index","follow":"follow","max-snippet":"max-snippet:-1","max-image-preview":"max-image-preview:large","max-video-preview":"max-video-preview:-1"},"canonical":"https:\/\/saarijarvenreitinkalatalousalue.fi\/pyhahakki\/","og_locale":"fi_FI","og_type":"article","og_title":"Etusivu - Pyh\u00e4h\u00e4kin kalastuskunta","og_description":"Tervetuloa Pyh\u00e4h\u00e4kin osakaskunnan verkkosivuille Ajankohtaista 2026: Pyh\u00e4h\u00e4kin osakaskunnan vuosikokous pidettiin su 26.4.2026 Peltokyl\u00e4n kyl\u00e4talolla. Kokouksessa k\u00e4siteltiin s\u00e4\u00e4nt\u00f6m\u00e4\u00e4r\u00e4iset, varsinaiselle kokoukselle kuuluvat sek\u00e4 muut osakaskunnan omistamia alueita koskevat asiat. Paikalla oli 27 osanottajaa. T\u00e4rkeimm\u00e4t p\u00e4\u00e4t\u00f6kset: Peltojoen kunnostuksessa edet\u00e4\u00e4n hankesuunnitelman mukaan. Hyv\u00e4ksyttiin Pukkisaaren ymp\u00e4rist\u00f6tukihakemus ja&nbsp;Matinsaaren tontin vuokraus 30 Lue lis\u00e4\u00e4 >","og_url":"https:\/\/saarijarvenreitinkalatalousalue.fi\/pyhahakki\/","og_site_name":"Pyh\u00e4h\u00e4kin kalastuskunta","article_modified_time":"2026-04-29T14:08:01+00:00","twitter_card":"summary_large_image","twitter_misc":{"Arvioitu lukuaika":"1 minuutti"},"schema":{"@context":"https:\/\/schema.org","@graph":[{"@type":"WebPage","@id":"https:\/\/saarijarvenreitinkalatalousalue.fi\/pyhahakki\/","url":"https:\/\/saarijarvenreitinkalatalousalue.fi\/pyhahakki\/","name":"Etusivu - Pyh\u00e4h\u00e4kin kalastuskunta","isPartOf":{"@id":"https:\/\/saarijarvenreitinkalatalousalue.fi\/pyhahakki\/#website"},"datePublished":"2020-10-22T07:32:51+00:00","dateModified":"2026-04-29T14:08:01+00:00","breadcrumb":{"@id":"https:\/\/saarijarvenreitinkalatalousalue.fi\/pyhahakki\/#breadcrumb"},"inLanguage":"fi","potentialAction":[{"@type":"ReadAction","target":["https:\/\/saarijarvenreitinkalatalousalue.fi\/pyhahakki\/"]}]},{"@type":"BreadcrumbList","@id":"https:\/\/saarijarvenreitinkalatalousalue.fi\/pyhahakki\/#breadcrumb","itemListElement":[{"@type":"ListItem","position":1,"name":"Home","item":"https:\/\/saarijarvenreitinkalatalousalue.fi\/pyhahakki\/"},{"@type":"ListItem","position":2,"name":"Etusivu"}]},{"@type":"WebSite","@id":"https:\/\/saarijarvenreitinkalatalousalue.fi\/pyhahakki\/#website","url":"https:\/\/saarijarvenreitinkalatalousalue.fi\/pyhahakki\/","name":"Pyh\u00e4h\u00e4kin kalastuskunta","description":"","potentialAction":[{"@type":"SearchAction","target":{"@type":"EntryPoint","urlTemplate":"https:\/\/saarijarvenreitinkalatalousalue.fi\/pyhahakki\/?s={search_term_string}"},"query-input":{"@type":"PropertyValueSpecification","valueRequired":true,"valueName":"search_term_string"}}],"inLanguage":"fi"}]}},"_links":{"self":[{"href":"https:\/\/saarijarvenreitinkalatalousalue.fi\/pyhahakki\/wp-json\/wp\/v2\/pages\/2","targetHints":{"allow":["GET"]}}],"collection":[{"href":"https:\/\/saarijarvenreitinkalatalousalue.fi\/pyhahakki\/wp-json\/wp\/v2\/pages"}],"about":[{"href":"https:\/\/saarijarvenreitinkalatalousalue.fi\/pyhahakki\/wp-json\/wp\/v2\/types\/page"}],"author":[{"embeddable":true,"href":"https:\/\/saarijarvenreitinkalatalousalue.fi\/pyhahakki\/wp-json\/wp\/v2\/users\/1"}],"replies":[{"embeddable":true,"href":"https:\/\/saarijarvenreitinkalatalousalue.fi\/pyhahakki\/wp-json\/wp\/v2\/comments?post=2"}],"version-history":[{"count":74,"href":"https:\/\/saarijarvenreitinkalatalousalue.fi\/pyhahakki\/wp-json\/wp\/v2\/pages\/2\/revisions"}],"predecessor-version":[{"id":561,"href":"https:\/\/saarijarvenreitinkalatalousalue.fi\/pyhahakki\/wp-json\/wp\/v2\/pages\/2\/revisions\/561"}],"wp:attachment":[{"href":"https:\/\/saarijarvenreitinkalatalousalue.fi\/pyhahakki\/wp-json\/wp\/v2\/media?parent=2"}],"curies":[{"name":"wp","href":"https:\/\/api.w.org\/{rel}","templated":true}]}}