{"id":49,"date":"2020-10-29T09:51:51","date_gmt":"2020-10-29T09:51:51","guid":{"rendered":"http:\/\/89.166.51.80\/~saarijarven\/hameenmaen-osakaskunta\/?page_id=49"},"modified":"2024-04-14T15:15:36","modified_gmt":"2024-04-14T15:15:36","slug":"paatokset","status":"publish","type":"page","link":"https:\/\/saarijarvenreitinkalatalousalue.fi\/saaneskoski\/paatokset\/","title":{"rendered":"P\u00e4\u00e4t\u00f6kset"},"content":{"rendered":"\n<h2 class=\"wp-block-heading\">P\u00e4\u00e4t\u00f6kset<\/h2>\n\n\n\n<h3 class=\"wp-block-heading\">Kokousp\u00e4\u00e4t\u00f6kset<\/h3>\n\n\n\n<div class=\"wp-block-file\"><a id=\"wp-block-file--media-78b71ee0-8ffc-4932-ada0-a8565806a9c5\" href=\"http:\/\/89.166.51.80\/~saarijarven\/saaneskoski\/wp-content\/uploads\/sites\/51\/2021\/01\/0007_001.pdf\">Vuosikokous 2012<\/a><a href=\"http:\/\/89.166.51.80\/~saarijarven\/saaneskoski\/wp-content\/uploads\/sites\/51\/2021\/01\/0007_001.pdf\" class=\"wp-block-file__button wp-element-button\" download aria-describedby=\"wp-block-file--media-78b71ee0-8ffc-4932-ada0-a8565806a9c5\">Lataa<\/a><\/div>\n\n\n\n<p><a href=\"https:\/\/saarijarvenreitinkalatalousalue.fi\/saaneskoski\/wp-content\/uploads\/sites\/51\/2024\/04\/S-Aanekosken-Osakaskunta-Vuosikokous-2024-1.pdf\">Vuosikokous 2024<\/a><\/p>\n\n\n\n<p><a href=\"https:\/\/saarijarvenreitinkalatalousalue.fi\/saaneskoski\/wp-content\/uploads\/sites\/51\/2024\/04\/S-Aanekosken-Osakaskunta-Hoitokunnan-jarjestaytymiskokous-2024.pdf\">Hoitokunnan j\u00e4rjest\u00e4ytymiskokous 2024<\/a><\/p>\n\n\n\n<p><a href=\"https:\/\/saarijarvenreitinkalatalousalue.fi\/saaneskoski\/wp-content\/uploads\/sites\/51\/2023\/05\/Vuosikokous-2023-poytakirja.pdf\">Vuosikokous 2023<\/a> <\/p>\n\n\n\n<p><a href=\"https:\/\/saarijarvenreitinkalatalousalue.fi\/saaneskoski\/wp-content\/uploads\/sites\/51\/2023\/05\/Hoitokunnan-jarjestaytymiskokous-2023.docx-allekirjoitukset.pdf\">Hoitokunnan j\u00e4rjest\u00e4ytymiskokous 2023<\/a><\/p>\n\n\n\n<p><a href=\"https:\/\/saarijarvenreitinkalatalousalue.fi\/saaneskoski\/wp-content\/uploads\/sites\/51\/2023\/05\/Suostumus-Kaislanranta8924.pdf\">Suostumus maal\u00e4mm\u00f6n keruupiirin asentamiseen 2023 &#8211; Kaislanranta<\/a><\/p>\n","protected":false},"excerpt":{"rendered":"<p>P\u00e4\u00e4t\u00f6kset Kokousp\u00e4\u00e4t\u00f6kset <a id=\"wp-block-file--media-78b71ee0-8ffc-4932-ada0-a8565806a9c5\" href=\"http:\/\/89.166.51.80\/~saarijarven\/saaneskoski\/wp-content\/uploads\/sites\/51\/2021\/01\/0007_001.pdf\">Vuosikokous 2012<\/a><a href=\"http:\/\/89.166.51.80\/~saarijarven\/saaneskoski\/wp-content\/uploads\/sites\/51\/2021\/01\/0007_001.pdf\" class=\"wp-block-file__button wp-element-button\" download aria-describedby=\"wp-block-file--media-78b71ee0-8ffc-4932-ada0-a8565806a9c5\">Lataa<\/a> <a href=\"https:\/\/saarijarvenreitinkalatalousalue.fi\/saaneskoski\/wp-content\/uploads\/sites\/51\/2024\/04\/S-Aanekosken-Osakaskunta-Vuosikokous-2024-1.pdf\">Vuosikokous 2024<\/a> <a href=\"https:\/\/saarijarvenreitinkalatalousalue.fi\/saaneskoski\/wp-content\/uploads\/sites\/51\/2024\/04\/S-Aanekosken-Osakaskunta-Hoitokunnan-jarjestaytymiskokous-2024.pdf\">Hoitokunnan j\u00e4rjest\u00e4ytymiskokous 2024<\/a> <a href=\"https:\/\/saarijarvenreitinkalatalousalue.fi\/saaneskoski\/wp-content\/uploads\/sites\/51\/2023\/05\/Vuosikokous-2023-poytakirja.pdf\">Vuosikokous 2023<\/a> <a href=\"https:\/\/saarijarvenreitinkalatalousalue.fi\/saaneskoski\/wp-content\/uploads\/sites\/51\/2023\/05\/Hoitokunnan-jarjestaytymiskokous-2023.docx-allekirjoitukset.pdf\">Hoitokunnan j\u00e4rjest\u00e4ytymiskokous 2023<\/a> <a href=\"https:\/\/saarijarvenreitinkalatalousalue.fi\/saaneskoski\/wp-content\/uploads\/sites\/51\/2023\/05\/Suostumus-Kaislanranta8924.pdf\">Suostumus maal\u00e4mm\u00f6n keruupiirin asentamiseen 2023 &#8211; Kaislanranta<\/a><\/p>\n","protected":false},"author":1,"featured_media":0,"parent":0,"menu_order":0,"comment_status":"closed","ping_status":"closed","template":"basic-sivu.php","meta":{"_acf_changed":false,"footnotes":""},"class_list":["post-49","page","type-page","status-publish","hentry"],"acf":[],"yoast_head":"<!-- This site is optimized with the Yoast SEO plugin v27.1.1 - https:\/\/yoast.com\/product\/yoast-seo-wordpress\/ -->\n<title>P\u00e4\u00e4t\u00f6kset - S. \u00c4\u00e4nekosken osakaskunta<\/title>\n<meta name=\"robots\" content=\"index, follow, max-snippet:-1, max-image-preview:large, max-video-preview:-1\" \/>\n<link rel=\"canonical\" href=\"https:\/\/saarijarvenreitinkalatalousalue.fi\/saaneskoski\/paatokset\/\" \/>\n<meta property=\"og:locale\" content=\"fi_FI\" \/>\n<meta property=\"og:type\" content=\"article\" \/>\n<meta property=\"og:title\" content=\"P\u00e4\u00e4t\u00f6kset - S. \u00c4\u00e4nekosken osakaskunta\" \/>\n<meta property=\"og:description\" content=\"P\u00e4\u00e4t\u00f6kset Kokousp\u00e4\u00e4t\u00f6kset Vuosikokous 2012Lataa Vuosikokous 2024 Hoitokunnan j\u00e4rjest\u00e4ytymiskokous 2024 Vuosikokous 2023 Hoitokunnan j\u00e4rjest\u00e4ytymiskokous 2023 Suostumus maal\u00e4mm\u00f6n keruupiirin asentamiseen 2023 &#8211; Kaislanranta\" \/>\n<meta property=\"og:url\" content=\"https:\/\/saarijarvenreitinkalatalousalue.fi\/saaneskoski\/paatokset\/\" \/>\n<meta property=\"og:site_name\" content=\"S. \u00c4\u00e4nekosken osakaskunta\" \/>\n<meta property=\"article:modified_time\" content=\"2024-04-14T15:15:36+00:00\" \/>\n<meta name=\"twitter:card\" content=\"summary_large_image\" \/>\n<meta name=\"twitter:label1\" content=\"Arvioitu lukuaika\" \/>\n\t<meta name=\"twitter:data1\" content=\"1 minuutti\" \/>\n<script type=\"application\/ld+json\" class=\"yoast-schema-graph\">{\"@context\":\"https:\/\/schema.org\",\"@graph\":[{\"@type\":\"WebPage\",\"@id\":\"https:\/\/saarijarvenreitinkalatalousalue.fi\/saaneskoski\/paatokset\/\",\"url\":\"https:\/\/saarijarvenreitinkalatalousalue.fi\/saaneskoski\/paatokset\/\",\"name\":\"P\u00e4\u00e4t\u00f6kset - S. \u00c4\u00e4nekosken osakaskunta\",\"isPartOf\":{\"@id\":\"https:\/\/saarijarvenreitinkalatalousalue.fi\/saaneskoski\/#website\"},\"datePublished\":\"2020-10-29T09:51:51+00:00\",\"dateModified\":\"2024-04-14T15:15:36+00:00\",\"breadcrumb\":{\"@id\":\"https:\/\/saarijarvenreitinkalatalousalue.fi\/saaneskoski\/paatokset\/#breadcrumb\"},\"inLanguage\":\"fi\",\"potentialAction\":[{\"@type\":\"ReadAction\",\"target\":[\"https:\/\/saarijarvenreitinkalatalousalue.fi\/saaneskoski\/paatokset\/\"]}]},{\"@type\":\"BreadcrumbList\",\"@id\":\"https:\/\/saarijarvenreitinkalatalousalue.fi\/saaneskoski\/paatokset\/#breadcrumb\",\"itemListElement\":[{\"@type\":\"ListItem\",\"position\":1,\"name\":\"Home\",\"item\":\"https:\/\/saarijarvenreitinkalatalousalue.fi\/saaneskoski\/\"},{\"@type\":\"ListItem\",\"position\":2,\"name\":\"P\u00e4\u00e4t\u00f6kset\"}]},{\"@type\":\"WebSite\",\"@id\":\"https:\/\/saarijarvenreitinkalatalousalue.fi\/saaneskoski\/#website\",\"url\":\"https:\/\/saarijarvenreitinkalatalousalue.fi\/saaneskoski\/\",\"name\":\"S. \u00c4\u00e4nekosken osakaskunta\",\"description\":\"\",\"potentialAction\":[{\"@type\":\"SearchAction\",\"target\":{\"@type\":\"EntryPoint\",\"urlTemplate\":\"https:\/\/saarijarvenreitinkalatalousalue.fi\/saaneskoski\/?s={search_term_string}\"},\"query-input\":{\"@type\":\"PropertyValueSpecification\",\"valueRequired\":true,\"valueName\":\"search_term_string\"}}],\"inLanguage\":\"fi\"}]}<\/script>\n<!-- \/ Yoast SEO plugin. -->","yoast_head_json":{"title":"P\u00e4\u00e4t\u00f6kset - S. \u00c4\u00e4nekosken osakaskunta","robots":{"index":"index","follow":"follow","max-snippet":"max-snippet:-1","max-image-preview":"max-image-preview:large","max-video-preview":"max-video-preview:-1"},"canonical":"https:\/\/saarijarvenreitinkalatalousalue.fi\/saaneskoski\/paatokset\/","og_locale":"fi_FI","og_type":"article","og_title":"P\u00e4\u00e4t\u00f6kset - S. \u00c4\u00e4nekosken osakaskunta","og_description":"P\u00e4\u00e4t\u00f6kset Kokousp\u00e4\u00e4t\u00f6kset Vuosikokous 2012Lataa Vuosikokous 2024 Hoitokunnan j\u00e4rjest\u00e4ytymiskokous 2024 Vuosikokous 2023 Hoitokunnan j\u00e4rjest\u00e4ytymiskokous 2023 Suostumus maal\u00e4mm\u00f6n keruupiirin asentamiseen 2023 &#8211; Kaislanranta","og_url":"https:\/\/saarijarvenreitinkalatalousalue.fi\/saaneskoski\/paatokset\/","og_site_name":"S. \u00c4\u00e4nekosken osakaskunta","article_modified_time":"2024-04-14T15:15:36+00:00","twitter_card":"summary_large_image","twitter_misc":{"Arvioitu lukuaika":"1 minuutti"},"schema":{"@context":"https:\/\/schema.org","@graph":[{"@type":"WebPage","@id":"https:\/\/saarijarvenreitinkalatalousalue.fi\/saaneskoski\/paatokset\/","url":"https:\/\/saarijarvenreitinkalatalousalue.fi\/saaneskoski\/paatokset\/","name":"P\u00e4\u00e4t\u00f6kset - S. \u00c4\u00e4nekosken osakaskunta","isPartOf":{"@id":"https:\/\/saarijarvenreitinkalatalousalue.fi\/saaneskoski\/#website"},"datePublished":"2020-10-29T09:51:51+00:00","dateModified":"2024-04-14T15:15:36+00:00","breadcrumb":{"@id":"https:\/\/saarijarvenreitinkalatalousalue.fi\/saaneskoski\/paatokset\/#breadcrumb"},"inLanguage":"fi","potentialAction":[{"@type":"ReadAction","target":["https:\/\/saarijarvenreitinkalatalousalue.fi\/saaneskoski\/paatokset\/"]}]},{"@type":"BreadcrumbList","@id":"https:\/\/saarijarvenreitinkalatalousalue.fi\/saaneskoski\/paatokset\/#breadcrumb","itemListElement":[{"@type":"ListItem","position":1,"name":"Home","item":"https:\/\/saarijarvenreitinkalatalousalue.fi\/saaneskoski\/"},{"@type":"ListItem","position":2,"name":"P\u00e4\u00e4t\u00f6kset"}]},{"@type":"WebSite","@id":"https:\/\/saarijarvenreitinkalatalousalue.fi\/saaneskoski\/#website","url":"https:\/\/saarijarvenreitinkalatalousalue.fi\/saaneskoski\/","name":"S. \u00c4\u00e4nekosken osakaskunta","description":"","potentialAction":[{"@type":"SearchAction","target":{"@type":"EntryPoint","urlTemplate":"https:\/\/saarijarvenreitinkalatalousalue.fi\/saaneskoski\/?s={search_term_string}"},"query-input":{"@type":"PropertyValueSpecification","valueRequired":true,"valueName":"search_term_string"}}],"inLanguage":"fi"}]}},"_links":{"self":[{"href":"https:\/\/saarijarvenreitinkalatalousalue.fi\/saaneskoski\/wp-json\/wp\/v2\/pages\/49","targetHints":{"allow":["GET"]}}],"collection":[{"href":"https:\/\/saarijarvenreitinkalatalousalue.fi\/saaneskoski\/wp-json\/wp\/v2\/pages"}],"about":[{"href":"https:\/\/saarijarvenreitinkalatalousalue.fi\/saaneskoski\/wp-json\/wp\/v2\/types\/page"}],"author":[{"embeddable":true,"href":"https:\/\/saarijarvenreitinkalatalousalue.fi\/saaneskoski\/wp-json\/wp\/v2\/users\/1"}],"replies":[{"embeddable":true,"href":"https:\/\/saarijarvenreitinkalatalousalue.fi\/saaneskoski\/wp-json\/wp\/v2\/comments?post=49"}],"version-history":[{"count":11,"href":"https:\/\/saarijarvenreitinkalatalousalue.fi\/saaneskoski\/wp-json\/wp\/v2\/pages\/49\/revisions"}],"predecessor-version":[{"id":269,"href":"https:\/\/saarijarvenreitinkalatalousalue.fi\/saaneskoski\/wp-json\/wp\/v2\/pages\/49\/revisions\/269"}],"wp:attachment":[{"href":"https:\/\/saarijarvenreitinkalatalousalue.fi\/saaneskoski\/wp-json\/wp\/v2\/media?parent=49"}],"curies":[{"name":"wp","href":"https:\/\/api.w.org\/{rel}","templated":true}]}}