{"id":86,"date":"2020-10-29T11:39:36","date_gmt":"2020-10-29T11:39:36","guid":{"rendered":"http:\/\/89.166.51.80\/~saarijarven\/hameenmaen-osakaskunta\/?page_id=86"},"modified":"2023-05-27T10:14:34","modified_gmt":"2023-05-27T10:14:34","slug":"lupamaksut-ja-ohjeet","status":"publish","type":"page","link":"https:\/\/saarijarvenreitinkalatalousalue.fi\/saaneskoski\/luvat\/lupamaksut-ja-ohjeet\/","title":{"rendered":"Lupamaksut ja ohjeet"},"content":{"rendered":"\n<h2 class=\"wp-block-heading\">Lupamaksut ja ohjeet<\/h2>\n\n\n\n<p><strong>Pyynti- ja pyydysrajoitukset 2023<\/strong><\/p>\n\n\n\n<ul class=\"wp-block-list\">\n<li>Verkkomerkkej\u00e4 myy Urheilutarvike Niskanen Oy vain osakkaille.<\/li>\n<\/ul>\n\n\n\n<ul class=\"wp-block-list\">\n<li>Verkon polat on pantava jatan kumpaankin p\u00e4\u00e4h\u00e4n, pyydysmerkit sel\u00e4n puolelle.<\/li>\n<\/ul>\n\n\n\n<p><strong>Peritt\u00e4v\u00e4t maksut vuodelle 2023<\/strong><\/p>\n\n\n\n<ul class=\"wp-block-list\">\n<li>Verkkomerkki 5 \u20ac\/kpl enint\u00e4\u00e4n 10 kpl\/osakas, rys\u00e4: yksi verkkomerkki.<\/li>\n<\/ul>\n\n\n\n<ul class=\"wp-block-list\">\n<li>Nuotta\/osakas, 50 \u20ac\/kausi.<\/li>\n<\/ul>\n\n\n\n<ul class=\"wp-block-list\">\n<li>Osakkailta ei perit\u00e4 katiska-, koukku-, pitk\u00e4siima- (100 koukkua), uistin- eik\u00e4 virvelimaksuja. T\u00e4kykoukkuja 10 kpl\/osakas (nimi keppiin).<\/li>\n<\/ul>\n\n\n\n<ul class=\"wp-block-list\">\n<li>Virkistyskalastuslupia ulkopuolisille myy Urheilutarvike Niskanen 10 \u20ac\/kpl, 2 vapaa\/vene.<\/li>\n<\/ul>\n\n\n\n<ul class=\"wp-block-list\">\n<li>Osakas lunastaa vierailleen vierasluvan, jos he uistelevat itsen\u00e4isesti 10 \u20ac\/kpl, 2 vapaa\/vene.<\/li>\n<\/ul>\n\n\n\n<ul class=\"wp-block-list\">\n<li>Pyydysmerkkej\u00e4 myyd\u00e4\u00e4n vain ruokakuntakohtaisesti.<\/li>\n<\/ul>\n\n\n\n<ul class=\"wp-block-list\">\n<li>Pyydysten merkint\u00e4 kalastusasetuksen mukaisesti!<\/li>\n<\/ul>\n\n\n\n<figure class=\"wp-block-embed\"><div class=\"wp-block-embed__wrapper\">\nhttp:\/\/www.kskalatalouskeskus.fi\/kskalatalouskeskus\/uploads\/Hataesite_v1.pdf\n<\/div><\/figure>\n\n\n\n<p><strong>Rajoitukset 2023<\/strong><\/p>\n\n\n\n<ul class=\"wp-block-list\">\n<li>Verkon suurin sallittu korkeus on 5 m, pituus 30 m = 1 merkki, muikkuverkko 6 m korkea, pituus 30 m=1 merkki. Kalastusalueen p\u00e4\u00e4t\u00f6s: yli 10 m syvyisiss\u00e4 vesiss\u00e4 verkon solmuv\u00e4li on olatva v\u00e4hint\u00e4\u00e4n 55 mm, poislukien muikkuverkko.<\/li>\n<\/ul>\n\n\n\n<ul class=\"wp-block-list\">\n<li>1.6.2006 alkaen alamitat: kuha 45 cm, taimen (rasvaev\u00e4 leikattu) 60 cm ja j\u00e4rvilohi 60 cm. Virtaavissa vesiss\u00e4 taimenen alamitta 45 cm. Rasvaev\u00e4llinen taimen kokonaan rauhoitettu. <\/li>\n<\/ul>\n\n\n\n<ul class=\"wp-block-list\">\n<li>Ahvenlammissa sallitaan verkkokalastus kahdella verkolla.<\/li>\n<\/ul>\n\n\n\n<ul class=\"wp-block-list\">\n<li>Ilman pyydyst\u00e4 paikallaan olevien kiintopolien\/-merkkien k\u00e4ytt\u00f6 kielletty kes\u00e4- ja talvikalastuksessa.<\/li>\n<\/ul>\n\n\n\n<ul class=\"wp-block-list\">\n<li>Vesilintujen mets\u00e4stys on sallittu osakkaille muualla, paitsi rauhoitusalueilla. Rauhoitusalueet ovat Ahvenlampi, Kaukuulampi, Pudasj\u00e4rvi kokonaan, Kiimasj\u00e4rvess\u00e4 Pajulahti ja Myllylahti, Pyh\u00e4j\u00e4rvess\u00e4 Kaunistonniemest\u00e4 suora linja Aittoniemi-Susiluodon kivikon etel\u00e4puoli. Piisaminpyynti on sallittu ML:n puitteissa. Verkkomerkkien voimassaoloaika on kalenterivuosi.<\/li>\n<\/ul>\n","protected":false},"excerpt":{"rendered":"<p>Lupamaksut ja ohjeet <strong>Pyynti- ja pyydysrajoitukset 2023<\/strong> Verkkomerkkej\u00e4 myy Urheilutarvike Niskanen Oy vain osakkaille. Verkon polat on pantava jatan kumpaankin p\u00e4\u00e4h\u00e4n, pyydysmerkit sel\u00e4n puolelle. <strong>Peritt\u00e4v\u00e4t maksut vuodelle 2023<\/strong> Verkkomerkki 5 \u20ac\/kpl enint\u00e4\u00e4n 10 kpl\/osakas, rys\u00e4: yksi verkkomerkki. Nuotta\/osakas, 50 \u20ac\/kausi. Osakkailta ei perit\u00e4 katiska-, koukku-,<\/p>\n<p><a class=\"moretag\" href=\"https:\/\/saarijarvenreitinkalatalousalue.fi\/saaneskoski\/luvat\/lupamaksut-ja-ohjeet\/\"> Lue lis\u00e4\u00e4 ><\/a><\/p>\n","protected":false},"author":1,"featured_media":0,"parent":45,"menu_order":0,"comment_status":"closed","ping_status":"closed","template":"basic-sivu.php","meta":{"_acf_changed":false,"footnotes":""},"class_list":["post-86","page","type-page","status-publish","hentry"],"acf":[],"yoast_head":"<!-- This site is optimized with the Yoast SEO plugin v27.1.1 - https:\/\/yoast.com\/product\/yoast-seo-wordpress\/ -->\n<title>Lupamaksut ja ohjeet - S. \u00c4\u00e4nekosken osakaskunta<\/title>\n<meta name=\"robots\" content=\"index, follow, max-snippet:-1, max-image-preview:large, max-video-preview:-1\" \/>\n<link rel=\"canonical\" href=\"https:\/\/saarijarvenreitinkalatalousalue.fi\/saaneskoski\/luvat\/lupamaksut-ja-ohjeet\/\" \/>\n<meta property=\"og:locale\" content=\"fi_FI\" \/>\n<meta property=\"og:type\" content=\"article\" \/>\n<meta property=\"og:title\" content=\"Lupamaksut ja ohjeet - S. \u00c4\u00e4nekosken osakaskunta\" \/>\n<meta property=\"og:description\" content=\"Lupamaksut ja ohjeet Pyynti- ja pyydysrajoitukset 2023 Verkkomerkkej\u00e4 myy Urheilutarvike Niskanen Oy vain osakkaille. Verkon polat on pantava jatan kumpaankin p\u00e4\u00e4h\u00e4n, pyydysmerkit sel\u00e4n puolelle. Peritt\u00e4v\u00e4t maksut vuodelle 2023 Verkkomerkki 5 \u20ac\/kpl enint\u00e4\u00e4n 10 kpl\/osakas, rys\u00e4: yksi verkkomerkki. Nuotta\/osakas, 50 \u20ac\/kausi. Osakkailta ei perit\u00e4 katiska-, koukku-, Lue lis\u00e4\u00e4 &gt;\" \/>\n<meta property=\"og:url\" content=\"https:\/\/saarijarvenreitinkalatalousalue.fi\/saaneskoski\/luvat\/lupamaksut-ja-ohjeet\/\" \/>\n<meta property=\"og:site_name\" content=\"S. \u00c4\u00e4nekosken osakaskunta\" \/>\n<meta property=\"article:modified_time\" content=\"2023-05-27T10:14:34+00:00\" \/>\n<meta name=\"twitter:card\" content=\"summary_large_image\" \/>\n<meta name=\"twitter:label1\" content=\"Arvioitu lukuaika\" \/>\n\t<meta name=\"twitter:data1\" content=\"2 minuuttia\" \/>\n<script type=\"application\/ld+json\" class=\"yoast-schema-graph\">{\"@context\":\"https:\/\/schema.org\",\"@graph\":[{\"@type\":\"WebPage\",\"@id\":\"https:\/\/saarijarvenreitinkalatalousalue.fi\/saaneskoski\/luvat\/lupamaksut-ja-ohjeet\/\",\"url\":\"https:\/\/saarijarvenreitinkalatalousalue.fi\/saaneskoski\/luvat\/lupamaksut-ja-ohjeet\/\",\"name\":\"Lupamaksut ja ohjeet - S. \u00c4\u00e4nekosken osakaskunta\",\"isPartOf\":{\"@id\":\"https:\/\/saarijarvenreitinkalatalousalue.fi\/saaneskoski\/#website\"},\"datePublished\":\"2020-10-29T11:39:36+00:00\",\"dateModified\":\"2023-05-27T10:14:34+00:00\",\"breadcrumb\":{\"@id\":\"https:\/\/saarijarvenreitinkalatalousalue.fi\/saaneskoski\/luvat\/lupamaksut-ja-ohjeet\/#breadcrumb\"},\"inLanguage\":\"fi\",\"potentialAction\":[{\"@type\":\"ReadAction\",\"target\":[\"https:\/\/saarijarvenreitinkalatalousalue.fi\/saaneskoski\/luvat\/lupamaksut-ja-ohjeet\/\"]}]},{\"@type\":\"BreadcrumbList\",\"@id\":\"https:\/\/saarijarvenreitinkalatalousalue.fi\/saaneskoski\/luvat\/lupamaksut-ja-ohjeet\/#breadcrumb\",\"itemListElement\":[{\"@type\":\"ListItem\",\"position\":1,\"name\":\"Home\",\"item\":\"https:\/\/saarijarvenreitinkalatalousalue.fi\/saaneskoski\/\"},{\"@type\":\"ListItem\",\"position\":2,\"name\":\"Yksityinen: Luvat\",\"item\":\"https:\/\/saarijarvenreitinkalatalousalue.fi\/saaneskoski\/?page_id=45\"},{\"@type\":\"ListItem\",\"position\":3,\"name\":\"Lupamaksut ja ohjeet\"}]},{\"@type\":\"WebSite\",\"@id\":\"https:\/\/saarijarvenreitinkalatalousalue.fi\/saaneskoski\/#website\",\"url\":\"https:\/\/saarijarvenreitinkalatalousalue.fi\/saaneskoski\/\",\"name\":\"S. \u00c4\u00e4nekosken osakaskunta\",\"description\":\"\",\"potentialAction\":[{\"@type\":\"SearchAction\",\"target\":{\"@type\":\"EntryPoint\",\"urlTemplate\":\"https:\/\/saarijarvenreitinkalatalousalue.fi\/saaneskoski\/?s={search_term_string}\"},\"query-input\":{\"@type\":\"PropertyValueSpecification\",\"valueRequired\":true,\"valueName\":\"search_term_string\"}}],\"inLanguage\":\"fi\"}]}<\/script>\n<!-- \/ Yoast SEO plugin. -->","yoast_head_json":{"title":"Lupamaksut ja ohjeet - S. \u00c4\u00e4nekosken osakaskunta","robots":{"index":"index","follow":"follow","max-snippet":"max-snippet:-1","max-image-preview":"max-image-preview:large","max-video-preview":"max-video-preview:-1"},"canonical":"https:\/\/saarijarvenreitinkalatalousalue.fi\/saaneskoski\/luvat\/lupamaksut-ja-ohjeet\/","og_locale":"fi_FI","og_type":"article","og_title":"Lupamaksut ja ohjeet - S. \u00c4\u00e4nekosken osakaskunta","og_description":"Lupamaksut ja ohjeet Pyynti- ja pyydysrajoitukset 2023 Verkkomerkkej\u00e4 myy Urheilutarvike Niskanen Oy vain osakkaille. Verkon polat on pantava jatan kumpaankin p\u00e4\u00e4h\u00e4n, pyydysmerkit sel\u00e4n puolelle. Peritt\u00e4v\u00e4t maksut vuodelle 2023 Verkkomerkki 5 \u20ac\/kpl enint\u00e4\u00e4n 10 kpl\/osakas, rys\u00e4: yksi verkkomerkki. Nuotta\/osakas, 50 \u20ac\/kausi. Osakkailta ei perit\u00e4 katiska-, koukku-, Lue lis\u00e4\u00e4 >","og_url":"https:\/\/saarijarvenreitinkalatalousalue.fi\/saaneskoski\/luvat\/lupamaksut-ja-ohjeet\/","og_site_name":"S. \u00c4\u00e4nekosken osakaskunta","article_modified_time":"2023-05-27T10:14:34+00:00","twitter_card":"summary_large_image","twitter_misc":{"Arvioitu lukuaika":"2 minuuttia"},"schema":{"@context":"https:\/\/schema.org","@graph":[{"@type":"WebPage","@id":"https:\/\/saarijarvenreitinkalatalousalue.fi\/saaneskoski\/luvat\/lupamaksut-ja-ohjeet\/","url":"https:\/\/saarijarvenreitinkalatalousalue.fi\/saaneskoski\/luvat\/lupamaksut-ja-ohjeet\/","name":"Lupamaksut ja ohjeet - S. \u00c4\u00e4nekosken osakaskunta","isPartOf":{"@id":"https:\/\/saarijarvenreitinkalatalousalue.fi\/saaneskoski\/#website"},"datePublished":"2020-10-29T11:39:36+00:00","dateModified":"2023-05-27T10:14:34+00:00","breadcrumb":{"@id":"https:\/\/saarijarvenreitinkalatalousalue.fi\/saaneskoski\/luvat\/lupamaksut-ja-ohjeet\/#breadcrumb"},"inLanguage":"fi","potentialAction":[{"@type":"ReadAction","target":["https:\/\/saarijarvenreitinkalatalousalue.fi\/saaneskoski\/luvat\/lupamaksut-ja-ohjeet\/"]}]},{"@type":"BreadcrumbList","@id":"https:\/\/saarijarvenreitinkalatalousalue.fi\/saaneskoski\/luvat\/lupamaksut-ja-ohjeet\/#breadcrumb","itemListElement":[{"@type":"ListItem","position":1,"name":"Home","item":"https:\/\/saarijarvenreitinkalatalousalue.fi\/saaneskoski\/"},{"@type":"ListItem","position":2,"name":"Yksityinen: Luvat","item":"https:\/\/saarijarvenreitinkalatalousalue.fi\/saaneskoski\/?page_id=45"},{"@type":"ListItem","position":3,"name":"Lupamaksut ja ohjeet"}]},{"@type":"WebSite","@id":"https:\/\/saarijarvenreitinkalatalousalue.fi\/saaneskoski\/#website","url":"https:\/\/saarijarvenreitinkalatalousalue.fi\/saaneskoski\/","name":"S. \u00c4\u00e4nekosken osakaskunta","description":"","potentialAction":[{"@type":"SearchAction","target":{"@type":"EntryPoint","urlTemplate":"https:\/\/saarijarvenreitinkalatalousalue.fi\/saaneskoski\/?s={search_term_string}"},"query-input":{"@type":"PropertyValueSpecification","valueRequired":true,"valueName":"search_term_string"}}],"inLanguage":"fi"}]}},"_links":{"self":[{"href":"https:\/\/saarijarvenreitinkalatalousalue.fi\/saaneskoski\/wp-json\/wp\/v2\/pages\/86","targetHints":{"allow":["GET"]}}],"collection":[{"href":"https:\/\/saarijarvenreitinkalatalousalue.fi\/saaneskoski\/wp-json\/wp\/v2\/pages"}],"about":[{"href":"https:\/\/saarijarvenreitinkalatalousalue.fi\/saaneskoski\/wp-json\/wp\/v2\/types\/page"}],"author":[{"embeddable":true,"href":"https:\/\/saarijarvenreitinkalatalousalue.fi\/saaneskoski\/wp-json\/wp\/v2\/users\/1"}],"replies":[{"embeddable":true,"href":"https:\/\/saarijarvenreitinkalatalousalue.fi\/saaneskoski\/wp-json\/wp\/v2\/comments?post=86"}],"version-history":[{"count":9,"href":"https:\/\/saarijarvenreitinkalatalousalue.fi\/saaneskoski\/wp-json\/wp\/v2\/pages\/86\/revisions"}],"predecessor-version":[{"id":252,"href":"https:\/\/saarijarvenreitinkalatalousalue.fi\/saaneskoski\/wp-json\/wp\/v2\/pages\/86\/revisions\/252"}],"up":[{"embeddable":true,"href":"https:\/\/saarijarvenreitinkalatalousalue.fi\/saaneskoski\/wp-json\/wp\/v2\/pages\/45"}],"wp:attachment":[{"href":"https:\/\/saarijarvenreitinkalatalousalue.fi\/saaneskoski\/wp-json\/wp\/v2\/media?parent=86"}],"curies":[{"name":"wp","href":"https:\/\/api.w.org\/{rel}","templated":true}]}}